{"id":31058,"date":"2025-09-26T23:05:20","date_gmt":"2025-09-26T23:05:20","guid":{"rendered":"https:\/\/as-schwabe.de\/produkt\/gniazdo-stale-cee-400-v-32-a-6h-szaro-czerwone-60432\/"},"modified":"2025-10-23T00:16:21","modified_gmt":"2025-10-23T00:16:21","slug":"gniazdo-stale-cee-400-v-32-a-6h-szaro-czerwone-60432","status":"publish","type":"product","link":"https:\/\/as-schwabe.de\/pl\/produkt\/gniazdo-stale-cee-400-v-32-a-6h-szaro-czerwone-60432\/","title":{"rendered":"Gniazdo sta\u0142e CEE 400 V, 32 A, 5P 6h, SZA-CZE IP44 | 60432"},"content":{"rendered":"<p>Gniazdo sta\u0142e CEE 400 V, 32 A, 5P 6h w kolorze szaro-czerwonym to niezawodne rozwi\u0105zanie przeznaczone do u\u017cytku na zewn\u0105trz oraz w trudnych warunkach budowlanych. Oferuje \u0142atwe i bezpieczne pod\u0142\u0105czenie urz\u0105dze\u0144 elektrycznych dzi\u0119ki zaciskom \u015brubowym przystosowanym do przewod\u00f3w o maksymalnym przekroju 6 mm\u00b2. Klasa szczelno\u015bci IP44 zapewnia ochron\u0119 przed cia\u0142ami sta\u0142ymi o \u015brednicy powy\u017cej 1 mm oraz zachlapaniami, co czyni gniazdo idealnym do pracy w zmiennych warunkach atmosferycznych. Jego solidna konstrukcja oraz wysoka jako\u015b\u0107 materia\u0142\u00f3w pozwalaj\u0105 na d\u0142ugotrwa\u0142e u\u017cytkowanie, co zwi\u0119ksza efektywno\u015b\u0107 i bezpiecze\u0144stwo na placu budowy. Gniazdo to stanowi doskona\u0142y wyb\u00f3r dla profesjonalist\u00f3w ceni\u0105cych sobie trwa\u0142o\u015b\u0107 i funkcjonalno\u015b\u0107 w codziennej pracy.<\/p>","protected":false},"excerpt":{"rendered":"<div class=\"icons\" style=\"display: flex; flex-wrap: wrap; gap: 5px; align-items: center; margin-top: 10px;\"><img decoding=\"async\" src=\"https:\/\/as-schwabe.de\/wp-content\/uploads\/ikony\/znak_CE.png\" alt=\"\" width=\"50\" height=\"50\" \/><img decoding=\"async\" src=\"https:\/\/as-schwabe.de\/wp-content\/uploads\/ikony\/znak_IP44.png\" alt=\"\" width=\"50\" height=\"50\" \/><img decoding=\"async\" src=\"https:\/\/as-schwabe.de\/wp-content\/uploads\/ikony\/znak_PB.png\" alt=\"\" width=\"50\" height=\"50\" \/><img loading=\"lazy\" decoding=\"async\" src=\"https:\/\/as-schwabe.de\/wp-content\/uploads\/ikony\/znak_Z.png\" alt=\"\" width=\"50\" height=\"50\" \/><img loading=\"lazy\" decoding=\"async\" src=\"https:\/\/as-schwabe.de\/wp-content\/uploads\/ikony\/znak_D.png\" alt=\"\" width=\"50\" height=\"50\" \/><img loading=\"lazy\" decoding=\"async\" src=\"https:\/\/as-schwabe.de\/wp-content\/uploads\/ikony\/znak_DE.png\" alt=\"\" width=\"50\" height=\"40\" \/><\/div>\n<ul>\n<li>Gniazdo sta\u0142e CEE 400 V, 32 A, 5P 6h <\/li>\n<li>gniazdo sta\u0142e CEE z odporn\u0105 na uderzenia i bryzgoszczeln\u0105 obudow\u0105 z poliamidu <\/li>\n<li>ze z\u0142\u0105czem \u015brubowym<\/li>\n<\/ul>","protected":false},"featured_media":30599,"template":"","meta":{"inline_featured_image":false},"genre":[509],"product_cat":[518,572],"product_tag":[],"class_list":{"0":"post-31058","1":"product","2":"type-product","3":"status-publish","4":"has-post-thumbnail","6":"product_brand-as-schwabe-pl","7":"product_cat-asortyment-produktow-cee-400-v-pl","8":"product_cat-gniazda-stale-i-tablicowe-cee-pl","10":"first","11":"instock","12":"shipping-taxable","13":"product-type-simple"},"aioseo_notices":[],"_links":{"self":[{"href":"https:\/\/as-schwabe.de\/pl\/wp-json\/wp\/v2\/product\/31058","targetHints":{"allow":["GET"]}}],"collection":[{"href":"https:\/\/as-schwabe.de\/pl\/wp-json\/wp\/v2\/product"}],"about":[{"href":"https:\/\/as-schwabe.de\/pl\/wp-json\/wp\/v2\/types\/product"}],"version-history":[{"count":0,"href":"https:\/\/as-schwabe.de\/pl\/wp-json\/wp\/v2\/product\/31058\/revisions"}],"wp:featuredmedia":[{"embeddable":true,"href":"https:\/\/as-schwabe.de\/pl\/wp-json\/wp\/v2\/media\/30599"}],"wp:attachment":[{"href":"https:\/\/as-schwabe.de\/pl\/wp-json\/wp\/v2\/media?parent=31058"}],"wp:term":[{"taxonomy":"product_brand","embeddable":true,"href":"https:\/\/as-schwabe.de\/pl\/wp-json\/wp\/v2\/genre?post=31058"},{"taxonomy":"product_cat","embeddable":true,"href":"https:\/\/as-schwabe.de\/pl\/wp-json\/wp\/v2\/product_cat?post=31058"},{"taxonomy":"product_tag","embeddable":true,"href":"https:\/\/as-schwabe.de\/pl\/wp-json\/wp\/v2\/product_tag?post=31058"}],"curies":[{"name":"wp","href":"https:\/\/api.w.org\/{rel}","templated":true}]}}