{"id":31057,"date":"2025-09-26T23:05:19","date_gmt":"2025-09-26T23:05:19","guid":{"rendered":"https:\/\/as-schwabe.de\/produkt\/gniazdo-stale-cee-400-v-16-a-6h-szaro-czerwone-60430\/"},"modified":"2025-10-23T00:16:21","modified_gmt":"2025-10-23T00:16:21","slug":"gniazdo-stale-cee-400-v-16-a-6h-szaro-czerwone-60430","status":"publish","type":"product","link":"https:\/\/as-schwabe.de\/pl\/produkt\/gniazdo-stale-cee-400-v-16-a-6h-szaro-czerwone-60430\/","title":{"rendered":"Gniazdo sta\u0142e CEE 400 V, 16 A, 5P 6h, SZA-CZE IP44 | 60430"},"content":{"rendered":"<p>Gniazdo sta\u0142e CEE 400 V, 16 A, 5P 6h w kolorze szaro-czerwonym zapewnia niezawodne zasilanie w trudnych warunkach, dzi\u0119ki klasie szczelno\u015bci IP44, co czyni go idealnym do u\u017cytku na zewn\u0105trz oraz w budownictwie. Umo\u017cliwia pod\u0142\u0105czenie przewod\u00f3w o maksymalnym przekroju 2,5 mm\u00b2 przy u\u017cyciu solidnych zacisk\u00f3w \u015brubowych, co gwarantuje pewne i stabilne po\u0142\u0105czenia. Produkt charakteryzuje si\u0119 pi\u0119ciopinowym uk\u0142adem i parametrami pracy dostosowanymi do standard\u00f3w przemys\u0142owych, co sprawia, \u017ce jest niezast\u0105pionym elementem wyposa\u017cenia plac\u00f3w budowy oraz wszelkich instalacji zewn\u0119trznych. Wybieraj\u0105c to gniazdo, zyskuj\u0105 Pa\u0144stwo nie tylko wysok\u0105 jako\u015b\u0107, ale tak\u017ce bezpiecze\u0144stwo i wygod\u0119 u\u017cytkowania.<\/p>","protected":false},"excerpt":{"rendered":"<div class=\"icons\" style=\"display: flex; flex-wrap: wrap; gap: 5px; align-items: center; margin-top: 10px;\"><img decoding=\"async\" src=\"https:\/\/as-schwabe.de\/wp-content\/uploads\/ikony\/znak_CE.png\" alt=\"\" width=\"50\" height=\"50\" \/><img decoding=\"async\" src=\"https:\/\/as-schwabe.de\/wp-content\/uploads\/ikony\/znak_IP44.png\" alt=\"\" width=\"50\" height=\"50\" \/><img decoding=\"async\" src=\"https:\/\/as-schwabe.de\/wp-content\/uploads\/ikony\/znak_PB.png\" alt=\"\" width=\"50\" height=\"50\" \/><img loading=\"lazy\" decoding=\"async\" src=\"https:\/\/as-schwabe.de\/wp-content\/uploads\/ikony\/znak_Z.png\" alt=\"\" width=\"50\" height=\"50\" \/><img loading=\"lazy\" decoding=\"async\" src=\"https:\/\/as-schwabe.de\/wp-content\/uploads\/ikony\/znak_D.png\" alt=\"\" width=\"50\" height=\"50\" \/><img loading=\"lazy\" decoding=\"async\" src=\"https:\/\/as-schwabe.de\/wp-content\/uploads\/ikony\/znak_DE.png\" alt=\"\" width=\"50\" height=\"40\" \/><\/div>\n<ul>\n<li>Gniazdo sta\u0142e CEE 400 V, 16 A, 5P 6h <\/li>\n<li>gniazdo sta\u0142e CEE z odporn\u0105 na uderzenia i bryzgoszczeln\u0105 obudow\u0105 z poliamidu <\/li>\n<li>ze z\u0142\u0105czem \u015brubowym<\/li>\n<\/ul>","protected":false},"featured_media":30598,"template":"","meta":{"inline_featured_image":false},"genre":[509],"product_cat":[518,572],"product_tag":[],"class_list":{"0":"post-31057","1":"product","2":"type-product","3":"status-publish","4":"has-post-thumbnail","6":"product_brand-as-schwabe-pl","7":"product_cat-asortyment-produktow-cee-400-v-pl","8":"product_cat-gniazda-stale-i-tablicowe-cee-pl","10":"first","11":"instock","12":"shipping-taxable","13":"product-type-simple"},"aioseo_notices":[],"_links":{"self":[{"href":"https:\/\/as-schwabe.de\/pl\/wp-json\/wp\/v2\/product\/31057","targetHints":{"allow":["GET"]}}],"collection":[{"href":"https:\/\/as-schwabe.de\/pl\/wp-json\/wp\/v2\/product"}],"about":[{"href":"https:\/\/as-schwabe.de\/pl\/wp-json\/wp\/v2\/types\/product"}],"version-history":[{"count":0,"href":"https:\/\/as-schwabe.de\/pl\/wp-json\/wp\/v2\/product\/31057\/revisions"}],"wp:featuredmedia":[{"embeddable":true,"href":"https:\/\/as-schwabe.de\/pl\/wp-json\/wp\/v2\/media\/30598"}],"wp:attachment":[{"href":"https:\/\/as-schwabe.de\/pl\/wp-json\/wp\/v2\/media?parent=31057"}],"wp:term":[{"taxonomy":"product_brand","embeddable":true,"href":"https:\/\/as-schwabe.de\/pl\/wp-json\/wp\/v2\/genre?post=31057"},{"taxonomy":"product_cat","embeddable":true,"href":"https:\/\/as-schwabe.de\/pl\/wp-json\/wp\/v2\/product_cat?post=31057"},{"taxonomy":"product_tag","embeddable":true,"href":"https:\/\/as-schwabe.de\/pl\/wp-json\/wp\/v2\/product_tag?post=31057"}],"curies":[{"name":"wp","href":"https:\/\/api.w.org\/{rel}","templated":true}]}}