{"id":31055,"date":"2025-09-26T23:05:18","date_gmt":"2025-09-26T23:05:18","guid":{"rendered":"https:\/\/as-schwabe.de\/produkt\/gniazdo-cee-400-v-32-a-6h-szaro-czerwone-60427\/"},"modified":"2025-10-23T00:16:20","modified_gmt":"2025-10-23T00:16:20","slug":"gniazdo-cee-400-v-32-a-6h-szaro-czerwone-60427","status":"publish","type":"product","link":"https:\/\/as-schwabe.de\/pl\/produkt\/gniazdo-cee-400-v-32-a-6h-szaro-czerwone-60427\/","title":{"rendered":"Gniazdo CEE 400 V, 32 A, 5P 6h, SZA-CZE IP44 | 60427"},"content":{"rendered":"<p>Gniazdo CEE 400 V, 32 A, 5P 6h w kolorze szaro-czerwonym to rozwi\u0105zanie idealne do u\u017cytku zewn\u0119trznego oraz na placach budowy. Wyposa\u017cone w zaciski \u015brubowe umo\u017cliwiaj\u0105ce pod\u0142\u0105czenie przewod\u00f3w o maksymalnym przekroju 6 mm\u00b2, zapewnia wysok\u0105 elastyczno\u015b\u0107 instalacyjn\u0105. Dzi\u0119ki stopniowi ochrony IP44, gniazdo jest odporne na dzia\u0142anie wody i py\u0142u, co gwarantuje niezawodn\u0105 prac\u0119 w trudnych warunkach atmosferycznych. Jego konstrukcja umo\u017cliwia \u0142atwe i bezpieczne korzystanie z urz\u0105dze\u0144 elektrycznych, co sprawia, \u017ce jest to doskona\u0142y wyb\u00f3r dla profesjonalnych u\u017cytkownik\u00f3w oraz inwestycji budowlanych.<\/p>","protected":false},"excerpt":{"rendered":"<div class=\"icons\" style=\"display: flex; flex-wrap: wrap; gap: 5px; align-items: center; margin-top: 10px;\"><img decoding=\"async\" src=\"https:\/\/as-schwabe.de\/wp-content\/uploads\/ikony\/znak_CE.png\" alt=\"\" width=\"50\" height=\"50\" \/><img decoding=\"async\" src=\"https:\/\/as-schwabe.de\/wp-content\/uploads\/ikony\/znak_IP44.png\" alt=\"\" width=\"50\" height=\"50\" \/><img decoding=\"async\" src=\"https:\/\/as-schwabe.de\/wp-content\/uploads\/ikony\/znak_PB.png\" alt=\"\" width=\"50\" height=\"50\" \/><img loading=\"lazy\" decoding=\"async\" src=\"https:\/\/as-schwabe.de\/wp-content\/uploads\/ikony\/znak_Z.png\" alt=\"\" width=\"50\" height=\"50\" \/><img loading=\"lazy\" decoding=\"async\" src=\"https:\/\/as-schwabe.de\/wp-content\/uploads\/ikony\/znak_D.png\" alt=\"\" width=\"50\" height=\"50\" \/><\/div>\n<ul>\n<li>Gniazdo CEE IP44 400 V, 32 A, 5P 6h <\/li>\n<li>z odporn\u0105 na uderzenia, bryzgoszczeln\u0105 obudow\u0105 z poliamidu <\/li>\n<li>z zaciskami \u015brubowymi do pod\u0142\u0105czenia kabla<\/li>\n<\/ul>","protected":false},"featured_media":30595,"template":"","meta":{"inline_featured_image":false},"genre":[509],"product_cat":[518,571],"product_tag":[],"class_list":{"0":"post-31055","1":"product","2":"type-product","3":"status-publish","4":"has-post-thumbnail","6":"product_brand-as-schwabe-pl","7":"product_cat-asortyment-produktow-cee-400-v-pl","8":"product_cat-wtyczki-i-gniazda-cee-pl","10":"first","11":"instock","12":"shipping-taxable","13":"product-type-simple"},"aioseo_notices":[],"_links":{"self":[{"href":"https:\/\/as-schwabe.de\/pl\/wp-json\/wp\/v2\/product\/31055","targetHints":{"allow":["GET"]}}],"collection":[{"href":"https:\/\/as-schwabe.de\/pl\/wp-json\/wp\/v2\/product"}],"about":[{"href":"https:\/\/as-schwabe.de\/pl\/wp-json\/wp\/v2\/types\/product"}],"version-history":[{"count":0,"href":"https:\/\/as-schwabe.de\/pl\/wp-json\/wp\/v2\/product\/31055\/revisions"}],"wp:featuredmedia":[{"embeddable":true,"href":"https:\/\/as-schwabe.de\/pl\/wp-json\/wp\/v2\/media\/30595"}],"wp:attachment":[{"href":"https:\/\/as-schwabe.de\/pl\/wp-json\/wp\/v2\/media?parent=31055"}],"wp:term":[{"taxonomy":"product_brand","embeddable":true,"href":"https:\/\/as-schwabe.de\/pl\/wp-json\/wp\/v2\/genre?post=31055"},{"taxonomy":"product_cat","embeddable":true,"href":"https:\/\/as-schwabe.de\/pl\/wp-json\/wp\/v2\/product_cat?post=31055"},{"taxonomy":"product_tag","embeddable":true,"href":"https:\/\/as-schwabe.de\/pl\/wp-json\/wp\/v2\/product_tag?post=31055"}],"curies":[{"name":"wp","href":"https:\/\/api.w.org\/{rel}","templated":true}]}}