{"id":31053,"date":"2025-09-26T23:05:17","date_gmt":"2025-09-26T23:05:17","guid":{"rendered":"https:\/\/as-schwabe.de\/produkt\/wtyczka-cee-400-v-63-a-5p-6h-szaro-czerwona-60423\/"},"modified":"2025-10-23T00:16:19","modified_gmt":"2025-10-23T00:16:19","slug":"wtyczka-cee-400-v-63-a-5p-6h-szaro-czerwona-60423","status":"publish","type":"product","link":"https:\/\/as-schwabe.de\/pl\/produkt\/wtyczka-cee-400-v-63-a-5p-6h-szaro-czerwona-60423\/","title":{"rendered":"Wtyczka CEE 400 V, 63 A, 5P 6h, SZA-CZE IP67 | 60423"},"content":{"rendered":"<p>Wtyczka CEE 400 V, 63 A, 5P 6h to niezawodne rozwi\u0105zanie dla profesjonalist\u00f3w wymagaj\u0105cych wysokiej wydajno\u015bci w trudnych warunkach. Dzi\u0119ki pi\u0119ciu pinom i klasycznemu rozk\u0142adowi 6 godzin, urz\u0105dzenie zapewnia stabilne po\u0142\u0105czenie zasilania dla r\u00f3\u017cnorodnych aplikacji przemys\u0142owych oraz na budowach. Wysoka odporno\u015b\u0107 na warunki atmosferyczne (IP44) sprawia, \u017ce wtyczka doskonale sprawdzi si\u0119 zar\u00f3wno na zewn\u0105trz, jak i wewn\u0105trz budynk\u00f3w. Zaciski \u015brubowe pozwalaj\u0105 na komfortowe pod\u0142\u0105czenie przewod\u00f3w o max. \u015brednicy 16 mm\u00b2, co przek\u0142ada si\u0119 na \u0142atwo\u015b\u0107 monta\u017cu i bezpiecze\u0144stwo u\u017cytkowania. Szaro-czerwona kolorystyka wtyczki zapewnia jej wysok\u0105 widoczno\u015b\u0107, co zwi\u0119ksza bezpiecze\u0144stwo pracy w trudnych warunkach.<\/p>","protected":false},"excerpt":{"rendered":"<div class=\"icons\" style=\"display: flex; flex-wrap: wrap; gap: 5px; align-items: center; margin-top: 10px;\"><img decoding=\"async\" src=\"https:\/\/as-schwabe.de\/wp-content\/uploads\/ikony\/znak_CE.png\" alt=\"\" width=\"50\" height=\"50\" \/><img decoding=\"async\" src=\"https:\/\/as-schwabe.de\/wp-content\/uploads\/ikony\/znak_IP67.png\" alt=\"\" width=\"50\" height=\"50\" \/><img decoding=\"async\" src=\"https:\/\/as-schwabe.de\/wp-content\/uploads\/ikony\/znak_PB.png\" alt=\"\" width=\"50\" height=\"50\" \/><img loading=\"lazy\" decoding=\"async\" src=\"https:\/\/as-schwabe.de\/wp-content\/uploads\/ikony\/znak_Z.png\" alt=\"\" width=\"50\" height=\"50\" \/><img loading=\"lazy\" decoding=\"async\" src=\"https:\/\/as-schwabe.de\/wp-content\/uploads\/ikony\/znak_D.png\" alt=\"\" width=\"50\" height=\"50\" \/><\/div>\n<ul>\n<li>Wtyczka CEE IP67 400 V, 63 A, 5P 6h <\/li>\n<li>z odporn\u0105 na uderzenia, bryzgoszczeln\u0105 obudow\u0105 z poliamidu <\/li>\n<li>z zaciskami \u015brubowymi do pod\u0142\u0105czenia kabla<\/li>\n<\/ul>","protected":false},"featured_media":30594,"template":"","meta":{"inline_featured_image":false},"genre":[509],"product_cat":[518,571],"product_tag":[],"class_list":{"0":"post-31053","1":"product","2":"type-product","3":"status-publish","4":"has-post-thumbnail","6":"product_brand-as-schwabe-pl","7":"product_cat-asortyment-produktow-cee-400-v-pl","8":"product_cat-wtyczki-i-gniazda-cee-pl","10":"first","11":"instock","12":"shipping-taxable","13":"product-type-simple"},"aioseo_notices":[],"_links":{"self":[{"href":"https:\/\/as-schwabe.de\/pl\/wp-json\/wp\/v2\/product\/31053","targetHints":{"allow":["GET"]}}],"collection":[{"href":"https:\/\/as-schwabe.de\/pl\/wp-json\/wp\/v2\/product"}],"about":[{"href":"https:\/\/as-schwabe.de\/pl\/wp-json\/wp\/v2\/types\/product"}],"version-history":[{"count":0,"href":"https:\/\/as-schwabe.de\/pl\/wp-json\/wp\/v2\/product\/31053\/revisions"}],"wp:featuredmedia":[{"embeddable":true,"href":"https:\/\/as-schwabe.de\/pl\/wp-json\/wp\/v2\/media\/30594"}],"wp:attachment":[{"href":"https:\/\/as-schwabe.de\/pl\/wp-json\/wp\/v2\/media?parent=31053"}],"wp:term":[{"taxonomy":"product_brand","embeddable":true,"href":"https:\/\/as-schwabe.de\/pl\/wp-json\/wp\/v2\/genre?post=31053"},{"taxonomy":"product_cat","embeddable":true,"href":"https:\/\/as-schwabe.de\/pl\/wp-json\/wp\/v2\/product_cat?post=31053"},{"taxonomy":"product_tag","embeddable":true,"href":"https:\/\/as-schwabe.de\/pl\/wp-json\/wp\/v2\/product_tag?post=31053"}],"curies":[{"name":"wp","href":"https:\/\/api.w.org\/{rel}","templated":true}]}}