{"id":31049,"date":"2025-09-26T23:05:13","date_gmt":"2025-09-26T23:05:13","guid":{"rendered":"https:\/\/as-schwabe.de\/produkt\/gniazdo-wzmocnione-gumowe-z-uziemieniem-230-v-16-a-czarne-60417\/"},"modified":"2025-10-23T00:16:17","modified_gmt":"2025-10-23T00:16:17","slug":"gniazdo-wzmocnione-gumowe-z-uziemieniem-230-v-16-a-czarne-60417","status":"publish","type":"product","link":"https:\/\/as-schwabe.de\/pl\/produkt\/gniazdo-wzmocnione-gumowe-z-uziemieniem-230-v-16-a-czarne-60417\/","title":{"rendered":"Gniazdo gumowe z uziemieniem do maks. 1,5 mm2 230 V, 16 A 2P+Z CZA IP44 | 60417"},"content":{"rendered":"<p>Gniazdo gumowe z uziemieniem 230 V, 16 A, 2P+Z w kolorze czarnym to wszechstronny produkt przeznaczony do u\u017cytku na zewn\u0105trz oraz w trudnych warunkach budowlanych. Dzi\u0119ki stopniowi ochrony IP44, gniazdo to zabezpiecza przed niekorzystnym dzia\u0142aniem wody i py\u0142u, co czyni je idealnym rozwi\u0105zaniem w miejscach nara\u017conych na zmienne warunki atmosferyczne. Obs\u0142uguj\u0105ce przewody o maksymalnym przekroju 1,5 mm\u00b2, gniazdo gwarantuje wysok\u0105 wydajno\u015b\u0107 oraz niezawodno\u015b\u0107 w pracy. Dodatkowo, konstrukcja z uziemieniem zwi\u0119ksza bezpiecze\u0144stwo u\u017cytkowania, minimalizuj\u0105c ryzyko pora\u017cenia pr\u0105dem. To niezast\u0105pione akcesorium dla profesjonalist\u00f3w oraz majsterkowicz\u00f3w, kt\u00f3rzy ceni\u0105 sobie jako\u015b\u0107 i solidno\u015b\u0107 w ka\u017cdym detalu.<\/p>","protected":false},"excerpt":{"rendered":"<div class=\"icons\" style=\"display: flex; flex-wrap: wrap; gap: 5px; align-items: center; margin-top: 10px;\"><img decoding=\"async\" src=\"https:\/\/as-schwabe.de\/wp-content\/uploads\/ikony\/znak_IP44.png\" alt=\"\" width=\"50\" height=\"50\" \/><img decoding=\"async\" src=\"https:\/\/as-schwabe.de\/wp-content\/uploads\/ikony\/znak_PB.png\" alt=\"\" width=\"50\" height=\"50\" \/><img decoding=\"async\" src=\"https:\/\/as-schwabe.de\/wp-content\/uploads\/ikony\/znak_Z.png\" alt=\"\" width=\"50\" height=\"50\" \/><img loading=\"lazy\" decoding=\"async\" src=\"https:\/\/as-schwabe.de\/wp-content\/uploads\/ikony\/znak_D.png\" alt=\"\" width=\"50\" height=\"50\" \/><img loading=\"lazy\" decoding=\"async\" src=\"https:\/\/as-schwabe.de\/wp-content\/uploads\/ikony\/znak_DE.png\" alt=\"\" width=\"50\" height=\"40\" \/><\/div>\n<ul>\n<li>gniazdo <\/li>\n<li>wersje o du\u017cej wytrzyma\u0142o\u015bci do trudnych zastosowa\u0144 na placach budowy <\/li>\n<li>IP44: chroniony przed cia\u0142ami obcymi i bryzgami wody <\/li>\n<li>230 V, 16 A<\/li>\n<\/ul>","protected":false},"featured_media":30577,"template":"","meta":{"inline_featured_image":false},"genre":[509],"product_cat":[523,524],"product_tag":[],"class_list":{"0":"post-31049","1":"product","2":"type-product","3":"status-publish","4":"has-post-thumbnail","6":"product_brand-as-schwabe-pl","7":"product_cat-produkty-do-samodzielnego-montazu-pl","8":"product_cat-wtyczki-i-gniazda-z-uziemieniem-pl","10":"first","11":"instock","12":"shipping-taxable","13":"product-type-simple"},"aioseo_notices":[],"_links":{"self":[{"href":"https:\/\/as-schwabe.de\/pl\/wp-json\/wp\/v2\/product\/31049","targetHints":{"allow":["GET"]}}],"collection":[{"href":"https:\/\/as-schwabe.de\/pl\/wp-json\/wp\/v2\/product"}],"about":[{"href":"https:\/\/as-schwabe.de\/pl\/wp-json\/wp\/v2\/types\/product"}],"version-history":[{"count":0,"href":"https:\/\/as-schwabe.de\/pl\/wp-json\/wp\/v2\/product\/31049\/revisions"}],"wp:featuredmedia":[{"embeddable":true,"href":"https:\/\/as-schwabe.de\/pl\/wp-json\/wp\/v2\/media\/30577"}],"wp:attachment":[{"href":"https:\/\/as-schwabe.de\/pl\/wp-json\/wp\/v2\/media?parent=31049"}],"wp:term":[{"taxonomy":"product_brand","embeddable":true,"href":"https:\/\/as-schwabe.de\/pl\/wp-json\/wp\/v2\/genre?post=31049"},{"taxonomy":"product_cat","embeddable":true,"href":"https:\/\/as-schwabe.de\/pl\/wp-json\/wp\/v2\/product_cat?post=31049"},{"taxonomy":"product_tag","embeddable":true,"href":"https:\/\/as-schwabe.de\/pl\/wp-json\/wp\/v2\/product_tag?post=31049"}],"curies":[{"name":"wp","href":"https:\/\/api.w.org\/{rel}","templated":true}]}}