{"id":31048,"date":"2025-09-26T23:05:12","date_gmt":"2025-09-26T23:05:12","guid":{"rendered":"https:\/\/as-schwabe.de\/produkt\/gniazdo-gumowe-z-uziemieniem-basic-230-v-16-a-czarne-60415\/"},"modified":"2025-10-23T00:16:17","modified_gmt":"2025-10-23T00:16:17","slug":"gniazdo-gumowe-z-uziemieniem-basic-230-v-16-a-czarne-60415","status":"publish","type":"product","link":"https:\/\/as-schwabe.de\/pl\/produkt\/gniazdo-gumowe-z-uziemieniem-basic-230-v-16-a-czarne-60415\/","title":{"rendered":"Gniazdo gumowe z uziemieniem 230 V, 16 A 2P+Z CZA IP44 | 60415"},"content":{"rendered":"<p>Gniazdo gumowe z uziemieniem 230 V, 16 A, 2P+Z w kolorze czarnym to niezawodne rozwi\u0105zanie do zastosowa\u0144 zewn\u0119trznych, idealne do zasilania r\u00f3\u017cnych urz\u0105dze\u0144 elektrycznych w warunkach nara\u017cenia na wilgo\u0107 i py\u0142. Z certyfikatem IP44, gniazdo zapewnia skuteczn\u0105 ochron\u0119 przed niekorzystnymi warunkami atmosferycznymi, co zwi\u0119ksza jego bezpiecze\u0144stwo i trwa\u0142o\u015b\u0107. Produkt obs\u0142uguje przewody o maksymalnym przekroju 2,5 mm\u00b2 i umo\u017cliwia wygodne pod\u0142\u0105czenie akcesori\u00f3w elektrycznych, zapewniaj\u0105c stabilne zasilanie. Dzi\u0119ki solidnej konstrukcji gumowej, gniazdo jest odporne na uszkodzenia mechaniczne oraz dzia\u0142anie promieni UV, co sprawia, \u017ce jest idealnym wyborem do ogrod\u00f3w, taras\u00f3w i na budowy. Wybieraj\u0105c to gniazdo, zyskujesz pewno\u015b\u0107 niezawodnej pracy oraz komfort u\u017cytkowania w trudnych warunkach.<\/p>","protected":false},"excerpt":{"rendered":"<div class=\"icons\" style=\"display: flex; flex-wrap: wrap; gap: 5px; align-items: center; margin-top: 10px;\"><img decoding=\"async\" src=\"https:\/\/as-schwabe.de\/wp-content\/uploads\/ikony\/znak_IP44.png\" alt=\"\" width=\"50\" height=\"50\" \/><img decoding=\"async\" src=\"https:\/\/as-schwabe.de\/wp-content\/uploads\/ikony\/znak_Z.png\" alt=\"\" width=\"50\" height=\"50\" \/><img decoding=\"async\" src=\"https:\/\/as-schwabe.de\/wp-content\/uploads\/ikony\/znak_D.png\" alt=\"\" width=\"50\" height=\"50\" \/><img loading=\"lazy\" decoding=\"async\" src=\"https:\/\/as-schwabe.de\/wp-content\/uploads\/ikony\/znak_DE.png\" alt=\"\" width=\"50\" height=\"40\" \/><\/div>\n<ul>\n<li>gniazdo gumowe do zastosowa\u0144 zewn\u0119trznych <\/li>\n<li>wersje odpowiednie do u\u017cytku zewn\u0119trznego i wewn\u0119trznego <\/li>\n<li>do pod\u0142\u0105czenia przewod\u00f3w o \u015brednicy maks. 2,5 mm2 <\/li>\n<li>IP44: chroniony przed cia\u0142ami obcymi i bryzgami wody <\/li>\n<li>230 V, 16 A<\/li>\n<\/ul>","protected":false},"featured_media":30575,"template":"","meta":{"inline_featured_image":false},"genre":[509],"product_cat":[523,524],"product_tag":[],"class_list":{"0":"post-31048","1":"product","2":"type-product","3":"status-publish","4":"has-post-thumbnail","6":"product_brand-as-schwabe-pl","7":"product_cat-produkty-do-samodzielnego-montazu-pl","8":"product_cat-wtyczki-i-gniazda-z-uziemieniem-pl","10":"first","11":"instock","12":"shipping-taxable","13":"product-type-simple"},"aioseo_notices":[],"_links":{"self":[{"href":"https:\/\/as-schwabe.de\/pl\/wp-json\/wp\/v2\/product\/31048","targetHints":{"allow":["GET"]}}],"collection":[{"href":"https:\/\/as-schwabe.de\/pl\/wp-json\/wp\/v2\/product"}],"about":[{"href":"https:\/\/as-schwabe.de\/pl\/wp-json\/wp\/v2\/types\/product"}],"version-history":[{"count":0,"href":"https:\/\/as-schwabe.de\/pl\/wp-json\/wp\/v2\/product\/31048\/revisions"}],"wp:featuredmedia":[{"embeddable":true,"href":"https:\/\/as-schwabe.de\/pl\/wp-json\/wp\/v2\/media\/30575"}],"wp:attachment":[{"href":"https:\/\/as-schwabe.de\/pl\/wp-json\/wp\/v2\/media?parent=31048"}],"wp:term":[{"taxonomy":"product_brand","embeddable":true,"href":"https:\/\/as-schwabe.de\/pl\/wp-json\/wp\/v2\/genre?post=31048"},{"taxonomy":"product_cat","embeddable":true,"href":"https:\/\/as-schwabe.de\/pl\/wp-json\/wp\/v2\/product_cat?post=31048"},{"taxonomy":"product_tag","embeddable":true,"href":"https:\/\/as-schwabe.de\/pl\/wp-json\/wp\/v2\/product_tag?post=31048"}],"curies":[{"name":"wp","href":"https:\/\/api.w.org\/{rel}","templated":true}]}}