{"id":31047,"date":"2025-09-26T23:05:12","date_gmt":"2025-09-26T23:05:12","guid":{"rendered":"https:\/\/as-schwabe.de\/produkt\/wtyczka-gumowa-z-uziemieniem-do-15mm2-230-v-16-a-2pz-czarna-60412\/"},"modified":"2025-10-23T00:16:17","modified_gmt":"2025-10-23T00:16:17","slug":"wtyczka-gumowa-z-uziemieniem-do-15mm2-230-v-16-a-2pz-czarna-60412","status":"publish","type":"product","link":"https:\/\/as-schwabe.de\/pl\/produkt\/wtyczka-gumowa-z-uziemieniem-do-15mm2-230-v-16-a-2pz-czarna-60412\/","title":{"rendered":"Wtyczka gumowa z uziemieniem do maks. 1,5 mm2 230 V, 16 A, 2P+Z CZA IP44 | 60412"},"content":{"rendered":"<p>Wtyczka gumowa z uziemieniem 230 V, 16 A, 2P+Z czarna to niezawodne rozwi\u0105zanie przeznaczone do u\u017cytku na zewn\u0105trz oraz w trudnych warunkach budowlanych. Posiada stopie\u0144 ochrony IP44, co zapewnia odpowiedni\u0105 odporno\u015b\u0107 na dzia\u0142anie wilgoci i cz\u0105stek sta\u0142ych. Umo\u017cliwia \u0142atwe pod\u0142\u0105czenie przewod\u00f3w o przekroju do 1,5 mm\u00b2, co sprawia, \u017ce jest idealna do zasilania narz\u0119dzi elektrycznych i urz\u0105dze\u0144 mobilnych. Dzi\u0119ki solidnej konstrukcji gumowej, wtyczka gwarantuje wysok\u0105 trwa\u0142o\u015b\u0107 oraz bezpiecze\u0144stwo u\u017cytkowania, co czyni j\u0105 doskona\u0142ym wyborem dla profesjonalist\u00f3w i majsterkowicz\u00f3w.<\/p>","protected":false},"excerpt":{"rendered":"<div class=\"icons\" style=\"display: flex; flex-wrap: wrap; gap: 5px; align-items: center; margin-top: 10px;\"><img decoding=\"async\" src=\"https:\/\/as-schwabe.de\/wp-content\/uploads\/ikony\/znak_IP44.png\" alt=\"\" width=\"50\" height=\"50\" \/><img decoding=\"async\" src=\"https:\/\/as-schwabe.de\/wp-content\/uploads\/ikony\/znak_PB.png\" alt=\"\" width=\"50\" height=\"50\" \/><img decoding=\"async\" src=\"https:\/\/as-schwabe.de\/wp-content\/uploads\/ikony\/znak_Z.png\" alt=\"\" width=\"50\" height=\"50\" \/><img loading=\"lazy\" decoding=\"async\" src=\"https:\/\/as-schwabe.de\/wp-content\/uploads\/ikony\/znak_D.png\" alt=\"\" width=\"50\" height=\"50\" \/><img loading=\"lazy\" decoding=\"async\" src=\"https:\/\/as-schwabe.de\/wp-content\/uploads\/ikony\/znak_DE.png\" alt=\"\" width=\"50\" height=\"40\" \/><\/div>\n<ul>\n<li>wtyczka <\/li>\n<li>wersje o du\u017cej wytrzyma\u0142o\u015bci do trudnych zastosowa\u0144 na placach budowy <\/li>\n<li>IP44: chroniony przed cia\u0142ami obcymi i bryzgami wody <\/li>\n<li>230 V, 16 A<\/li>\n<\/ul>","protected":false},"featured_media":30573,"template":"","meta":{"inline_featured_image":false},"genre":[509],"product_cat":[523,524],"product_tag":[],"class_list":{"0":"post-31047","1":"product","2":"type-product","3":"status-publish","4":"has-post-thumbnail","6":"product_brand-as-schwabe-pl","7":"product_cat-produkty-do-samodzielnego-montazu-pl","8":"product_cat-wtyczki-i-gniazda-z-uziemieniem-pl","10":"first","11":"instock","12":"shipping-taxable","13":"product-type-simple"},"aioseo_notices":[],"_links":{"self":[{"href":"https:\/\/as-schwabe.de\/pl\/wp-json\/wp\/v2\/product\/31047","targetHints":{"allow":["GET"]}}],"collection":[{"href":"https:\/\/as-schwabe.de\/pl\/wp-json\/wp\/v2\/product"}],"about":[{"href":"https:\/\/as-schwabe.de\/pl\/wp-json\/wp\/v2\/types\/product"}],"version-history":[{"count":0,"href":"https:\/\/as-schwabe.de\/pl\/wp-json\/wp\/v2\/product\/31047\/revisions"}],"wp:featuredmedia":[{"embeddable":true,"href":"https:\/\/as-schwabe.de\/pl\/wp-json\/wp\/v2\/media\/30573"}],"wp:attachment":[{"href":"https:\/\/as-schwabe.de\/pl\/wp-json\/wp\/v2\/media?parent=31047"}],"wp:term":[{"taxonomy":"product_brand","embeddable":true,"href":"https:\/\/as-schwabe.de\/pl\/wp-json\/wp\/v2\/genre?post=31047"},{"taxonomy":"product_cat","embeddable":true,"href":"https:\/\/as-schwabe.de\/pl\/wp-json\/wp\/v2\/product_cat?post=31047"},{"taxonomy":"product_tag","embeddable":true,"href":"https:\/\/as-schwabe.de\/pl\/wp-json\/wp\/v2\/product_tag?post=31047"}],"curies":[{"name":"wp","href":"https:\/\/api.w.org\/{rel}","templated":true}]}}