{"id":31044,"date":"2025-09-26T23:05:10","date_gmt":"2025-09-26T23:05:10","guid":{"rendered":"https:\/\/as-schwabe.de\/produkt\/przedluzacz-1-gniazdowy-h07rn-f-3g25-cza-10-m-60383\/"},"modified":"2025-10-23T00:16:16","modified_gmt":"2025-10-23T00:16:16","slug":"przedluzacz-1-gniazdowy-h07rn-f-3g25-cza-10-m-60383","status":"publish","type":"product","link":"https:\/\/as-schwabe.de\/pl\/produkt\/przedluzacz-1-gniazdowy-h07rn-f-3g25-cza-10-m-60383\/","title":{"rendered":"Przed\u0142u\u017cacz 1-gniazdowy 10 m H07RN-F 3G2,5 CZA IP44 | 60383"},"content":{"rendered":"<p>Przed\u0142u\u017cacz 1-gniazdowy H07RN-F 3G2,5 o d\u0142ugo\u015bci 10 m to niezawodne rozwi\u0105zanie do zasilania sprz\u0119tu elektrycznego w wymagaj\u0105cych warunkach, takich jak budowy czy tereny zewn\u0119trzne. Wyposa\u017cony w wtyczk\u0119 i gniazdo IP44, zapewnia ochron\u0119 przed wilgoci\u0105 i py\u0142em, co czyni go idealnym do u\u017cytku na \u015bwie\u017cym powietrzu. Z maksymalnym obci\u0105\u017ceniem do 230 V i 16 A (3500 W), przed\u0142u\u017cacz gwarantuje stabilne i bezpieczne zasilanie dla r\u00f3\u017cnych urz\u0105dze\u0144. Jego trwa\u0142a konstrukcja oraz elastyczny kabel H07RN-F sprawiaj\u0105, \u017ce jest odporny na uszkodzenia mechaniczne i skrajne warunki atmosferyczne, co podnosi komfort i bezpiecze\u0144stwo pracy.<\/p>","protected":false},"excerpt":{"rendered":"<div class=\"icons\" style=\"display: flex; flex-wrap: wrap; gap: 5px; align-items: center; margin-top: 10px;\"><img decoding=\"async\" src=\"https:\/\/as-schwabe.de\/wp-content\/uploads\/ikony\/znak_CE.png\" alt=\"\" width=\"50\" height=\"50\" \/><img decoding=\"async\" src=\"https:\/\/as-schwabe.de\/wp-content\/uploads\/ikony\/znak_IP44.png\" alt=\"\" width=\"50\" height=\"50\" \/><img decoding=\"async\" src=\"https:\/\/as-schwabe.de\/wp-content\/uploads\/ikony\/znak_PB.png\" alt=\"\" width=\"50\" height=\"50\" \/><img loading=\"lazy\" decoding=\"async\" src=\"https:\/\/as-schwabe.de\/wp-content\/uploads\/ikony\/znak_Z.png\" alt=\"\" width=\"50\" height=\"50\" \/><img loading=\"lazy\" decoding=\"async\" src=\"https:\/\/as-schwabe.de\/wp-content\/uploads\/ikony\/znak_D.png\" alt=\"\" width=\"50\" height=\"50\" \/><img loading=\"lazy\" decoding=\"async\" src=\"https:\/\/as-schwabe.de\/wp-content\/uploads\/ikony\/znak_DG.png\" alt=\"\" width=\"50\" height=\"50\" \/><\/div>\n<ul>\n<li>dopuszczone do stosowania na budowach i w rolnictwie<\/li>\n<li> IP44: chroniony przed cia\u0142ami obcymi i bryzgami wody <\/li>\n<li>dopuszczone do stosowania na budowach i w rolnictwie <\/li>\n<li>wtyczka i gniazdo z uziemieniem, gniazdo wyposa\u017cone w klapk\u0119 ochronn\u0105 <\/li>\n<li>230 V, 16 A<\/li>\n<\/ul>","protected":false},"featured_media":30570,"template":"","meta":{"inline_featured_image":false},"genre":[509],"product_cat":[544,545],"product_tag":[],"class_list":{"0":"post-31044","1":"product","2":"type-product","3":"status-publish","4":"has-post-thumbnail","6":"product_brand-as-schwabe-pl","7":"product_cat-przedluzacze-2-pl","8":"product_cat-do-stosowania-na-budowach-pl","10":"first","11":"instock","12":"shipping-taxable","13":"product-type-simple"},"aioseo_notices":[],"_links":{"self":[{"href":"https:\/\/as-schwabe.de\/pl\/wp-json\/wp\/v2\/product\/31044","targetHints":{"allow":["GET"]}}],"collection":[{"href":"https:\/\/as-schwabe.de\/pl\/wp-json\/wp\/v2\/product"}],"about":[{"href":"https:\/\/as-schwabe.de\/pl\/wp-json\/wp\/v2\/types\/product"}],"version-history":[{"count":0,"href":"https:\/\/as-schwabe.de\/pl\/wp-json\/wp\/v2\/product\/31044\/revisions"}],"wp:featuredmedia":[{"embeddable":true,"href":"https:\/\/as-schwabe.de\/pl\/wp-json\/wp\/v2\/media\/30570"}],"wp:attachment":[{"href":"https:\/\/as-schwabe.de\/pl\/wp-json\/wp\/v2\/media?parent=31044"}],"wp:term":[{"taxonomy":"product_brand","embeddable":true,"href":"https:\/\/as-schwabe.de\/pl\/wp-json\/wp\/v2\/genre?post=31044"},{"taxonomy":"product_cat","embeddable":true,"href":"https:\/\/as-schwabe.de\/pl\/wp-json\/wp\/v2\/product_cat?post=31044"},{"taxonomy":"product_tag","embeddable":true,"href":"https:\/\/as-schwabe.de\/pl\/wp-json\/wp\/v2\/product_tag?post=31044"}],"curies":[{"name":"wp","href":"https:\/\/api.w.org\/{rel}","templated":true}]}}