{"id":31041,"date":"2025-09-26T23:05:08","date_gmt":"2025-09-26T23:05:08","guid":{"rendered":"https:\/\/as-schwabe.de\/produkt\/przewod-przylaczeniowy-gumowy-h05rn-f-3g10-cza-3-m-60376\/"},"modified":"2025-10-23T00:16:14","modified_gmt":"2025-10-23T00:16:14","slug":"przewodnik-przylaczeniowy-gumowy-h05rn-f-3g10-cza-3-m-60376","status":"publish","type":"product","link":"https:\/\/as-schwabe.de\/pl\/produkt\/przewodnik-przylaczeniowy-gumowy-h05rn-f-3g10-cza-3-m-60376\/","title":{"rendered":"Przew\u00f3d przy\u0142\u0105czeniowy gumowy 3 m H05RN-F 3G1,0 CZA | 60376"},"content":{"rendered":"<p>Przew\u00f3d przy\u0142\u0105czeniowy gumowy H05RN-F 3G1,0 czarny o d\u0142ugo\u015bci 3 m to wysokiej jako\u015bci produkt, stworzony z my\u015bl\u0105 o zewn\u0119trznych zastosowaniach oraz warunkach budowlanych. Wyposa\u017cony w wtyczk\u0119 o stopniu ochrony IP44, obs\u0142uguje napi\u0119cie 230 V i pr\u0105d o nat\u0119\u017ceniu 16 A, co zapewnia niezawodno\u015b\u0107 oraz bezpiecze\u0144stwo u\u017cytkowania. Dodatkowo, przew\u00f3d posiada odizolowanie na 30 mm z tulejkami, co umo\u017cliwia \u0142atwe i bezpieczne pod\u0142\u0105czenie. Jego elastyczna konstrukcja oraz odporno\u015b\u0107 na dzia\u0142anie czynnik\u00f3w atmosferycznych czyni\u0105 go idealnym wyborem dla fachowc\u00f3w oraz amator\u00f3w pracuj\u0105cych na zewn\u0105trz. Produkt ten \u0142\u0105czy w sobie funkcjonalno\u015b\u0107 oraz trwa\u0142o\u015b\u0107, co z pewno\u015bci\u0105 zadowoli wymagaj\u0105cych u\u017cytkownik\u00f3w.<\/p>","protected":false},"excerpt":{"rendered":"<div class=\"icons\" style=\"display: flex; flex-wrap: wrap; gap: 5px; align-items: center; margin-top: 10px;\"><img decoding=\"async\" src=\"https:\/\/as-schwabe.de\/wp-content\/uploads\/ikony\/znak_CE.png\" alt=\"\" width=\"50\" height=\"50\" \/><img decoding=\"async\" src=\"https:\/\/as-schwabe.de\/wp-content\/uploads\/ikony\/znak_IP44.png\" alt=\"\" width=\"50\" height=\"50\" \/><img decoding=\"async\" src=\"https:\/\/as-schwabe.de\/wp-content\/uploads\/ikony\/znak_PB.png\" alt=\"\" width=\"50\" height=\"50\" \/><img loading=\"lazy\" decoding=\"async\" src=\"https:\/\/as-schwabe.de\/wp-content\/uploads\/ikony\/znak_Z.png\" alt=\"\" width=\"50\" height=\"50\" \/><img loading=\"lazy\" decoding=\"async\" src=\"https:\/\/as-schwabe.de\/wp-content\/uploads\/ikony\/znak_D.png\" alt=\"\" width=\"50\" height=\"50\" \/><\/div>\n<ul>\n<li>IP44: chroniony przed cia\u0142ami obcymi i bryzgami wody <\/li>\n<li>wtyczka: 2P+Z IP44 z uziemieniem <\/li>\n<li>230 V, 16 A<\/li>\n<\/ul>","protected":false},"featured_media":30563,"template":"","meta":{"inline_featured_image":false},"genre":[509],"product_cat":[507,570],"product_tag":[],"class_list":{"0":"post-31041","1":"product","2":"type-product","3":"status-publish","4":"has-post-thumbnail","6":"product_brand-as-schwabe-pl","7":"product_cat-przewody-przylaczeniowe-2-pl","8":"product_cat-przewody-przylaczeniowe-z-wtyczka-pl","10":"first","11":"instock","12":"shipping-taxable","13":"product-type-simple"},"aioseo_notices":[],"_links":{"self":[{"href":"https:\/\/as-schwabe.de\/pl\/wp-json\/wp\/v2\/product\/31041","targetHints":{"allow":["GET"]}}],"collection":[{"href":"https:\/\/as-schwabe.de\/pl\/wp-json\/wp\/v2\/product"}],"about":[{"href":"https:\/\/as-schwabe.de\/pl\/wp-json\/wp\/v2\/types\/product"}],"version-history":[{"count":0,"href":"https:\/\/as-schwabe.de\/pl\/wp-json\/wp\/v2\/product\/31041\/revisions"}],"wp:featuredmedia":[{"embeddable":true,"href":"https:\/\/as-schwabe.de\/pl\/wp-json\/wp\/v2\/media\/30563"}],"wp:attachment":[{"href":"https:\/\/as-schwabe.de\/pl\/wp-json\/wp\/v2\/media?parent=31041"}],"wp:term":[{"taxonomy":"product_brand","embeddable":true,"href":"https:\/\/as-schwabe.de\/pl\/wp-json\/wp\/v2\/genre?post=31041"},{"taxonomy":"product_cat","embeddable":true,"href":"https:\/\/as-schwabe.de\/pl\/wp-json\/wp\/v2\/product_cat?post=31041"},{"taxonomy":"product_tag","embeddable":true,"href":"https:\/\/as-schwabe.de\/pl\/wp-json\/wp\/v2\/product_tag?post=31041"}],"curies":[{"name":"wp","href":"https:\/\/api.w.org\/{rel}","templated":true}]}}