{"id":31039,"date":"2025-09-26T23:05:07","date_gmt":"2025-09-26T23:05:07","guid":{"rendered":"https:\/\/as-schwabe.de\/produkt\/przedluzacz-1-gniazdowy-h07rn-f-3g15-cze-40-m-60374\/"},"modified":"2025-10-23T00:16:14","modified_gmt":"2025-10-23T00:16:14","slug":"przedluzacz-1-gniazdowy-h07rn-f-3g15-cze-40-m-60374","status":"publish","type":"product","link":"https:\/\/as-schwabe.de\/pl\/produkt\/przedluzacz-1-gniazdowy-h07rn-f-3g15-cze-40-m-60374\/","title":{"rendered":"Przed\u0142u\u017cacz 1-gniazdowy 40 m H07RN-F 3G1,5 CZE IP44 | 60374"},"content":{"rendered":"<p>Przed\u0142u\u017cacz 1-gniazdowy H07RN-F 3G1,5 w kolorze czerwonym o d\u0142ugo\u015bci 40 m to idealne rozwi\u0105zanie do zasilania sprz\u0119tu elektrycznego w trudnych warunkach, zar\u00f3wno na zewn\u0105trz, jak i na budowie. Zabezpieczony klas\u0105 IP44, przed\u0142u\u017cacz oferuje niezawodno\u015b\u0107 w trudnych warunkach atmosferycznych, a jego wtyczka i gniazdo o pr\u0105dzie nominalnym 16 A i napi\u0119ciu 230 V gwarantuj\u0105 bezpieczne i stabilne zasilanie do maksymalnej mocy 3500 W. Dzi\u0119ki elastycznemu, odpornemu na dzia\u0142anie wody i olej\u00f3w kablowi, zyskujesz pewno\u015b\u0107, \u017ce Tw\u00f3j sprz\u0119t elektryczny b\u0119dzie zawsze w\u0142a\u015bciwie zasilany. Przed\u0142u\u017cacz ten doskonale sprawdzi si\u0119 w zastosowaniach budowlanych oraz ogrodowych, gdzie mobilno\u015b\u0107 i bezpiecze\u0144stwo s\u0105 kluczowe. Wybieraj\u0105c ten produkt, inwestujesz w jako\u015b\u0107 i funkcjonalno\u015b\u0107, kt\u00f3re sprostaj\u0105 nawet najbardziej wymagaj\u0105cym zadaniom.<\/p>","protected":false},"excerpt":{"rendered":"<div class=\"icons\" style=\"display: flex; flex-wrap: wrap; gap: 5px; align-items: center; margin-top: 10px;\"><img decoding=\"async\" src=\"https:\/\/as-schwabe.de\/wp-content\/uploads\/ikony\/znak_CE.png\" alt=\"\" width=\"50\" height=\"50\" \/><img decoding=\"async\" src=\"https:\/\/as-schwabe.de\/wp-content\/uploads\/ikony\/znak_IP44.png\" alt=\"\" width=\"50\" height=\"50\" \/><img decoding=\"async\" src=\"https:\/\/as-schwabe.de\/wp-content\/uploads\/ikony\/znak_PB.png\" alt=\"\" width=\"50\" height=\"50\" \/><img loading=\"lazy\" decoding=\"async\" src=\"https:\/\/as-schwabe.de\/wp-content\/uploads\/ikony\/znak_Z.png\" alt=\"\" width=\"50\" height=\"50\" \/><img loading=\"lazy\" decoding=\"async\" src=\"https:\/\/as-schwabe.de\/wp-content\/uploads\/ikony\/znak_D.png\" alt=\"\" width=\"50\" height=\"50\" \/><img loading=\"lazy\" decoding=\"async\" src=\"https:\/\/as-schwabe.de\/wp-content\/uploads\/ikony\/znak_DG.png\" alt=\"\" width=\"50\" height=\"50\" \/><\/div>\n<ul>\n<li>dopuszczone do stosowania na budowach i w rolnictwie<\/li>\n<li> IP44: chroniony przed cia\u0142ami obcymi i bryzgami wody <\/li>\n<li>dopuszczone do stosowania na budowach i w rolnictwie <\/li>\n<li>wtyczka i gniazdo z uziemieniem, gniazdo wyposa\u017cone w klapk\u0119 ochronn\u0105 <\/li>\n<li>230 V, 16 A<\/li>\n<\/ul>","protected":false},"featured_media":30559,"template":"","meta":{"inline_featured_image":false},"genre":[509],"product_cat":[544,545],"product_tag":[],"class_list":{"0":"post-31039","1":"product","2":"type-product","3":"status-publish","4":"has-post-thumbnail","6":"product_brand-as-schwabe-pl","7":"product_cat-przedluzacze-2-pl","8":"product_cat-do-stosowania-na-budowach-pl","10":"first","11":"instock","12":"shipping-taxable","13":"product-type-simple"},"aioseo_notices":[],"_links":{"self":[{"href":"https:\/\/as-schwabe.de\/pl\/wp-json\/wp\/v2\/product\/31039","targetHints":{"allow":["GET"]}}],"collection":[{"href":"https:\/\/as-schwabe.de\/pl\/wp-json\/wp\/v2\/product"}],"about":[{"href":"https:\/\/as-schwabe.de\/pl\/wp-json\/wp\/v2\/types\/product"}],"version-history":[{"count":0,"href":"https:\/\/as-schwabe.de\/pl\/wp-json\/wp\/v2\/product\/31039\/revisions"}],"wp:featuredmedia":[{"embeddable":true,"href":"https:\/\/as-schwabe.de\/pl\/wp-json\/wp\/v2\/media\/30559"}],"wp:attachment":[{"href":"https:\/\/as-schwabe.de\/pl\/wp-json\/wp\/v2\/media?parent=31039"}],"wp:term":[{"taxonomy":"product_brand","embeddable":true,"href":"https:\/\/as-schwabe.de\/pl\/wp-json\/wp\/v2\/genre?post=31039"},{"taxonomy":"product_cat","embeddable":true,"href":"https:\/\/as-schwabe.de\/pl\/wp-json\/wp\/v2\/product_cat?post=31039"},{"taxonomy":"product_tag","embeddable":true,"href":"https:\/\/as-schwabe.de\/pl\/wp-json\/wp\/v2\/product_tag?post=31039"}],"curies":[{"name":"wp","href":"https:\/\/api.w.org\/{rel}","templated":true}]}}