{"id":31038,"date":"2025-09-26T23:05:06","date_gmt":"2025-09-26T23:05:06","guid":{"rendered":"https:\/\/as-schwabe.de\/produkt\/przedluzacz-1-gniazdowy-h07rn-f-3g15-cze-25-m-60373\/"},"modified":"2025-10-23T00:16:13","modified_gmt":"2025-10-23T00:16:13","slug":"przedluzacz-1-gniazdowy-h07rn-f-3g15-cze-25-m-60373","status":"publish","type":"product","link":"https:\/\/as-schwabe.de\/pl\/produkt\/przedluzacz-1-gniazdowy-h07rn-f-3g15-cze-25-m-60373\/","title":{"rendered":"Przed\u0142u\u017cacz 1-gniazdowy 25 m H07RN-F 3G1,5 CZE IP44 | 60373"},"content":{"rendered":"<p>Przed\u0142u\u017cacz 1-gniazdowy H07RN-F 3G1,5 w intensywnym czerwonym kolorze o d\u0142ugo\u015bci 25 m to idealne rozwi\u0105zanie dla zastosowa\u0144 zar\u00f3wno na zewn\u0105trz, jak i na budowach. Wyposa\u017cony w wtyczk\u0119 IP44, zapewnia niezawodne po\u0142\u0105czenie przy napi\u0119ciu 230 V i pr\u0105dzie do 16 A, co czyni go odpowiednim do codziennych zada\u0144 wymagaj\u0105cych mocy do 3500 W. Gniazdo IP44 gwarantuje ochron\u0119 przed niekorzystnymi warunkami atmosferycznymi oraz py\u0142em, co zwi\u0119ksza bezpiecze\u0144stwo u\u017cytkowania w trudnych warunkach. Przed\u0142u\u017cacz charakteryzuje si\u0119 elastycznym kablem, umo\u017cliwiaj\u0105cym \u0142atwe dopasowanie do potrzeb u\u017cytkownika, co sprawia, \u017ce jest idealnym wyborem dla profesjonalist\u00f3w i amator\u00f3w pracuj\u0105cych na \u015bwie\u017cym powietrzu.<\/p>","protected":false},"excerpt":{"rendered":"<div class=\"icons\" style=\"display: flex; flex-wrap: wrap; gap: 5px; align-items: center; margin-top: 10px;\"><img decoding=\"async\" src=\"https:\/\/as-schwabe.de\/wp-content\/uploads\/ikony\/znak_CE.png\" alt=\"\" width=\"50\" height=\"50\" \/><img decoding=\"async\" src=\"https:\/\/as-schwabe.de\/wp-content\/uploads\/ikony\/znak_IP44.png\" alt=\"\" width=\"50\" height=\"50\" \/><img decoding=\"async\" src=\"https:\/\/as-schwabe.de\/wp-content\/uploads\/ikony\/znak_PB.png\" alt=\"\" width=\"50\" height=\"50\" \/><img loading=\"lazy\" decoding=\"async\" src=\"https:\/\/as-schwabe.de\/wp-content\/uploads\/ikony\/znak_Z.png\" alt=\"\" width=\"50\" height=\"50\" \/><img loading=\"lazy\" decoding=\"async\" src=\"https:\/\/as-schwabe.de\/wp-content\/uploads\/ikony\/znak_D.png\" alt=\"\" width=\"50\" height=\"50\" \/><img loading=\"lazy\" decoding=\"async\" src=\"https:\/\/as-schwabe.de\/wp-content\/uploads\/ikony\/znak_DG.png\" alt=\"\" width=\"50\" height=\"50\" \/><\/div>\n<ul>\n<li>dopuszczone do stosowania na budowach i w rolnictwie<\/li>\n<li> IP44: chroniony przed cia\u0142ami obcymi i bryzgami wody <\/li>\n<li>dopuszczone do stosowania na budowach i w rolnictwie <\/li>\n<li>wtyczka i gniazdo z uziemieniem, gniazdo wyposa\u017cone w klapk\u0119 ochronn\u0105 <\/li>\n<li>230 V, 16 A<\/li>\n<\/ul>","protected":false},"featured_media":30556,"template":"","meta":{"inline_featured_image":false},"genre":[509],"product_cat":[544,545],"product_tag":[],"class_list":{"0":"post-31038","1":"product","2":"type-product","3":"status-publish","4":"has-post-thumbnail","6":"product_brand-as-schwabe-pl","7":"product_cat-przedluzacze-2-pl","8":"product_cat-do-stosowania-na-budowach-pl","10":"first","11":"instock","12":"shipping-taxable","13":"product-type-simple"},"aioseo_notices":[],"_links":{"self":[{"href":"https:\/\/as-schwabe.de\/pl\/wp-json\/wp\/v2\/product\/31038","targetHints":{"allow":["GET"]}}],"collection":[{"href":"https:\/\/as-schwabe.de\/pl\/wp-json\/wp\/v2\/product"}],"about":[{"href":"https:\/\/as-schwabe.de\/pl\/wp-json\/wp\/v2\/types\/product"}],"version-history":[{"count":0,"href":"https:\/\/as-schwabe.de\/pl\/wp-json\/wp\/v2\/product\/31038\/revisions"}],"wp:featuredmedia":[{"embeddable":true,"href":"https:\/\/as-schwabe.de\/pl\/wp-json\/wp\/v2\/media\/30556"}],"wp:attachment":[{"href":"https:\/\/as-schwabe.de\/pl\/wp-json\/wp\/v2\/media?parent=31038"}],"wp:term":[{"taxonomy":"product_brand","embeddable":true,"href":"https:\/\/as-schwabe.de\/pl\/wp-json\/wp\/v2\/genre?post=31038"},{"taxonomy":"product_cat","embeddable":true,"href":"https:\/\/as-schwabe.de\/pl\/wp-json\/wp\/v2\/product_cat?post=31038"},{"taxonomy":"product_tag","embeddable":true,"href":"https:\/\/as-schwabe.de\/pl\/wp-json\/wp\/v2\/product_tag?post=31038"}],"curies":[{"name":"wp","href":"https:\/\/api.w.org\/{rel}","templated":true}]}}