{"id":31037,"date":"2025-09-26T23:05:06","date_gmt":"2025-09-26T23:05:06","guid":{"rendered":"https:\/\/as-schwabe.de\/produkt\/przedluzacz-1-gniazdowy-h07rn-f-3g15-cza-5-m-60372\/"},"modified":"2025-10-23T00:16:13","modified_gmt":"2025-10-23T00:16:13","slug":"przedluzacz-1-gniazdowy-h07rn-f-3g15-cza-5-m-60372","status":"publish","type":"product","link":"https:\/\/as-schwabe.de\/pl\/produkt\/przedluzacz-1-gniazdowy-h07rn-f-3g15-cza-5-m-60372\/","title":{"rendered":"Przed\u0142u\u017cacz 1-gniazdowy 5 m H07RN-F 3G1,5 CZA IP44 | 60372"},"content":{"rendered":"<p>Przed\u0142u\u017cacz 1-gniazdowy H07RN-F 3G1,5 to niezawodne rozwi\u0105zanie, kt\u00f3re sprawdzi si\u0119 w trudnych warunkach zewn\u0119trznych, oraz na budowie. Posiada wtyczk\u0119 IP44 oraz gniazdo IP44, umo\u017cliwiaj\u0105ce bezpieczne zasilanie urz\u0105dze\u0144 elektrycznych przy napi\u0119ciu 230 V i nat\u0119\u017ceniu 16 A, co przek\u0142ada si\u0119 na maksymaln\u0105 moc 3500 W. Dzi\u0119ki d\u0142ugo\u015bci 5 metr\u00f3w, przed\u0142u\u017cacz zapewnia elastyczno\u015b\u0107 w zakresie rozmieszczenia sprz\u0119tu, a jego solidna konstrukcja nastawiona na odporno\u015b\u0107 na czynniki atmosferyczne gwarantuje d\u0142ugotrwa\u0142e u\u017cytkowanie. Produkt ten jest idealnym wyborem dla fachowc\u00f3w i majsterkowicz\u00f3w, kt\u00f3rzy poszukuj\u0105 wszechstronnego i bezpiecznego \u017ar\u00f3d\u0142a zasilania w wymagaj\u0105cych warunkach.<\/p>","protected":false},"excerpt":{"rendered":"<div class=\"icons\" style=\"display: flex; flex-wrap: wrap; gap: 5px; align-items: center; margin-top: 10px;\"><img decoding=\"async\" src=\"https:\/\/as-schwabe.de\/wp-content\/uploads\/ikony\/znak_CE.png\" alt=\"\" width=\"50\" height=\"50\" \/><img decoding=\"async\" src=\"https:\/\/as-schwabe.de\/wp-content\/uploads\/ikony\/znak_IP44.png\" alt=\"\" width=\"50\" height=\"50\" \/><img decoding=\"async\" src=\"https:\/\/as-schwabe.de\/wp-content\/uploads\/ikony\/znak_PB.png\" alt=\"\" width=\"50\" height=\"50\" \/><img loading=\"lazy\" decoding=\"async\" src=\"https:\/\/as-schwabe.de\/wp-content\/uploads\/ikony\/znak_Z.png\" alt=\"\" width=\"50\" height=\"50\" \/><img loading=\"lazy\" decoding=\"async\" src=\"https:\/\/as-schwabe.de\/wp-content\/uploads\/ikony\/znak_D.png\" alt=\"\" width=\"50\" height=\"50\" \/><img loading=\"lazy\" decoding=\"async\" src=\"https:\/\/as-schwabe.de\/wp-content\/uploads\/ikony\/znak_DG.png\" alt=\"\" width=\"50\" height=\"50\" \/><\/div>\n<ul>\n<li>dopuszczone do stosowania na budowach i w rolnictwie<\/li>\n<li> IP44: chroniony przed cia\u0142ami obcymi i bryzgami wody <\/li>\n<li>dopuszczone do stosowania na budowach i w rolnictwie <\/li>\n<li>wtyczka i gniazdo z uziemieniem, gniazdo wyposa\u017cone w klapk\u0119 ochronn\u0105 <\/li>\n<li>230 V, 16 A<\/li>\n<\/ul>","protected":false},"featured_media":30555,"template":"","meta":{"inline_featured_image":false},"genre":[509],"product_cat":[544,545],"product_tag":[],"class_list":{"0":"post-31037","1":"product","2":"type-product","3":"status-publish","4":"has-post-thumbnail","6":"product_brand-as-schwabe-pl","7":"product_cat-przedluzacze-2-pl","8":"product_cat-do-stosowania-na-budowach-pl","10":"first","11":"instock","12":"shipping-taxable","13":"product-type-simple"},"aioseo_notices":[],"_links":{"self":[{"href":"https:\/\/as-schwabe.de\/pl\/wp-json\/wp\/v2\/product\/31037","targetHints":{"allow":["GET"]}}],"collection":[{"href":"https:\/\/as-schwabe.de\/pl\/wp-json\/wp\/v2\/product"}],"about":[{"href":"https:\/\/as-schwabe.de\/pl\/wp-json\/wp\/v2\/types\/product"}],"version-history":[{"count":0,"href":"https:\/\/as-schwabe.de\/pl\/wp-json\/wp\/v2\/product\/31037\/revisions"}],"wp:featuredmedia":[{"embeddable":true,"href":"https:\/\/as-schwabe.de\/pl\/wp-json\/wp\/v2\/media\/30555"}],"wp:attachment":[{"href":"https:\/\/as-schwabe.de\/pl\/wp-json\/wp\/v2\/media?parent=31037"}],"wp:term":[{"taxonomy":"product_brand","embeddable":true,"href":"https:\/\/as-schwabe.de\/pl\/wp-json\/wp\/v2\/genre?post=31037"},{"taxonomy":"product_cat","embeddable":true,"href":"https:\/\/as-schwabe.de\/pl\/wp-json\/wp\/v2\/product_cat?post=31037"},{"taxonomy":"product_tag","embeddable":true,"href":"https:\/\/as-schwabe.de\/pl\/wp-json\/wp\/v2\/product_tag?post=31037"}],"curies":[{"name":"wp","href":"https:\/\/api.w.org\/{rel}","templated":true}]}}