{"id":31033,"date":"2025-09-26T23:05:03","date_gmt":"2025-09-26T23:05:03","guid":{"rendered":"https:\/\/as-schwabe.de\/produkt\/przedluzacz-cee-400-v-16-a-h07rn-f-5g15-10-m-60366\/"},"modified":"2025-10-23T00:16:11","modified_gmt":"2025-10-23T00:16:11","slug":"przedluzacz-cee-400-v-16-a-h07rn-f-5g15-10-m-60366","status":"publish","type":"product","link":"https:\/\/as-schwabe.de\/pl\/produkt\/przedluzacz-cee-400-v-16-a-h07rn-f-5g15-10-m-60366\/","title":{"rendered":"Przed\u0142u\u017cacz CEE 400 V, 16 A, 5P 10 m H07RN-F 5G1,5 | 60366"},"content":{"rendered":"<p>Przed\u0142u\u017cacz CEE 400 V, 16 A, 5P o d\u0142ugo\u015bci 10 m to niezawodne rozwi\u0105zanie dla profesjonalist\u00f3w, kt\u00f3rzy potrzebuj\u0105 stabilnego zasilania w trudnych warunkach. Wyposa\u017cony w wtyczk\u0119 i gniazdo CEE 400 V, 16 A, 5P, zapewnia maksymalne napi\u0119cie 400 V oraz nat\u0119\u017cenie do 16 A, co pozwala na bezpieczne zasilanie urz\u0105dze\u0144 o mocy do 11 kW. Kabel H07RN-F 5G1,5 w kolorze czarnym charakteryzuje si\u0119 du\u017c\u0105 odporno\u015bci\u0105 na czynniki atmosferyczne, co czyni go idealnym do u\u017cytku na zewn\u0105trz oraz na placach budowy. Klasa szczelno\u015bci IP44 zapewnia skuteczn\u0105 ochron\u0119 przed wilgoci\u0105 i py\u0142em, co zwi\u0119ksza trwa\u0142o\u015b\u0107 i niezawodno\u015b\u0107 produktu w wymagaj\u0105cych warunkach. Wybieraj\u0105c ten przed\u0142u\u017cacz, zyskujesz pewno\u015b\u0107 efektywnego i bezpiecznego zasilania w ka\u017cdych okoliczno\u015bciach.<\/p>","protected":false},"excerpt":{"rendered":"<div class=\"icons\" style=\"display: flex; flex-wrap: wrap; gap: 5px; align-items: center; margin-top: 10px;\"><img decoding=\"async\" src=\"https:\/\/as-schwabe.de\/wp-content\/uploads\/ikony\/znak_CE.png\" alt=\"\" width=\"50\" height=\"50\" \/><img decoding=\"async\" src=\"https:\/\/as-schwabe.de\/wp-content\/uploads\/ikony\/znak_IP44.png\" alt=\"\" width=\"50\" height=\"50\" \/><img decoding=\"async\" src=\"https:\/\/as-schwabe.de\/wp-content\/uploads\/ikony\/znak_PB.png\" alt=\"\" width=\"50\" height=\"50\" \/><img loading=\"lazy\" decoding=\"async\" src=\"https:\/\/as-schwabe.de\/wp-content\/uploads\/ikony\/znak_Z.png\" alt=\"\" width=\"50\" height=\"50\" \/><img loading=\"lazy\" decoding=\"async\" src=\"https:\/\/as-schwabe.de\/wp-content\/uploads\/ikony\/znak_D.png\" alt=\"\" width=\"50\" height=\"50\" \/><img loading=\"lazy\" decoding=\"async\" src=\"https:\/\/as-schwabe.de\/wp-content\/uploads\/ikony\/znak_DE.png\" alt=\"\" width=\"50\" height=\"40\" \/><\/div>\n<ul>\n<li>Przed\u0142u\u017cacz wysokopr\u0105dowy CEE do stosowania na budowach i w rolnictwie 10 m H07RN-F 5G1,5 <\/li>\n<li>z wysokiej jako\u015bci wtyczk\u0105 CEE i gniazdem CEE z uchyln\u0105 klapk\u0105 <\/li>\n<li>wtyczki i gniazda najnowszej generacji \u201eMade in Germany\u201d <\/li>\n<li>400 V, 5P, 6h <\/li>\n<li>IP44: chroniony przed cia\u0142ami obcymi i bryzgami wody<\/li>\n<\/ul>","protected":false},"featured_media":30544,"template":"","meta":{"inline_featured_image":false},"genre":[509],"product_cat":[518,569],"product_tag":[],"class_list":{"0":"post-31033","1":"product","2":"type-product","3":"status-publish","4":"has-post-thumbnail","6":"product_brand-as-schwabe-pl","7":"product_cat-asortyment-produktow-cee-400-v-pl","8":"product_cat-przedluzacze-cee-i-wtyczki-testujace-cee-pl","10":"first","11":"instock","12":"shipping-taxable","13":"product-type-simple"},"aioseo_notices":[],"_links":{"self":[{"href":"https:\/\/as-schwabe.de\/pl\/wp-json\/wp\/v2\/product\/31033","targetHints":{"allow":["GET"]}}],"collection":[{"href":"https:\/\/as-schwabe.de\/pl\/wp-json\/wp\/v2\/product"}],"about":[{"href":"https:\/\/as-schwabe.de\/pl\/wp-json\/wp\/v2\/types\/product"}],"version-history":[{"count":0,"href":"https:\/\/as-schwabe.de\/pl\/wp-json\/wp\/v2\/product\/31033\/revisions"}],"wp:featuredmedia":[{"embeddable":true,"href":"https:\/\/as-schwabe.de\/pl\/wp-json\/wp\/v2\/media\/30544"}],"wp:attachment":[{"href":"https:\/\/as-schwabe.de\/pl\/wp-json\/wp\/v2\/media?parent=31033"}],"wp:term":[{"taxonomy":"product_brand","embeddable":true,"href":"https:\/\/as-schwabe.de\/pl\/wp-json\/wp\/v2\/genre?post=31033"},{"taxonomy":"product_cat","embeddable":true,"href":"https:\/\/as-schwabe.de\/pl\/wp-json\/wp\/v2\/product_cat?post=31033"},{"taxonomy":"product_tag","embeddable":true,"href":"https:\/\/as-schwabe.de\/pl\/wp-json\/wp\/v2\/product_tag?post=31033"}],"curies":[{"name":"wp","href":"https:\/\/api.w.org\/{rel}","templated":true}]}}