{"id":31032,"date":"2025-09-26T23:05:02","date_gmt":"2025-09-26T23:05:02","guid":{"rendered":"https:\/\/as-schwabe.de\/produkt\/przedluzacz-1-gniazdowy-h05rr-f-3g15-cza-50-m-60365\/"},"modified":"2025-10-23T00:16:11","modified_gmt":"2025-10-23T00:16:11","slug":"przedluzacz-1-gniazdowy-h05rr-f-3g15-cza-50-m-60365","status":"publish","type":"product","link":"https:\/\/as-schwabe.de\/pl\/produkt\/przedluzacz-1-gniazdowy-h05rr-f-3g15-cza-50-m-60365\/","title":{"rendered":"Przed\u0142u\u017cacz 1-gniazdowy 50 m H05RR-F 3G1,5 CZA IP44 | 60365"},"content":{"rendered":"<p>Przed\u0142u\u017cacz 1-gniazdowy H05RR-F 3G1,5 czarny o d\u0142ugo\u015bci 50 m to niezawodne rozwi\u0105zanie do zasilania urz\u0105dze\u0144 elektrycznych zar\u00f3wno w pomieszczeniach, jak i w warunkach zewn\u0119trznych. Wyposa\u017cony w wtyczk\u0119 oraz gniazdo o stopniu ochrony IP44, zapewnia bezpieczne u\u017cytkowanie przy napi\u0119ciu 230 V i nat\u0119\u017ceniu do 16 A, co odpowiada maksymalnej mocy 3500 W. Dzi\u0119ki elastycznemu kablowi, odpornemu na dzia\u0142anie warunk\u00f3w atmosferycznych, idealnie sprawdzi si\u0119 w ogrodach, na budowach oraz w warsztatach. D\u0142ugotrwa\u0142a konstrukcja oraz wysoka jako\u015b\u0107 zastosowanych materia\u0142\u00f3w gwarantuj\u0105 nie tylko funkcjonalno\u015b\u0107, ale tak\u017ce trwa\u0142o\u015b\u0107 produktu w intensywnym u\u017cytkowaniu. Wybierz nasz przed\u0142u\u017cacz i ciesz si\u0119 wygod\u0105 dost\u0119pu do energii elektrycznej w ka\u017cdych warunkach!<\/p>","protected":false},"excerpt":{"rendered":"<div class=\"icons\" style=\"display: flex; flex-wrap: wrap; gap: 5px; align-items: center; margin-top: 10px;\"><img decoding=\"async\" src=\"https:\/\/as-schwabe.de\/wp-content\/uploads\/ikony\/znak_CE.png\" alt=\"\" width=\"50\" height=\"50\" \/><img decoding=\"async\" src=\"https:\/\/as-schwabe.de\/wp-content\/uploads\/ikony\/znak_IP44.png\" alt=\"\" width=\"50\" height=\"50\" \/><img decoding=\"async\" src=\"https:\/\/as-schwabe.de\/wp-content\/uploads\/ikony\/znak_Z.png\" alt=\"\" width=\"50\" height=\"50\" \/><img loading=\"lazy\" decoding=\"async\" src=\"https:\/\/as-schwabe.de\/wp-content\/uploads\/ikony\/znak_D.png\" alt=\"\" width=\"50\" height=\"50\" \/><\/div>\n<ul>\n<li>IP44: chroniony przed cia\u0142ami obcymi i bryzgami wody <\/li>\n<li>nadaje si\u0119 do kr\u00f3tkotrwa\u0142ego u\u017cytku na zewn\u0105trz<\/li>\n<li> wtyczka i gniazdo z uziemieniem, gniazdo wyposa\u017cone w klapk\u0119 ochronn\u0105 <\/li>\n<li>IP44: chroniony przed cia\u0142ami obcymi i bryzgami wody <\/li>\n<li>230 V, 16 A<\/li>\n<\/ul>","protected":false},"featured_media":30541,"template":"","meta":{"inline_featured_image":false},"genre":[509],"product_cat":[544,568],"product_tag":[],"class_list":{"0":"post-31032","1":"product","2":"type-product","3":"status-publish","4":"has-post-thumbnail","6":"product_brand-as-schwabe-pl","7":"product_cat-przedluzacze-2-pl","8":"product_cat-do-uzytku-na-zewnatrz-2-pl","10":"first","11":"instock","12":"shipping-taxable","13":"product-type-simple"},"aioseo_notices":[],"_links":{"self":[{"href":"https:\/\/as-schwabe.de\/pl\/wp-json\/wp\/v2\/product\/31032","targetHints":{"allow":["GET"]}}],"collection":[{"href":"https:\/\/as-schwabe.de\/pl\/wp-json\/wp\/v2\/product"}],"about":[{"href":"https:\/\/as-schwabe.de\/pl\/wp-json\/wp\/v2\/types\/product"}],"version-history":[{"count":0,"href":"https:\/\/as-schwabe.de\/pl\/wp-json\/wp\/v2\/product\/31032\/revisions"}],"wp:featuredmedia":[{"embeddable":true,"href":"https:\/\/as-schwabe.de\/pl\/wp-json\/wp\/v2\/media\/30541"}],"wp:attachment":[{"href":"https:\/\/as-schwabe.de\/pl\/wp-json\/wp\/v2\/media?parent=31032"}],"wp:term":[{"taxonomy":"product_brand","embeddable":true,"href":"https:\/\/as-schwabe.de\/pl\/wp-json\/wp\/v2\/genre?post=31032"},{"taxonomy":"product_cat","embeddable":true,"href":"https:\/\/as-schwabe.de\/pl\/wp-json\/wp\/v2\/product_cat?post=31032"},{"taxonomy":"product_tag","embeddable":true,"href":"https:\/\/as-schwabe.de\/pl\/wp-json\/wp\/v2\/product_tag?post=31032"}],"curies":[{"name":"wp","href":"https:\/\/api.w.org\/{rel}","templated":true}]}}