{"id":31029,"date":"2025-09-26T23:04:59","date_gmt":"2025-09-26T23:04:59","guid":{"rendered":"https:\/\/as-schwabe.de\/produkt\/przedluzacz-1-gniazdowy-h05vv-f-3g15-cze-25m-60361\/"},"modified":"2025-10-23T00:16:09","modified_gmt":"2025-10-23T00:16:09","slug":"przedluzacz-1-gniazdowy-h05vv-f-3g15-cze-25m-60361","status":"publish","type":"product","link":"https:\/\/as-schwabe.de\/pl\/produkt\/przedluzacz-1-gniazdowy-h05vv-f-3g15-cze-25m-60361\/","title":{"rendered":"Przed\u0142u\u017cacz 1-gniazdowy z wtykiem k\u0105towym 25 m H05VV-F 3G1,5 CZE IP20 | 60361"},"content":{"rendered":"<p>Przed\u0142u\u017cacz 1-gniazdowy H05VV-F 3G1,5 w kolorze czerwonym o d\u0142ugo\u015bci 25 metr\u00f3w to idealne rozwi\u0105zanie dla u\u017cytkownik\u00f3w potrzebuj\u0105cych wygodnego zasilania w pomieszczeniach. Posiada wtyczk\u0119 IP20 oraz jedno gniazdo IP20, co umo\u017cliwia pod\u0142\u0105czenie urz\u0105dze\u0144 o maksymalnej mocy 3500 W przy napi\u0119ciu 230 V i pr\u0105dzie 16 A. Wyr\u00f3b doskonale sprawdzi si\u0119 w domach oraz biurach, zapewniaj\u0105c elastyczno\u015b\u0107 w rozmieszczeniu sprz\u0119tu elektronicznego. Dzi\u0119ki solidnej konstrukcji i zastosowaniu materia\u0142\u00f3w wysokiej jako\u015bci, przed\u0142u\u017cacz gwarantuje bezpiecze\u0144stwo u\u017cytkowania oraz d\u0142ugowieczno\u015b\u0107. Zastosowanie standardu IP20 wskazuje na jego przeznaczenie do u\u017cytku wewn\u0119trznego, co czyni go praktycznym akcesorium w ka\u017cdym wn\u0119trzu.<\/p>","protected":false},"excerpt":{"rendered":"<div class=\"icons\" style=\"display: flex; flex-wrap: wrap; gap: 5px; align-items: center; margin-top: 10px;\"><img decoding=\"async\" src=\"https:\/\/as-schwabe.de\/wp-content\/uploads\/ikony\/znak_CE.png\" alt=\"\" width=\"50\" height=\"50\" \/><img decoding=\"async\" src=\"https:\/\/as-schwabe.de\/wp-content\/uploads\/ikony\/znak_IP20.png\" alt=\"\" width=\"50\" height=\"50\" \/><img decoding=\"async\" src=\"https:\/\/as-schwabe.de\/wp-content\/uploads\/ikony\/znak_Z.png\" alt=\"\" width=\"50\" height=\"50\" \/><img loading=\"lazy\" decoding=\"async\" src=\"https:\/\/as-schwabe.de\/wp-content\/uploads\/ikony\/znak_D.png\" alt=\"\" width=\"50\" height=\"50\" \/><\/div>\n<ul>\n<li>IP20: do u\u017cytku wewn\u0105trz pomieszcze\u0144 <\/li>\n<li>nadaj\u0105 si\u0119 do u\u017cytku w pomieszczeniach zamkni\u0119tych <\/li>\n<li>wtyczka z uziemieniem i gniazdo z uziemieniem <\/li>\n<li>IP20: do u\u017cytku wewn\u0105trz pomieszcze\u0144 <\/li>\n<li>230 V, 16 A<\/li>\n<\/ul>","protected":false},"featured_media":30534,"template":"","meta":{"inline_featured_image":false},"genre":[509],"product_cat":[544,568],"product_tag":[],"class_list":{"0":"post-31029","1":"product","2":"type-product","3":"status-publish","4":"has-post-thumbnail","6":"product_brand-as-schwabe-pl","7":"product_cat-przedluzacze-2-pl","8":"product_cat-do-uzytku-na-zewnatrz-2-pl","10":"first","11":"instock","12":"shipping-taxable","13":"product-type-simple"},"aioseo_notices":[],"_links":{"self":[{"href":"https:\/\/as-schwabe.de\/pl\/wp-json\/wp\/v2\/product\/31029","targetHints":{"allow":["GET"]}}],"collection":[{"href":"https:\/\/as-schwabe.de\/pl\/wp-json\/wp\/v2\/product"}],"about":[{"href":"https:\/\/as-schwabe.de\/pl\/wp-json\/wp\/v2\/types\/product"}],"version-history":[{"count":0,"href":"https:\/\/as-schwabe.de\/pl\/wp-json\/wp\/v2\/product\/31029\/revisions"}],"wp:featuredmedia":[{"embeddable":true,"href":"https:\/\/as-schwabe.de\/pl\/wp-json\/wp\/v2\/media\/30534"}],"wp:attachment":[{"href":"https:\/\/as-schwabe.de\/pl\/wp-json\/wp\/v2\/media?parent=31029"}],"wp:term":[{"taxonomy":"product_brand","embeddable":true,"href":"https:\/\/as-schwabe.de\/pl\/wp-json\/wp\/v2\/genre?post=31029"},{"taxonomy":"product_cat","embeddable":true,"href":"https:\/\/as-schwabe.de\/pl\/wp-json\/wp\/v2\/product_cat?post=31029"},{"taxonomy":"product_tag","embeddable":true,"href":"https:\/\/as-schwabe.de\/pl\/wp-json\/wp\/v2\/product_tag?post=31029"}],"curies":[{"name":"wp","href":"https:\/\/api.w.org\/{rel}","templated":true}]}}