{"id":31026,"date":"2025-09-26T23:04:58","date_gmt":"2025-09-26T23:04:58","guid":{"rendered":"https:\/\/as-schwabe.de\/produkt\/przedluzacz-1-gniazdowy-n07v3v3-f-3g15-zol-50-m-60356\/"},"modified":"2025-10-23T00:16:08","modified_gmt":"2025-10-23T00:16:08","slug":"przedluzacz-1-gniazdowy-n07v3v3-f-3g15-zol-50-m-60356","status":"publish","type":"product","link":"https:\/\/as-schwabe.de\/pl\/produkt\/przedluzacz-1-gniazdowy-n07v3v3-f-3g15-zol-50-m-60356\/","title":{"rendered":"Przed\u0142u\u017cacz 1-gniazdowy 50 m AT-N07V3V3-F 3G1,5 \u017b\u00d3\u0141 IP44 | 60356"},"content":{"rendered":"<p>Przed\u0142u\u017cacz 1-gniazdowy AT-N07V3V3-F to niezawodne rozwi\u0105zanie dla profesjonalist\u00f3w oraz majsterkowicz\u00f3w, idealne do u\u017cytku na zewn\u0105trz i w trudnych warunkach budowlanych. Wyposa\u017cony w wtyczk\u0119 IP44 oraz jedno gniazdo IP44, zapewnia maksymalne napi\u0119cie 230 V i pr\u0105d 16 A, co pozwala na pod\u0142\u0105czenie urz\u0105dze\u0144 o mocy do 3500 W. Jego \u017c\u00f3\u0142ty kolor zwi\u0119ksza widoczno\u015b\u0107, co jest szczeg\u00f3lnie istotne w warunkach roboczych. D\u0142ugo\u015b\u0107 przewodu 50 m umo\u017cliwia elastyczne pod\u0142\u0105czenie sprz\u0119tu w r\u00f3\u017cnych miejscach, a solidna konstrukcja zapewnia trwa\u0142o\u015b\u0107 i bezpiecze\u0144stwo u\u017cytkowania. Wybieraj\u0105c ten przed\u0142u\u017cacz, zyskujesz komfort i pewno\u015b\u0107 w ka\u017cdej sytuacji roboczej.<\/p>","protected":false},"excerpt":{"rendered":"<div class=\"icons\" style=\"display: flex; flex-wrap: wrap; gap: 5px; align-items: center; margin-top: 10px;\"><img decoding=\"async\" src=\"https:\/\/as-schwabe.de\/wp-content\/uploads\/ikony\/znak_CE.png\" alt=\"\" width=\"50\" height=\"50\" \/><img decoding=\"async\" src=\"https:\/\/as-schwabe.de\/wp-content\/uploads\/ikony\/znak_IP44.png\" alt=\"\" width=\"50\" height=\"50\" \/><img decoding=\"async\" src=\"https:\/\/as-schwabe.de\/wp-content\/uploads\/ikony\/znak_PB.png\" alt=\"\" width=\"50\" height=\"50\" \/><img loading=\"lazy\" decoding=\"async\" src=\"https:\/\/as-schwabe.de\/wp-content\/uploads\/ikony\/znak_Z.png\" alt=\"\" width=\"50\" height=\"50\" \/><img loading=\"lazy\" decoding=\"async\" src=\"https:\/\/as-schwabe.de\/wp-content\/uploads\/ikony\/znak_D.png\" alt=\"\" width=\"50\" height=\"50\" \/><img loading=\"lazy\" decoding=\"async\" src=\"https:\/\/as-schwabe.de\/wp-content\/uploads\/ikony\/znak_DG.png\" alt=\"\" width=\"50\" height=\"50\" \/><\/div>\n<ul>\n<li>dopuszczone do stosowania na budowach i w rolnictwie<\/li>\n<li> IP44: chroniony przed cia\u0142ami obcymi i bryzgami wody <\/li>\n<li>dopuszczone do stosowania na budowach i w rolnictwie <\/li>\n<li>wtyczka i gniazdo z uziemieniem, gniazdo wyposa\u017cone w klapk\u0119 ochronn\u0105 <\/li>\n<li>230 V, 16 A<\/li>\n<\/ul>","protected":false},"featured_media":30530,"template":"","meta":{"inline_featured_image":false},"genre":[509],"product_cat":[544,545],"product_tag":[],"class_list":{"0":"post-31026","1":"product","2":"type-product","3":"status-publish","4":"has-post-thumbnail","6":"product_brand-as-schwabe-pl","7":"product_cat-przedluzacze-2-pl","8":"product_cat-do-stosowania-na-budowach-pl","10":"first","11":"instock","12":"shipping-taxable","13":"product-type-simple"},"aioseo_notices":[],"_links":{"self":[{"href":"https:\/\/as-schwabe.de\/pl\/wp-json\/wp\/v2\/product\/31026","targetHints":{"allow":["GET"]}}],"collection":[{"href":"https:\/\/as-schwabe.de\/pl\/wp-json\/wp\/v2\/product"}],"about":[{"href":"https:\/\/as-schwabe.de\/pl\/wp-json\/wp\/v2\/types\/product"}],"version-history":[{"count":0,"href":"https:\/\/as-schwabe.de\/pl\/wp-json\/wp\/v2\/product\/31026\/revisions"}],"wp:featuredmedia":[{"embeddable":true,"href":"https:\/\/as-schwabe.de\/pl\/wp-json\/wp\/v2\/media\/30530"}],"wp:attachment":[{"href":"https:\/\/as-schwabe.de\/pl\/wp-json\/wp\/v2\/media?parent=31026"}],"wp:term":[{"taxonomy":"product_brand","embeddable":true,"href":"https:\/\/as-schwabe.de\/pl\/wp-json\/wp\/v2\/genre?post=31026"},{"taxonomy":"product_cat","embeddable":true,"href":"https:\/\/as-schwabe.de\/pl\/wp-json\/wp\/v2\/product_cat?post=31026"},{"taxonomy":"product_tag","embeddable":true,"href":"https:\/\/as-schwabe.de\/pl\/wp-json\/wp\/v2\/product_tag?post=31026"}],"curies":[{"name":"wp","href":"https:\/\/api.w.org\/{rel}","templated":true}]}}