{"id":31025,"date":"2025-09-26T23:04:57","date_gmt":"2025-09-26T23:04:57","guid":{"rendered":"https:\/\/as-schwabe.de\/produkt\/przedluzacz-1-gniazdowy-n07v3v3-f-3g15-zol-25-m-60355\/"},"modified":"2025-10-23T00:16:07","modified_gmt":"2025-10-23T00:16:07","slug":"przedluzacz-1-gniazdowy-n07v3v3-f-3g15-zol-25-m-60355","status":"publish","type":"product","link":"https:\/\/as-schwabe.de\/pl\/produkt\/przedluzacz-1-gniazdowy-n07v3v3-f-3g15-zol-25-m-60355\/","title":{"rendered":"Przed\u0142u\u017cacz 1-gniazdowy 25 m AT-N07V3V3-F 3G1,5 \u017b\u00d3\u0141 IP44 | 60355"},"content":{"rendered":"<p>Przed\u0142u\u017cacz 1-gniazdowy AT-N07V3V3-F o d\u0142ugo\u015bci 25 m zosta\u0142 zaprojektowany z my\u015bl\u0105 o zastosowaniach na zewn\u0105trz oraz w warunkach budowlanych. Wyposa\u017cony w wtyczk\u0119 IP44 i gniazdo IP44 o maksymalnym obci\u0105\u017ceniu 230 V, 16 A (3500 W), zapewnia niezawodne zasilanie dla r\u00f3\u017cnorodnych narz\u0119dzi i urz\u0105dze\u0144 elektrycznych. Dzi\u0119ki zastosowanej konstrukcji odporniej na dzia\u0142anie wilgoci, produkt idealnie sprawdzi si\u0119 w trudnych warunkach atmosferycznych. Wysoka jako\u015b\u0107 u\u017cytych materia\u0142\u00f3w oraz ergonomiczn\u0105 form\u0119 zapewniaj\u0105 bezpiecze\u0144stwo i trwa\u0142o\u015b\u0107 u\u017cytkowania. Przed\u0142u\u017cacz AT-N07V3V3-F to doskona\u0142e rozwi\u0105zanie dla profesjonalist\u00f3w i majsterkowicz\u00f3w, kt\u00f3rzy ceni\u0105 sobie wygod\u0119 i funkcjonalno\u015b\u0107.<\/p>","protected":false},"excerpt":{"rendered":"<div class=\"icons\" style=\"display: flex; flex-wrap: wrap; gap: 5px; align-items: center; margin-top: 10px;\"><img decoding=\"async\" src=\"https:\/\/as-schwabe.de\/wp-content\/uploads\/ikony\/znak_CE.png\" alt=\"\" width=\"50\" height=\"50\" \/><img decoding=\"async\" src=\"https:\/\/as-schwabe.de\/wp-content\/uploads\/ikony\/znak_IP44.png\" alt=\"\" width=\"50\" height=\"50\" \/><img decoding=\"async\" src=\"https:\/\/as-schwabe.de\/wp-content\/uploads\/ikony\/znak_PB.png\" alt=\"\" width=\"50\" height=\"50\" \/><img loading=\"lazy\" decoding=\"async\" src=\"https:\/\/as-schwabe.de\/wp-content\/uploads\/ikony\/znak_Z.png\" alt=\"\" width=\"50\" height=\"50\" \/><img loading=\"lazy\" decoding=\"async\" src=\"https:\/\/as-schwabe.de\/wp-content\/uploads\/ikony\/znak_D.png\" alt=\"\" width=\"50\" height=\"50\" \/><img loading=\"lazy\" decoding=\"async\" src=\"https:\/\/as-schwabe.de\/wp-content\/uploads\/ikony\/znak_DG.png\" alt=\"\" width=\"50\" height=\"50\" \/><\/div>\n<ul>\n<li>dopuszczone do stosowania na budowach i w rolnictwie<\/li>\n<li> IP44: chroniony przed cia\u0142ami obcymi i bryzgami wody <\/li>\n<li>dopuszczone do stosowania na budowach i w rolnictwie <\/li>\n<li>wtyczka i gniazdo z uziemieniem, gniazdo wyposa\u017cone w klapk\u0119 ochronn\u0105 <\/li>\n<li>230 V, 16 A<\/li>\n<\/ul>","protected":false},"featured_media":30529,"template":"","meta":{"inline_featured_image":false},"genre":[509],"product_cat":[544,545],"product_tag":[],"class_list":{"0":"post-31025","1":"product","2":"type-product","3":"status-publish","4":"has-post-thumbnail","6":"product_brand-as-schwabe-pl","7":"product_cat-przedluzacze-2-pl","8":"product_cat-do-stosowania-na-budowach-pl","10":"first","11":"instock","12":"shipping-taxable","13":"product-type-simple"},"aioseo_notices":[],"_links":{"self":[{"href":"https:\/\/as-schwabe.de\/pl\/wp-json\/wp\/v2\/product\/31025","targetHints":{"allow":["GET"]}}],"collection":[{"href":"https:\/\/as-schwabe.de\/pl\/wp-json\/wp\/v2\/product"}],"about":[{"href":"https:\/\/as-schwabe.de\/pl\/wp-json\/wp\/v2\/types\/product"}],"version-history":[{"count":0,"href":"https:\/\/as-schwabe.de\/pl\/wp-json\/wp\/v2\/product\/31025\/revisions"}],"wp:featuredmedia":[{"embeddable":true,"href":"https:\/\/as-schwabe.de\/pl\/wp-json\/wp\/v2\/media\/30529"}],"wp:attachment":[{"href":"https:\/\/as-schwabe.de\/pl\/wp-json\/wp\/v2\/media?parent=31025"}],"wp:term":[{"taxonomy":"product_brand","embeddable":true,"href":"https:\/\/as-schwabe.de\/pl\/wp-json\/wp\/v2\/genre?post=31025"},{"taxonomy":"product_cat","embeddable":true,"href":"https:\/\/as-schwabe.de\/pl\/wp-json\/wp\/v2\/product_cat?post=31025"},{"taxonomy":"product_tag","embeddable":true,"href":"https:\/\/as-schwabe.de\/pl\/wp-json\/wp\/v2\/product_tag?post=31025"}],"curies":[{"name":"wp","href":"https:\/\/api.w.org\/{rel}","templated":true}]}}