{"id":31023,"date":"2025-09-26T23:04:56","date_gmt":"2025-09-26T23:04:56","guid":{"rendered":"https:\/\/as-schwabe.de\/produkt\/przedluzacz-1-gniazdowy-n07v3v3-f-3g15-zol-15-m-60353\/"},"modified":"2025-10-23T00:16:07","modified_gmt":"2025-10-23T00:16:07","slug":"przedluzacz-1-gniazdowy-n07v3v3-f-3g15-zol-15-m-60353","status":"publish","type":"product","link":"https:\/\/as-schwabe.de\/pl\/produkt\/przedluzacz-1-gniazdowy-n07v3v3-f-3g15-zol-15-m-60353\/","title":{"rendered":"Przed\u0142u\u017cacz 1-gniazdowy 15 m AT-N07V3V3-F 3G1,5 \u017b\u00d3\u0141 IP44 | 60353"},"content":{"rendered":"<p>Przed\u0142u\u017cacz 1-gniazdowy AT-N07V3V3-F to niezawodne rozwi\u0105zanie dla klient\u00f3w potrzebuj\u0105cych elastycznego zasilania w trudnych warunkach. Oferuje maksymaln\u0105 moc 3500 W przy napi\u0119ciu 230 V i pr\u0105dzie 16 A, co sprawia, \u017ce jest idealny do u\u017cytku na zewn\u0105trz oraz na budowach. Wyposa\u017cony w wtyczk\u0119 oraz gniazdo IP44, produkt gwarantuje wysok\u0105 odporno\u015b\u0107 na py\u0142 i wilgo\u0107, co zapewnia bezpiecze\u0144stwo u\u017cytkowania. Dzi\u0119ki d\u0142ugo\u015bci 15 metr\u00f3w, u\u017cytkownik zyskuje dodatkow\u0105 mobilno\u015b\u0107 i \u0142atwo\u015b\u0107 w pod\u0142\u0105czeniu, nawet w trudno dost\u0119pnych miejscach. Wybieraj\u0105c ten przed\u0142u\u017cacz, zapewniasz sobie wygod\u0119 i niezawodno\u015b\u0107 w codziennych pracach elektrycznych.<\/p>","protected":false},"excerpt":{"rendered":"<div class=\"icons\" style=\"display: flex; flex-wrap: wrap; gap: 5px; align-items: center; margin-top: 10px;\"><img decoding=\"async\" src=\"https:\/\/as-schwabe.de\/wp-content\/uploads\/ikony\/znak_CE.png\" alt=\"\" width=\"50\" height=\"50\" \/><img decoding=\"async\" src=\"https:\/\/as-schwabe.de\/wp-content\/uploads\/ikony\/znak_IP44.png\" alt=\"\" width=\"50\" height=\"50\" \/><img decoding=\"async\" src=\"https:\/\/as-schwabe.de\/wp-content\/uploads\/ikony\/znak_PB.png\" alt=\"\" width=\"50\" height=\"50\" \/><img loading=\"lazy\" decoding=\"async\" src=\"https:\/\/as-schwabe.de\/wp-content\/uploads\/ikony\/znak_Z.png\" alt=\"\" width=\"50\" height=\"50\" \/><img loading=\"lazy\" decoding=\"async\" src=\"https:\/\/as-schwabe.de\/wp-content\/uploads\/ikony\/znak_D.png\" alt=\"\" width=\"50\" height=\"50\" \/><img loading=\"lazy\" decoding=\"async\" src=\"https:\/\/as-schwabe.de\/wp-content\/uploads\/ikony\/znak_DG.png\" alt=\"\" width=\"50\" height=\"50\" \/><\/div>\n<ul>\n<li>dopuszczone do stosowania na budowach i w rolnictwie<\/li>\n<li> IP44: chroniony przed cia\u0142ami obcymi i bryzgami wody <\/li>\n<li>dopuszczone do stosowania na budowach i w rolnictwie <\/li>\n<li>wtyczka i gniazdo z uziemieniem, gniazdo wyposa\u017cone w klapk\u0119 ochronn\u0105 <\/li>\n<li>230 V, 16 A<\/li>\n<\/ul>","protected":false},"featured_media":30527,"template":"","meta":{"inline_featured_image":false},"genre":[509],"product_cat":[544,545],"product_tag":[],"class_list":{"0":"post-31023","1":"product","2":"type-product","3":"status-publish","4":"has-post-thumbnail","6":"product_brand-as-schwabe-pl","7":"product_cat-przedluzacze-2-pl","8":"product_cat-do-stosowania-na-budowach-pl","10":"first","11":"instock","12":"shipping-taxable","13":"product-type-simple"},"aioseo_notices":[],"_links":{"self":[{"href":"https:\/\/as-schwabe.de\/pl\/wp-json\/wp\/v2\/product\/31023","targetHints":{"allow":["GET"]}}],"collection":[{"href":"https:\/\/as-schwabe.de\/pl\/wp-json\/wp\/v2\/product"}],"about":[{"href":"https:\/\/as-schwabe.de\/pl\/wp-json\/wp\/v2\/types\/product"}],"version-history":[{"count":0,"href":"https:\/\/as-schwabe.de\/pl\/wp-json\/wp\/v2\/product\/31023\/revisions"}],"wp:featuredmedia":[{"embeddable":true,"href":"https:\/\/as-schwabe.de\/pl\/wp-json\/wp\/v2\/media\/30527"}],"wp:attachment":[{"href":"https:\/\/as-schwabe.de\/pl\/wp-json\/wp\/v2\/media?parent=31023"}],"wp:term":[{"taxonomy":"product_brand","embeddable":true,"href":"https:\/\/as-schwabe.de\/pl\/wp-json\/wp\/v2\/genre?post=31023"},{"taxonomy":"product_cat","embeddable":true,"href":"https:\/\/as-schwabe.de\/pl\/wp-json\/wp\/v2\/product_cat?post=31023"},{"taxonomy":"product_tag","embeddable":true,"href":"https:\/\/as-schwabe.de\/pl\/wp-json\/wp\/v2\/product_tag?post=31023"}],"curies":[{"name":"wp","href":"https:\/\/api.w.org\/{rel}","templated":true}]}}