{"id":31019,"date":"2025-09-26T23:04:52","date_gmt":"2025-09-26T23:04:52","guid":{"rendered":"https:\/\/as-schwabe.de\/produkt\/przedluzacz-1-gniazdowy-n07v3v3-f-3g25-zol-10-m-60345\/"},"modified":"2025-10-23T00:16:05","modified_gmt":"2025-10-23T00:16:05","slug":"przedluzacz-1-gniazdowy-n07v3v3-f-3g25-zol-10-m-60345","status":"publish","type":"product","link":"https:\/\/as-schwabe.de\/pl\/produkt\/przedluzacz-1-gniazdowy-n07v3v3-f-3g25-zol-10-m-60345\/","title":{"rendered":"Przed\u0142u\u017cacz 1-gniazdowy 10 m AT-N07V3V3-F 3G2,5 \u017b\u00d3\u0141 IP44 | 60345"},"content":{"rendered":"<p>Przed\u0142u\u017cacz 1-gniazdowy AT-N07V3V3-F 3G2,5 w kolorze \u017c\u00f3\u0142tym o d\u0142ugo\u015bci 10 m to niezawodne rozwi\u0105zanie do zasilania urz\u0105dze\u0144 w trudnych warunkach, zar\u00f3wno na zewn\u0105trz, jak i na placach budowy. Wyposa\u017cony w wtyczk\u0119 IP44 oraz jedno gniazdo IP44, zapewnia wysok\u0105 odporno\u015b\u0107 na wod\u0119 i py\u0142, co sprawia, \u017ce jest idealnym wyborem do zastosowa\u0144 w trudnym terenie. Obs\u0142uguje napi\u0119cie 230 V i nat\u0119\u017cenie 16 A, co umo\u017cliwia zasilenie urz\u0105dze\u0144 o mocy do 3500 W. Dzi\u0119ki solidnej konstrukcji i zastosowaniu wysokiej jako\u015bci materia\u0142\u00f3w, przed\u0142u\u017cacz gwarantuje bezpiecze\u0144stwo oraz d\u0142ugotrwa\u0142e u\u017cytkowanie, co czyni go niezb\u0119dnym elementem w ka\u017cdym zestawie narz\u0119dziowy.<\/p>","protected":false},"excerpt":{"rendered":"<div class=\"icons\" style=\"display: flex; flex-wrap: wrap; gap: 5px; align-items: center; margin-top: 10px;\"><img decoding=\"async\" src=\"https:\/\/as-schwabe.de\/wp-content\/uploads\/ikony\/znak_CE.png\" alt=\"\" width=\"50\" height=\"50\" \/><img decoding=\"async\" src=\"https:\/\/as-schwabe.de\/wp-content\/uploads\/ikony\/znak_IP44.png\" alt=\"\" width=\"50\" height=\"50\" \/><img decoding=\"async\" src=\"https:\/\/as-schwabe.de\/wp-content\/uploads\/ikony\/znak_PB.png\" alt=\"\" width=\"50\" height=\"50\" \/><img loading=\"lazy\" decoding=\"async\" src=\"https:\/\/as-schwabe.de\/wp-content\/uploads\/ikony\/znak_Z.png\" alt=\"\" width=\"50\" height=\"50\" \/><img loading=\"lazy\" decoding=\"async\" src=\"https:\/\/as-schwabe.de\/wp-content\/uploads\/ikony\/znak_D.png\" alt=\"\" width=\"50\" height=\"50\" \/><img loading=\"lazy\" decoding=\"async\" src=\"https:\/\/as-schwabe.de\/wp-content\/uploads\/ikony\/znak_DG.png\" alt=\"\" width=\"50\" height=\"50\" \/><\/div>\n<ul>\n<li>dopuszczone do stosowania na budowach i w rolnictwie<\/li>\n<li> IP44: chroniony przed cia\u0142ami obcymi i bryzgami wody <\/li>\n<li>dopuszczone do stosowania na budowach i w rolnictwie <\/li>\n<li>wtyczka i gniazdo z uziemieniem, gniazdo wyposa\u017cone w klapk\u0119 ochronn\u0105 <\/li>\n<li>230 V, 16 A<\/li>\n<\/ul>","protected":false},"featured_media":30522,"template":"","meta":{"inline_featured_image":false},"genre":[509],"product_cat":[544,545],"product_tag":[],"class_list":{"0":"post-31019","1":"product","2":"type-product","3":"status-publish","4":"has-post-thumbnail","6":"product_brand-as-schwabe-pl","7":"product_cat-przedluzacze-2-pl","8":"product_cat-do-stosowania-na-budowach-pl","10":"first","11":"instock","12":"shipping-taxable","13":"product-type-simple"},"aioseo_notices":[],"_links":{"self":[{"href":"https:\/\/as-schwabe.de\/pl\/wp-json\/wp\/v2\/product\/31019","targetHints":{"allow":["GET"]}}],"collection":[{"href":"https:\/\/as-schwabe.de\/pl\/wp-json\/wp\/v2\/product"}],"about":[{"href":"https:\/\/as-schwabe.de\/pl\/wp-json\/wp\/v2\/types\/product"}],"version-history":[{"count":0,"href":"https:\/\/as-schwabe.de\/pl\/wp-json\/wp\/v2\/product\/31019\/revisions"}],"wp:featuredmedia":[{"embeddable":true,"href":"https:\/\/as-schwabe.de\/pl\/wp-json\/wp\/v2\/media\/30522"}],"wp:attachment":[{"href":"https:\/\/as-schwabe.de\/pl\/wp-json\/wp\/v2\/media?parent=31019"}],"wp:term":[{"taxonomy":"product_brand","embeddable":true,"href":"https:\/\/as-schwabe.de\/pl\/wp-json\/wp\/v2\/genre?post=31019"},{"taxonomy":"product_cat","embeddable":true,"href":"https:\/\/as-schwabe.de\/pl\/wp-json\/wp\/v2\/product_cat?post=31019"},{"taxonomy":"product_tag","embeddable":true,"href":"https:\/\/as-schwabe.de\/pl\/wp-json\/wp\/v2\/product_tag?post=31019"}],"curies":[{"name":"wp","href":"https:\/\/api.w.org\/{rel}","templated":true}]}}