{"id":31012,"date":"2025-09-26T23:04:48","date_gmt":"2025-09-26T23:04:48","guid":{"rendered":"https:\/\/as-schwabe.de\/produkt\/przedluzacz-1-gniazdowy-h05rr-f-3g15-cza-15-m-60315\/"},"modified":"2025-10-23T00:16:02","modified_gmt":"2025-10-23T00:16:02","slug":"przedluzacz-1-gniazdowy-h05rr-f-3g15-cza-15-m-60315","status":"publish","type":"product","link":"https:\/\/as-schwabe.de\/pl\/produkt\/przedluzacz-1-gniazdowy-h05rr-f-3g15-cza-15-m-60315\/","title":{"rendered":"Przed\u0142u\u017cacz 1-gniazdowy 15 m H05RR-F 3G1,5 CZA IP44 | 60315"},"content":{"rendered":"<p>Przed\u0142u\u017cacz 1-gniazdowy H05RR-F 3G1,5 czarny o d\u0142ugo\u015bci 15 m to niezawodne rozwi\u0105zanie dla os\u00f3b potrzebuj\u0105cych elastycznego zasilania w warunkach zewn\u0119trznych. W wyposa\u017ceniu znajduje si\u0119 wtyczka IP44 o napi\u0119ciu 230 V i pr\u0105dzie 16 A, co zapewnia bezpieczne i stabilne po\u0142\u0105czenie. Wyj\u015bcie z gniazdem IP44 r\u00f3wnie\u017c obs\u0142uguje napi\u0119cie 230 V i pr\u0105d do 16 A, co umo\u017cliwia zasilenie urz\u0105dze\u0144 o maksymalnej mocy 3500 W. Przed\u0142u\u017cacz zaprojektowano z my\u015bl\u0105 o zastosowaniach na zewn\u0105trz, co czyni go idealnym do ogrod\u00f3w, taras\u00f3w czy podczas prac budowlanych. Dzi\u0119ki wysokiemu stopniowi ochrony IP44, produkt wykazuje odporno\u015b\u0107 na wilgo\u0107 i kurz, co znacz\u0105co zwi\u0119ksza komfort u\u017cytkowania oraz bezpiecze\u0144stwo.<\/p>","protected":false},"excerpt":{"rendered":"<div class=\"icons\" style=\"display: flex; flex-wrap: wrap; gap: 5px; align-items: center; margin-top: 10px;\"><img decoding=\"async\" src=\"https:\/\/as-schwabe.de\/wp-content\/uploads\/ikony\/znak_CE.png\" alt=\"\" width=\"50\" height=\"50\" \/><img decoding=\"async\" src=\"https:\/\/as-schwabe.de\/wp-content\/uploads\/ikony\/znak_IP44.png\" alt=\"\" width=\"50\" height=\"50\" \/><img decoding=\"async\" src=\"https:\/\/as-schwabe.de\/wp-content\/uploads\/ikony\/znak_Z.png\" alt=\"\" width=\"50\" height=\"50\" \/><img loading=\"lazy\" decoding=\"async\" src=\"https:\/\/as-schwabe.de\/wp-content\/uploads\/ikony\/znak_D.png\" alt=\"\" width=\"50\" height=\"50\" \/><\/div>\n<ul>\n<li>IP44: chroniony przed cia\u0142ami obcymi i bryzgami wody <\/li>\n<li>nadaje si\u0119 do kr\u00f3tkotrwa\u0142ego u\u017cytku na zewn\u0105trz<\/li>\n<li> wtyczka i gniazdo z uziemieniem, gniazdo wyposa\u017cone w klapk\u0119 ochronn\u0105 <\/li>\n<li>IP44: chroniony przed cia\u0142ami obcymi i bryzgami wody <\/li>\n<li>230 V, 16 A<\/li>\n<\/ul>","protected":false},"featured_media":30507,"template":"","meta":{"inline_featured_image":false},"genre":[509],"product_cat":[544,568],"product_tag":[],"class_list":{"0":"post-31012","1":"product","2":"type-product","3":"status-publish","4":"has-post-thumbnail","6":"product_brand-as-schwabe-pl","7":"product_cat-przedluzacze-2-pl","8":"product_cat-do-uzytku-na-zewnatrz-2-pl","10":"first","11":"instock","12":"shipping-taxable","13":"product-type-simple"},"aioseo_notices":[],"_links":{"self":[{"href":"https:\/\/as-schwabe.de\/pl\/wp-json\/wp\/v2\/product\/31012","targetHints":{"allow":["GET"]}}],"collection":[{"href":"https:\/\/as-schwabe.de\/pl\/wp-json\/wp\/v2\/product"}],"about":[{"href":"https:\/\/as-schwabe.de\/pl\/wp-json\/wp\/v2\/types\/product"}],"version-history":[{"count":0,"href":"https:\/\/as-schwabe.de\/pl\/wp-json\/wp\/v2\/product\/31012\/revisions"}],"wp:featuredmedia":[{"embeddable":true,"href":"https:\/\/as-schwabe.de\/pl\/wp-json\/wp\/v2\/media\/30507"}],"wp:attachment":[{"href":"https:\/\/as-schwabe.de\/pl\/wp-json\/wp\/v2\/media?parent=31012"}],"wp:term":[{"taxonomy":"product_brand","embeddable":true,"href":"https:\/\/as-schwabe.de\/pl\/wp-json\/wp\/v2\/genre?post=31012"},{"taxonomy":"product_cat","embeddable":true,"href":"https:\/\/as-schwabe.de\/pl\/wp-json\/wp\/v2\/product_cat?post=31012"},{"taxonomy":"product_tag","embeddable":true,"href":"https:\/\/as-schwabe.de\/pl\/wp-json\/wp\/v2\/product_tag?post=31012"}],"curies":[{"name":"wp","href":"https:\/\/api.w.org\/{rel}","templated":true}]}}