{"id":31010,"date":"2025-09-26T23:04:46","date_gmt":"2025-09-26T23:04:46","guid":{"rendered":"https:\/\/as-schwabe.de\/produkt\/przedluzacz-1-gniazdowy-h05rr-f-3g15-cza-5-m-60305\/"},"modified":"2025-10-23T00:16:02","modified_gmt":"2025-10-23T00:16:02","slug":"przedluzacz-1-gniazdowy-h05rr-f-3g15-cza-5-m-60305","status":"publish","type":"product","link":"https:\/\/as-schwabe.de\/pl\/produkt\/przedluzacz-1-gniazdowy-h05rr-f-3g15-cza-5-m-60305\/","title":{"rendered":"Przed\u0142u\u017cacz 1-gniazdowy 5 m H05RR-F 3G1,5 CZA IP44 | 60305"},"content":{"rendered":"<p>Przed\u0142u\u017cacz 1-gniazdowy H05RR-F 3G1,5 o d\u0142ugo\u015bci 5 m to niezawodne rozwi\u0105zanie do zasilania urz\u0105dze\u0144 elektrycznych na zewn\u0105trz. Wyposa\u017cony w wtyczk\u0119 IP44 oraz gniazdo IP44, zapewnia odporno\u015b\u0107 na dzia\u0142anie wody i py\u0142u, co czyni go idealnym do u\u017cytku w ogrodach, na tarasach czy budowach. Przed\u0142u\u017cacz obs\u0142uguje napi\u0119cie 230 V i maksymalne obci\u0105\u017cenie 16 A, co pozwala na pod\u0142\u0105czenie urz\u0105dze\u0144 do 3500 W. Dzi\u0119ki zastosowaniu wysokiej jako\u015bci materia\u0142\u00f3w, produkt gwarantuje bezpiecze\u0144stwo i d\u0142ugotrwa\u0142\u0105 eksploatacj\u0119. Zainwestuj w wygod\u0119 i pewno\u015b\u0107, wybieraj\u0105c ten przed\u0142u\u017cacz do swoich potrzeb zewn\u0119trznych.<\/p>","protected":false},"excerpt":{"rendered":"<div class=\"icons\" style=\"display: flex; flex-wrap: wrap; gap: 5px; align-items: center; margin-top: 10px;\"><img decoding=\"async\" src=\"https:\/\/as-schwabe.de\/wp-content\/uploads\/ikony\/znak_CE.png\" alt=\"\" width=\"50\" height=\"50\" \/><img decoding=\"async\" src=\"https:\/\/as-schwabe.de\/wp-content\/uploads\/ikony\/znak_IP44.png\" alt=\"\" width=\"50\" height=\"50\" \/><img decoding=\"async\" src=\"https:\/\/as-schwabe.de\/wp-content\/uploads\/ikony\/znak_Z.png\" alt=\"\" width=\"50\" height=\"50\" \/><img loading=\"lazy\" decoding=\"async\" src=\"https:\/\/as-schwabe.de\/wp-content\/uploads\/ikony\/znak_D.png\" alt=\"\" width=\"50\" height=\"50\" \/><\/div>\n<ul>\n<li>IP44: chroniony przed cia\u0142ami obcymi i bryzgami wody <\/li>\n<li>nadaje si\u0119 do kr\u00f3tkotrwa\u0142ego u\u017cytku na zewn\u0105trz<\/li>\n<li> wtyczka i gniazdo z uziemieniem, gniazdo wyposa\u017cone w klapk\u0119 ochronn\u0105 <\/li>\n<li>IP44: chroniony przed cia\u0142ami obcymi i bryzgami wody <\/li>\n<li>230 V, 16 A<\/li>\n<\/ul>","protected":false},"featured_media":30498,"template":"","meta":{"inline_featured_image":false},"genre":[509],"product_cat":[544,568],"product_tag":[],"class_list":{"0":"post-31010","1":"product","2":"type-product","3":"status-publish","4":"has-post-thumbnail","6":"product_brand-as-schwabe-pl","7":"product_cat-przedluzacze-2-pl","8":"product_cat-do-uzytku-na-zewnatrz-2-pl","10":"first","11":"instock","12":"shipping-taxable","13":"product-type-simple"},"aioseo_notices":[],"_links":{"self":[{"href":"https:\/\/as-schwabe.de\/pl\/wp-json\/wp\/v2\/product\/31010","targetHints":{"allow":["GET"]}}],"collection":[{"href":"https:\/\/as-schwabe.de\/pl\/wp-json\/wp\/v2\/product"}],"about":[{"href":"https:\/\/as-schwabe.de\/pl\/wp-json\/wp\/v2\/types\/product"}],"version-history":[{"count":0,"href":"https:\/\/as-schwabe.de\/pl\/wp-json\/wp\/v2\/product\/31010\/revisions"}],"wp:featuredmedia":[{"embeddable":true,"href":"https:\/\/as-schwabe.de\/pl\/wp-json\/wp\/v2\/media\/30498"}],"wp:attachment":[{"href":"https:\/\/as-schwabe.de\/pl\/wp-json\/wp\/v2\/media?parent=31010"}],"wp:term":[{"taxonomy":"product_brand","embeddable":true,"href":"https:\/\/as-schwabe.de\/pl\/wp-json\/wp\/v2\/genre?post=31010"},{"taxonomy":"product_cat","embeddable":true,"href":"https:\/\/as-schwabe.de\/pl\/wp-json\/wp\/v2\/product_cat?post=31010"},{"taxonomy":"product_tag","embeddable":true,"href":"https:\/\/as-schwabe.de\/pl\/wp-json\/wp\/v2\/product_tag?post=31010"}],"curies":[{"name":"wp","href":"https:\/\/api.w.org\/{rel}","templated":true}]}}