{"id":31008,"date":"2025-09-26T23:04:45","date_gmt":"2025-09-26T23:04:45","guid":{"rendered":"https:\/\/as-schwabe.de\/produkt\/przedluzacz-1-gniazdowy-h07rn-f-3g15-cze-10-m-60271\/"},"modified":"2025-10-23T00:16:01","modified_gmt":"2025-10-23T00:16:01","slug":"przedluzacz-1-gniazdowy-h07rn-f-3g15-cze-10-m-60271","status":"publish","type":"product","link":"https:\/\/as-schwabe.de\/pl\/produkt\/przedluzacz-1-gniazdowy-h07rn-f-3g15-cze-10-m-60271\/","title":{"rendered":"Przed\u0142u\u017cacz 1-gniazdowy 10 m H07RN-F 3G1,5 CZE IP44 | 60271"},"content":{"rendered":"<p>Przed\u0142u\u017cacz 1-gniazdowy H07RN-F 3G1,5 w kolorze czerwonym o d\u0142ugo\u015bci 10 m to idealne rozwi\u0105zanie dla os\u00f3b poszukuj\u0105cych niezawodnego \u017ar\u00f3d\u0142a zasilania w trudnych warunkach. Posiada wej\u015bcie z wtyczk\u0105 IP44, dedykowan\u0105 do u\u017cytku na zewn\u0105trz oraz w miejscach budowlanych, zapewniaj\u0105c wysok\u0105 ochron\u0119 przed wilgoci\u0105 i zanieczyszczeniami. Wyposa\u017cony w jedno gniazdo IP44 o maksymalnym obci\u0105\u017ceniu 230 V i 16 A (3500 W), produkt gwarantuje stabilne zasilanie urz\u0105dze\u0144 elektrycznych. Dzi\u0119ki elastycznemu przewodowi H07RN-F, przed\u0142u\u017cacz wyr\u00f3\u017cnia si\u0119 du\u017c\u0105 odporno\u015bci\u0105 na uszkodzenia mechaniczne oraz dzia\u0142anie czynnik\u00f3w atmosferycznych. To wszechstronne urz\u0105dzenie z pewno\u015bci\u0105 spe\u0142ni oczekiwania zar\u00f3wno profesjonalist\u00f3w, jak i amator\u00f3w prac budowlanych oraz ogrodowych.<\/p>","protected":false},"excerpt":{"rendered":"<div class=\"icons\" style=\"display: flex; flex-wrap: wrap; gap: 5px; align-items: center; margin-top: 10px;\"><img decoding=\"async\" src=\"https:\/\/as-schwabe.de\/wp-content\/uploads\/ikony\/znak_CE.png\" alt=\"\" width=\"50\" height=\"50\" \/><img decoding=\"async\" src=\"https:\/\/as-schwabe.de\/wp-content\/uploads\/ikony\/znak_IP44.png\" alt=\"\" width=\"50\" height=\"50\" \/><img decoding=\"async\" src=\"https:\/\/as-schwabe.de\/wp-content\/uploads\/ikony\/znak_PB.png\" alt=\"\" width=\"50\" height=\"50\" \/><img loading=\"lazy\" decoding=\"async\" src=\"https:\/\/as-schwabe.de\/wp-content\/uploads\/ikony\/znak_Z.png\" alt=\"\" width=\"50\" height=\"50\" \/><img loading=\"lazy\" decoding=\"async\" src=\"https:\/\/as-schwabe.de\/wp-content\/uploads\/ikony\/znak_D.png\" alt=\"\" width=\"50\" height=\"50\" \/><img loading=\"lazy\" decoding=\"async\" src=\"https:\/\/as-schwabe.de\/wp-content\/uploads\/ikony\/znak_DG.png\" alt=\"\" width=\"50\" height=\"50\" \/><\/div>\n<ul>\n<li>dopuszczone do stosowania na budowach i w rolnictwie<\/li>\n<li> IP44: chroniony przed cia\u0142ami obcymi i bryzgami wody <\/li>\n<li>dopuszczone do stosowania na budowach i w rolnictwie <\/li>\n<li>wtyczka i gniazdo z uziemieniem, gniazdo wyposa\u017cone w klapk\u0119 ochronn\u0105 <\/li>\n<li>230 V, 16 A<\/li>\n<\/ul>","protected":false},"featured_media":30496,"template":"","meta":{"inline_featured_image":false},"genre":[509],"product_cat":[544,545],"product_tag":[],"class_list":{"0":"post-31008","1":"product","2":"type-product","3":"status-publish","4":"has-post-thumbnail","6":"product_brand-as-schwabe-pl","7":"product_cat-przedluzacze-2-pl","8":"product_cat-do-stosowania-na-budowach-pl","10":"first","11":"instock","12":"shipping-taxable","13":"product-type-simple"},"aioseo_notices":[],"_links":{"self":[{"href":"https:\/\/as-schwabe.de\/pl\/wp-json\/wp\/v2\/product\/31008","targetHints":{"allow":["GET"]}}],"collection":[{"href":"https:\/\/as-schwabe.de\/pl\/wp-json\/wp\/v2\/product"}],"about":[{"href":"https:\/\/as-schwabe.de\/pl\/wp-json\/wp\/v2\/types\/product"}],"version-history":[{"count":0,"href":"https:\/\/as-schwabe.de\/pl\/wp-json\/wp\/v2\/product\/31008\/revisions"}],"wp:featuredmedia":[{"embeddable":true,"href":"https:\/\/as-schwabe.de\/pl\/wp-json\/wp\/v2\/media\/30496"}],"wp:attachment":[{"href":"https:\/\/as-schwabe.de\/pl\/wp-json\/wp\/v2\/media?parent=31008"}],"wp:term":[{"taxonomy":"product_brand","embeddable":true,"href":"https:\/\/as-schwabe.de\/pl\/wp-json\/wp\/v2\/genre?post=31008"},{"taxonomy":"product_cat","embeddable":true,"href":"https:\/\/as-schwabe.de\/pl\/wp-json\/wp\/v2\/product_cat?post=31008"},{"taxonomy":"product_tag","embeddable":true,"href":"https:\/\/as-schwabe.de\/pl\/wp-json\/wp\/v2\/product_tag?post=31008"}],"curies":[{"name":"wp","href":"https:\/\/api.w.org\/{rel}","templated":true}]}}