{"id":31006,"date":"2025-09-26T23:04:44","date_gmt":"2025-09-26T23:04:44","guid":{"rendered":"https:\/\/as-schwabe.de\/produkt\/przedluzacz-1-gniazdowy-h05rr-f-3g15-cze-50m-60265\/"},"modified":"2025-10-23T00:16:00","modified_gmt":"2025-10-23T00:16:00","slug":"przedluzacz-1-gniazdowy-h05rr-f-3g15-cze-50m-60265","status":"publish","type":"product","link":"https:\/\/as-schwabe.de\/pl\/produkt\/przedluzacz-1-gniazdowy-h05rr-f-3g15-cze-50m-60265\/","title":{"rendered":"Przed\u0142u\u017cacz 1-gniazdowy 50 m H05RR-F 3G1,5 CZE IP44 | 60265"},"content":{"rendered":"<p>Przed\u0142u\u017cacz 1-gniazdowy H05RR-F 3G1,5 o d\u0142ugo\u015bci 50 metr\u00f3w to idealne rozwi\u0105zanie dla u\u017cytkownik\u00f3w potrzebuj\u0105cych niezawodnego \u017ar\u00f3d\u0142a zasilania w warunkach zewn\u0119trznych. Wyposa\u017cony w wtyczk\u0119 o stopniu ochrony IP44, produkt zapewnia bezpiecze\u0144stwo w trudnych warunkach atmosferycznych, umo\u017cliwiaj\u0105c pod\u0142\u0105czenie urz\u0105dze\u0144 elektrycznych o maksymalnej mocy 3500 W (16 A, 230 V). Wyj\u015bcie w postaci gniazda IP44 zapewnia wygodny dost\u0119p do energii elektrycznej na \u015bwie\u017cym powietrzu, co czyni go doskona\u0142ym wyborem do stosowania w ogrodach, na budowach czy w czasie r\u00f3\u017cnego rodzaju imprez plenerowych. Dzi\u0119ki wysokiej jako\u015bci materia\u0142om oraz solidnej konstrukcji, przed\u0142u\u017cacz jest odporny na uszkodzenia mechaniczne, co zwi\u0119ksza jego trwa\u0142o\u015b\u0107 i \u017cywotno\u015b\u0107. Wybieraj\u0105c ten produkt, u\u017cytkownik zyskuje nie tylko funkcjonalno\u015b\u0107, ale tak\u017ce pewno\u015b\u0107 dzia\u0142ania w ka\u017cdych warunkach.<\/p>","protected":false},"excerpt":{"rendered":"<div class=\"icons\" style=\"display: flex; flex-wrap: wrap; gap: 5px; align-items: center; margin-top: 10px;\"><img decoding=\"async\" src=\"https:\/\/as-schwabe.de\/wp-content\/uploads\/ikony\/znak_CE.png\" alt=\"\" width=\"50\" height=\"50\" \/><img decoding=\"async\" src=\"https:\/\/as-schwabe.de\/wp-content\/uploads\/ikony\/znak_IP44.png\" alt=\"\" width=\"50\" height=\"50\" \/><img decoding=\"async\" src=\"https:\/\/as-schwabe.de\/wp-content\/uploads\/ikony\/znak_Z.png\" alt=\"\" width=\"50\" height=\"50\" \/><img loading=\"lazy\" decoding=\"async\" src=\"https:\/\/as-schwabe.de\/wp-content\/uploads\/ikony\/znak_D.png\" alt=\"\" width=\"50\" height=\"50\" \/><\/div>\n<ul>\n<li>IP44: chroniony przed cia\u0142ami obcymi i bryzgami wody <\/li>\n<li>nadaje si\u0119 do kr\u00f3tkotrwa\u0142ego u\u017cytku na zewn\u0105trz<\/li>\n<li> wtyczka i gniazdo z uziemieniem, gniazdo wyposa\u017cone w klapk\u0119 ochronn\u0105 <\/li>\n<li>IP44: chroniony przed cia\u0142ami obcymi i bryzgami wody <\/li>\n<li>230 V, 16 A<\/li>\n<\/ul>","protected":false},"featured_media":30494,"template":"","meta":{"inline_featured_image":false},"genre":[509],"product_cat":[544,568],"product_tag":[],"class_list":{"0":"post-31006","1":"product","2":"type-product","3":"status-publish","4":"has-post-thumbnail","6":"product_brand-as-schwabe-pl","7":"product_cat-przedluzacze-2-pl","8":"product_cat-do-uzytku-na-zewnatrz-2-pl","10":"first","11":"instock","12":"shipping-taxable","13":"product-type-simple"},"aioseo_notices":[],"_links":{"self":[{"href":"https:\/\/as-schwabe.de\/pl\/wp-json\/wp\/v2\/product\/31006","targetHints":{"allow":["GET"]}}],"collection":[{"href":"https:\/\/as-schwabe.de\/pl\/wp-json\/wp\/v2\/product"}],"about":[{"href":"https:\/\/as-schwabe.de\/pl\/wp-json\/wp\/v2\/types\/product"}],"version-history":[{"count":0,"href":"https:\/\/as-schwabe.de\/pl\/wp-json\/wp\/v2\/product\/31006\/revisions"}],"wp:featuredmedia":[{"embeddable":true,"href":"https:\/\/as-schwabe.de\/pl\/wp-json\/wp\/v2\/media\/30494"}],"wp:attachment":[{"href":"https:\/\/as-schwabe.de\/pl\/wp-json\/wp\/v2\/media?parent=31006"}],"wp:term":[{"taxonomy":"product_brand","embeddable":true,"href":"https:\/\/as-schwabe.de\/pl\/wp-json\/wp\/v2\/genre?post=31006"},{"taxonomy":"product_cat","embeddable":true,"href":"https:\/\/as-schwabe.de\/pl\/wp-json\/wp\/v2\/product_cat?post=31006"},{"taxonomy":"product_tag","embeddable":true,"href":"https:\/\/as-schwabe.de\/pl\/wp-json\/wp\/v2\/product_tag?post=31006"}],"curies":[{"name":"wp","href":"https:\/\/api.w.org\/{rel}","templated":true}]}}