{"id":31004,"date":"2025-09-26T23:04:43","date_gmt":"2025-09-26T23:04:43","guid":{"rendered":"https:\/\/as-schwabe.de\/produkt\/przedluzacz-1-gniazdowy-h05rr-f-3g15-cze-20m-60262\/"},"modified":"2025-10-23T00:15:59","modified_gmt":"2025-10-23T00:15:59","slug":"przedluzacz-1-gniazdowy-h05rr-f-3g15-cze-20m-60262","status":"publish","type":"product","link":"https:\/\/as-schwabe.de\/pl\/produkt\/przedluzacz-1-gniazdowy-h05rr-f-3g15-cze-20m-60262\/","title":{"rendered":"Przed\u0142u\u017cacz 1-gniazdowy 20 m H05RR-F 3G1,5 CZE IP44 | 60262"},"content":{"rendered":"<p>Przed\u0142u\u017cacz 1-gniazdowy H05RR-F 3G1,5 w kolorze czerwonym o d\u0142ugo\u015bci 20 m to idealne rozwi\u0105zanie dla u\u017cytkownik\u00f3w potrzebuj\u0105cych elastyczno\u015bci zasilania w warunkach zewn\u0119trznych. Wyposa\u017cony w wtyczk\u0119 o stopniu ochrony IP44 oraz jedno gniazdo o tych samych parametrach, umo\u017cliwia bezpieczne pod\u0142\u0105czenie urz\u0105dze\u0144 elektrycznych przy maksymalnym napi\u0119ciu 230 V i pr\u0105dzie 16 A (3500 W). Dzi\u0119ki zastosowanej technologii i wysokiej jako\u015bci materia\u0142om, przed\u0142u\u017cacz jest odporny na dzia\u0142anie warunk\u00f3w atmosferycznych, co czyni go doskona\u0142ym wyborem do u\u017cytku na zewn\u0105trz, zar\u00f3wno w ogrodach, na budowach, jak i podczas r\u00f3\u017cnorodnych wydarze\u0144 plenerowych. Wybieraj\u0105c nasz przed\u0142u\u017cacz, zyskujesz nie tylko wygod\u0119, ale i bezpiecze\u0144stwo u\u017cytkowania.<\/p>","protected":false},"excerpt":{"rendered":"<div class=\"icons\" style=\"display: flex; flex-wrap: wrap; gap: 5px; align-items: center; margin-top: 10px;\"><img decoding=\"async\" src=\"https:\/\/as-schwabe.de\/wp-content\/uploads\/ikony\/znak_CE.png\" alt=\"\" width=\"50\" height=\"50\" \/><img decoding=\"async\" src=\"https:\/\/as-schwabe.de\/wp-content\/uploads\/ikony\/znak_IP44.png\" alt=\"\" width=\"50\" height=\"50\" \/><img decoding=\"async\" src=\"https:\/\/as-schwabe.de\/wp-content\/uploads\/ikony\/znak_Z.png\" alt=\"\" width=\"50\" height=\"50\" \/><img loading=\"lazy\" decoding=\"async\" src=\"https:\/\/as-schwabe.de\/wp-content\/uploads\/ikony\/znak_D.png\" alt=\"\" width=\"50\" height=\"50\" \/><\/div>\n<ul>\n<li>IP44: chroniony przed cia\u0142ami obcymi i bryzgami wody <\/li>\n<li>nadaje si\u0119 do kr\u00f3tkotrwa\u0142ego u\u017cytku na zewn\u0105trz<\/li>\n<li> wtyczka i gniazdo z uziemieniem, gniazdo wyposa\u017cone w klapk\u0119 ochronn\u0105 <\/li>\n<li>IP44: chroniony przed cia\u0142ami obcymi i bryzgami wody <\/li>\n<li>230 V, 16 A<\/li>\n<\/ul>","protected":false},"featured_media":30492,"template":"","meta":{"inline_featured_image":false},"genre":[509],"product_cat":[544,568],"product_tag":[],"class_list":{"0":"post-31004","1":"product","2":"type-product","3":"status-publish","4":"has-post-thumbnail","6":"product_brand-as-schwabe-pl","7":"product_cat-przedluzacze-2-pl","8":"product_cat-do-uzytku-na-zewnatrz-2-pl","10":"first","11":"instock","12":"shipping-taxable","13":"product-type-simple"},"aioseo_notices":[],"_links":{"self":[{"href":"https:\/\/as-schwabe.de\/pl\/wp-json\/wp\/v2\/product\/31004","targetHints":{"allow":["GET"]}}],"collection":[{"href":"https:\/\/as-schwabe.de\/pl\/wp-json\/wp\/v2\/product"}],"about":[{"href":"https:\/\/as-schwabe.de\/pl\/wp-json\/wp\/v2\/types\/product"}],"version-history":[{"count":0,"href":"https:\/\/as-schwabe.de\/pl\/wp-json\/wp\/v2\/product\/31004\/revisions"}],"wp:featuredmedia":[{"embeddable":true,"href":"https:\/\/as-schwabe.de\/pl\/wp-json\/wp\/v2\/media\/30492"}],"wp:attachment":[{"href":"https:\/\/as-schwabe.de\/pl\/wp-json\/wp\/v2\/media?parent=31004"}],"wp:term":[{"taxonomy":"product_brand","embeddable":true,"href":"https:\/\/as-schwabe.de\/pl\/wp-json\/wp\/v2\/genre?post=31004"},{"taxonomy":"product_cat","embeddable":true,"href":"https:\/\/as-schwabe.de\/pl\/wp-json\/wp\/v2\/product_cat?post=31004"},{"taxonomy":"product_tag","embeddable":true,"href":"https:\/\/as-schwabe.de\/pl\/wp-json\/wp\/v2\/product_tag?post=31004"}],"curies":[{"name":"wp","href":"https:\/\/api.w.org\/{rel}","templated":true}]}}