{"id":31003,"date":"2025-09-26T23:04:42","date_gmt":"2025-09-26T23:04:42","guid":{"rendered":"https:\/\/as-schwabe.de\/produkt\/przedluzacz-1-gniazdowy-h05rr-f-3g15-cze-15m-60215\/"},"modified":"2025-10-23T00:15:59","modified_gmt":"2025-10-23T00:15:59","slug":"przedluzacz-1-gniazdowy-h05rr-f-3g15-cze-15m-60215","status":"publish","type":"product","link":"https:\/\/as-schwabe.de\/pl\/produkt\/przedluzacz-1-gniazdowy-h05rr-f-3g15-cze-15m-60215\/","title":{"rendered":"Przed\u0142u\u017cacz 1-gniazdowy 15 m H05RR-F 3G1,5 CZE IP44 | 60215"},"content":{"rendered":"<p>Przed\u0142u\u017cacz 1-gniazdowy H05RR-F 3G1,5 o d\u0142ugo\u015bci 15 m to niezawodne rozwi\u0105zanie do zasilania urz\u0105dze\u0144 elektrycznych w trudnych warunkach zewn\u0119trznych. Wyposa\u017cony w wtyczk\u0119 IP44 oraz gniazdo IP44, zapewnia bezpieczne u\u017cytkowanie przy napi\u0119ciu 230 V i obci\u0105\u017ceniu do 16 A, co odpowiada mocy maksymalnej 3500 W. Jego konstrukcja z klasykiem wtyczki i gniazda 2P+Z gwarantuje stabilno\u015b\u0107 i odporno\u015b\u0107 na warunki atmosferyczne. Przed\u0142u\u017cacz idealnie sprawdzi si\u0119 w ogrodzie, na budowie, czy podczas imprez plenerowych, zapewniaj\u0105c wygodny dost\u0119p do energii elektrycznej tam, gdzie jest to potrzebne. Dzi\u0119ki elastyczno\u015bci i odpowiedniej izolacji, produkt ten jest nie tylko praktyczny, ale tak\u017ce bezpieczny w u\u017cytkowaniu.<\/p>","protected":false},"excerpt":{"rendered":"<div class=\"icons\" style=\"display: flex; flex-wrap: wrap; gap: 5px; align-items: center; margin-top: 10px;\"><img decoding=\"async\" src=\"https:\/\/as-schwabe.de\/wp-content\/uploads\/ikony\/znak_CE.png\" alt=\"\" width=\"50\" height=\"50\" \/><img decoding=\"async\" src=\"https:\/\/as-schwabe.de\/wp-content\/uploads\/ikony\/znak_IP44.png\" alt=\"\" width=\"50\" height=\"50\" \/><img decoding=\"async\" src=\"https:\/\/as-schwabe.de\/wp-content\/uploads\/ikony\/znak_Z.png\" alt=\"\" width=\"50\" height=\"50\" \/><img loading=\"lazy\" decoding=\"async\" src=\"https:\/\/as-schwabe.de\/wp-content\/uploads\/ikony\/znak_D.png\" alt=\"\" width=\"50\" height=\"50\" \/><\/div>\n<ul>\n<li>IP44: chroniony przed cia\u0142ami obcymi i bryzgami wody <\/li>\n<li>nadaje si\u0119 do kr\u00f3tkotrwa\u0142ego u\u017cytku na zewn\u0105trz<\/li>\n<li> wtyczka i gniazdo z uziemieniem, gniazdo wyposa\u017cone w klapk\u0119 ochronn\u0105 <\/li>\n<li>IP44: chroniony przed cia\u0142ami obcymi i bryzgami wody <\/li>\n<li>230 V, 16 A<\/li>\n<\/ul>","protected":false},"featured_media":30487,"template":"","meta":{"inline_featured_image":false},"genre":[509],"product_cat":[544,568],"product_tag":[],"class_list":{"0":"post-31003","1":"product","2":"type-product","3":"status-publish","4":"has-post-thumbnail","6":"product_brand-as-schwabe-pl","7":"product_cat-przedluzacze-2-pl","8":"product_cat-do-uzytku-na-zewnatrz-2-pl","10":"first","11":"instock","12":"shipping-taxable","13":"product-type-simple"},"aioseo_notices":[],"_links":{"self":[{"href":"https:\/\/as-schwabe.de\/pl\/wp-json\/wp\/v2\/product\/31003","targetHints":{"allow":["GET"]}}],"collection":[{"href":"https:\/\/as-schwabe.de\/pl\/wp-json\/wp\/v2\/product"}],"about":[{"href":"https:\/\/as-schwabe.de\/pl\/wp-json\/wp\/v2\/types\/product"}],"version-history":[{"count":0,"href":"https:\/\/as-schwabe.de\/pl\/wp-json\/wp\/v2\/product\/31003\/revisions"}],"wp:featuredmedia":[{"embeddable":true,"href":"https:\/\/as-schwabe.de\/pl\/wp-json\/wp\/v2\/media\/30487"}],"wp:attachment":[{"href":"https:\/\/as-schwabe.de\/pl\/wp-json\/wp\/v2\/media?parent=31003"}],"wp:term":[{"taxonomy":"product_brand","embeddable":true,"href":"https:\/\/as-schwabe.de\/pl\/wp-json\/wp\/v2\/genre?post=31003"},{"taxonomy":"product_cat","embeddable":true,"href":"https:\/\/as-schwabe.de\/pl\/wp-json\/wp\/v2\/product_cat?post=31003"},{"taxonomy":"product_tag","embeddable":true,"href":"https:\/\/as-schwabe.de\/pl\/wp-json\/wp\/v2\/product_tag?post=31003"}],"curies":[{"name":"wp","href":"https:\/\/api.w.org\/{rel}","templated":true}]}}