{"id":31001,"date":"2025-09-26T23:04:41","date_gmt":"2025-09-26T23:04:41","guid":{"rendered":"https:\/\/as-schwabe.de\/produkt\/przedluzacz-1-gniazdowy-h05rr-f-3g15-cze-5m-60205\/"},"modified":"2025-10-23T00:15:58","modified_gmt":"2025-10-23T00:15:58","slug":"przedluzacz-1-gniazdowy-h05rr-f-3g15-cze-5m-60205","status":"publish","type":"product","link":"https:\/\/as-schwabe.de\/pl\/produkt\/przedluzacz-1-gniazdowy-h05rr-f-3g15-cze-5m-60205\/","title":{"rendered":"Przed\u0142u\u017cacz 1-gniazdowy 5 m H05RR-F 3G1,5 CZE IP44 | 60205"},"content":{"rendered":"<p>Przed\u0142u\u017cacz 1-gniazdowy H05RR-F 3G1,5 w kolorze czerwonym o d\u0142ugo\u015bci 5 metr\u00f3w to doskona\u0142e rozwi\u0105zanie dla os\u00f3b potrzebuj\u0105cych wygodnego zasilania w trudnych warunkach. Dzi\u0119ki wtyczce i gniazdu klasy IP44, produkt jest w pe\u0142ni przystosowany do u\u017cycia na zewn\u0105trz, co zapewnia jego niezawodno\u015b\u0107 w r\u00f3\u017cnorodnych aplikacjach, takich jak prace ogrodowe czy budowlane. Maksymalne obci\u0105\u017cenie wynosz\u0105ce 230 V, 16 A oraz 3500 W umo\u017cliwia pod\u0142\u0105czanie urz\u0105dze\u0144 o du\u017cej mocy. Solidna konstrukcja oraz zastosowanie odpowiednich materia\u0142\u00f3w gwarantuj\u0105 d\u0142ugowieczno\u015b\u0107 oraz bezpiecze\u0144stwo u\u017cytkowania. Przed\u0142u\u017cacz ten jest idealnym wyborem dla ka\u017cdego, kto ceni sobie funkcjonalno\u015b\u0107 i bezpiecze\u0144stwo w codziennym u\u017cytkowaniu elektryczno\u015bci na \u015bwie\u017cym powietrzu.<\/p>","protected":false},"excerpt":{"rendered":"<div class=\"icons\" style=\"display: flex; flex-wrap: wrap; gap: 5px; align-items: center; margin-top: 10px;\"><img decoding=\"async\" src=\"https:\/\/as-schwabe.de\/wp-content\/uploads\/ikony\/znak_CE.png\" alt=\"\" width=\"50\" height=\"50\" \/><img decoding=\"async\" src=\"https:\/\/as-schwabe.de\/wp-content\/uploads\/ikony\/znak_IP44.png\" alt=\"\" width=\"50\" height=\"50\" \/><img decoding=\"async\" src=\"https:\/\/as-schwabe.de\/wp-content\/uploads\/ikony\/znak_Z.png\" alt=\"\" width=\"50\" height=\"50\" \/><img loading=\"lazy\" decoding=\"async\" src=\"https:\/\/as-schwabe.de\/wp-content\/uploads\/ikony\/znak_D.png\" alt=\"\" width=\"50\" height=\"50\" \/><\/div>\n<ul>\n<li>IP44: chroniony przed cia\u0142ami obcymi i bryzgami wody <\/li>\n<li>nadaje si\u0119 do kr\u00f3tkotrwa\u0142ego u\u017cytku na zewn\u0105trz<\/li>\n<li> wtyczka i gniazdo z uziemieniem, gniazdo wyposa\u017cone w klapk\u0119 ochronn\u0105 <\/li>\n<li>IP44: chroniony przed cia\u0142ami obcymi i bryzgami wody <\/li>\n<li>230 V, 16 A<\/li>\n<\/ul>","protected":false},"featured_media":30481,"template":"","meta":{"inline_featured_image":false},"genre":[509],"product_cat":[544,568],"product_tag":[],"class_list":{"0":"post-31001","1":"product","2":"type-product","3":"status-publish","4":"has-post-thumbnail","6":"product_brand-as-schwabe-pl","7":"product_cat-przedluzacze-2-pl","8":"product_cat-do-uzytku-na-zewnatrz-2-pl","10":"first","11":"instock","12":"shipping-taxable","13":"product-type-simple"},"aioseo_notices":[],"_links":{"self":[{"href":"https:\/\/as-schwabe.de\/pl\/wp-json\/wp\/v2\/product\/31001","targetHints":{"allow":["GET"]}}],"collection":[{"href":"https:\/\/as-schwabe.de\/pl\/wp-json\/wp\/v2\/product"}],"about":[{"href":"https:\/\/as-schwabe.de\/pl\/wp-json\/wp\/v2\/types\/product"}],"version-history":[{"count":0,"href":"https:\/\/as-schwabe.de\/pl\/wp-json\/wp\/v2\/product\/31001\/revisions"}],"wp:featuredmedia":[{"embeddable":true,"href":"https:\/\/as-schwabe.de\/pl\/wp-json\/wp\/v2\/media\/30481"}],"wp:attachment":[{"href":"https:\/\/as-schwabe.de\/pl\/wp-json\/wp\/v2\/media?parent=31001"}],"wp:term":[{"taxonomy":"product_brand","embeddable":true,"href":"https:\/\/as-schwabe.de\/pl\/wp-json\/wp\/v2\/genre?post=31001"},{"taxonomy":"product_cat","embeddable":true,"href":"https:\/\/as-schwabe.de\/pl\/wp-json\/wp\/v2\/product_cat?post=31001"},{"taxonomy":"product_tag","embeddable":true,"href":"https:\/\/as-schwabe.de\/pl\/wp-json\/wp\/v2\/product_tag?post=31001"}],"curies":[{"name":"wp","href":"https:\/\/api.w.org\/{rel}","templated":true}]}}