{"id":31000,"date":"2025-09-26T23:04:40","date_gmt":"2025-09-26T23:04:40","guid":{"rendered":"https:\/\/as-schwabe.de\/produkt\/gniazdo-rozgaleziacz-3-krotny-z-tworzywa-230-v-16-a-60057\/"},"modified":"2025-10-23T00:15:56","modified_gmt":"2025-10-23T00:15:56","slug":"gniazdo-rozgaleziacz-3-krotny-z-tworzywa-230-v-16-a-60057","status":"publish","type":"product","link":"https:\/\/as-schwabe.de\/pl\/produkt\/gniazdo-rozgaleziacz-3-krotny-z-tworzywa-230-v-16-a-60057\/","title":{"rendered":"Gniazdo rozga\u0142\u0119ziacz Action 3-krotny z tworzywa 230 V, 16 A 2P+Z NIE IP44 | 60057"},"content":{"rendered":"<p>Gniazdo rozga\u0142\u0119ziacz 3-krotny z tworzywa, o napi\u0119ciu 230 V i pr\u0105dzie znamionowym 16 A, to doskona\u0142e rozwi\u0105zanie do u\u017cytku zar\u00f3wno na zewn\u0105trz, jak i na budowie. Wyposa\u017cone w standardowe gniazda typu 2P+Z, zapewnia bezpieczne zasilanie dla r\u00f3\u017cnych urz\u0105dze\u0144 elektrycznych. Model promocyjny charakteryzuje si\u0119 klas\u0105 ochrony IP44, co gwarantuje odporno\u015b\u0107 na dzia\u0142anie kurzu oraz wilgoci. Dzi\u0119ki solidnej konstrukcji z wysokiej jako\u015bci tworzywa, gniazdo jest trwa\u0142e i \u0142atwe w monta\u017cu, co czyni je idealnym wyborem dla profesjonalist\u00f3w oraz majsterkowicz\u00f3w. Dodatkowo, kompaktowe wymiary oraz atrakcyjny niebieski kolor sprawiaj\u0105, \u017ce gniazdo doskonale wpisuje si\u0119 w r\u00f3\u017cne warunki u\u017cytkowania.<\/p>","protected":false},"excerpt":{"rendered":"<div class=\"icons\" style=\"display: flex; flex-wrap: wrap; gap: 5px; align-items: center; margin-top: 10px;\"><img decoding=\"async\" src=\"https:\/\/as-schwabe.de\/wp-content\/uploads\/ikony\/znak_SCH.png\" alt=\"\" width=\"45\" height=\"50\" \/><img decoding=\"async\" src=\"https:\/\/as-schwabe.de\/wp-content\/uploads\/ikony\/znak_IP44.png\" alt=\"\" width=\"50\" height=\"50\" \/><img decoding=\"async\" src=\"https:\/\/as-schwabe.de\/wp-content\/uploads\/ikony\/znak_PB.png\" alt=\"\" width=\"50\" height=\"50\" \/><img loading=\"lazy\" decoding=\"async\" src=\"https:\/\/as-schwabe.de\/wp-content\/uploads\/ikony\/znak_Z.png\" alt=\"\" width=\"50\" height=\"50\" \/><img loading=\"lazy\" decoding=\"async\" src=\"https:\/\/as-schwabe.de\/wp-content\/uploads\/ikony\/znak_D.png\" alt=\"\" width=\"50\" height=\"50\" \/><\/div>\n<ul>\n<li>rozga\u0142\u0119ziacz 3-gniazdowy <\/li>\n<li>dopuszczone do stosowania na budowach i w rolnictwie <\/li>\n<li>materia\u0142: guma <\/li>\n<li>z samozamykaj\u0105cymi si\u0119 klapkami gniazd i z oczkiem do zawieszenia gniazda <\/li>\n<li>do pod\u0142\u0105czenia przewod\u00f3w o \u015brednicy maks. 2,5 mm2 <\/li>\n<li>IP44: chroniony przed cia\u0142ami obcymi i bryzgami wody <\/li>\n<li>230 V, 16 A<\/li>\n<\/ul>","protected":false},"featured_media":30482,"template":"","meta":{"inline_featured_image":false},"genre":[509],"product_cat":[523,552],"product_tag":[],"class_list":{"0":"post-31000","1":"product","2":"type-product","3":"status-publish","4":"has-post-thumbnail","6":"product_brand-as-schwabe-pl","7":"product_cat-produkty-do-samodzielnego-montazu-pl","8":"product_cat-gniazda-i-rozgaleziacze-gniazd-pl","10":"first","11":"instock","12":"shipping-taxable","13":"product-type-simple"},"aioseo_notices":[],"_links":{"self":[{"href":"https:\/\/as-schwabe.de\/pl\/wp-json\/wp\/v2\/product\/31000","targetHints":{"allow":["GET"]}}],"collection":[{"href":"https:\/\/as-schwabe.de\/pl\/wp-json\/wp\/v2\/product"}],"about":[{"href":"https:\/\/as-schwabe.de\/pl\/wp-json\/wp\/v2\/types\/product"}],"version-history":[{"count":0,"href":"https:\/\/as-schwabe.de\/pl\/wp-json\/wp\/v2\/product\/31000\/revisions"}],"wp:featuredmedia":[{"embeddable":true,"href":"https:\/\/as-schwabe.de\/pl\/wp-json\/wp\/v2\/media\/30482"}],"wp:attachment":[{"href":"https:\/\/as-schwabe.de\/pl\/wp-json\/wp\/v2\/media?parent=31000"}],"wp:term":[{"taxonomy":"product_brand","embeddable":true,"href":"https:\/\/as-schwabe.de\/pl\/wp-json\/wp\/v2\/genre?post=31000"},{"taxonomy":"product_cat","embeddable":true,"href":"https:\/\/as-schwabe.de\/pl\/wp-json\/wp\/v2\/product_cat?post=31000"},{"taxonomy":"product_tag","embeddable":true,"href":"https:\/\/as-schwabe.de\/pl\/wp-json\/wp\/v2\/product_tag?post=31000"}],"curies":[{"name":"wp","href":"https:\/\/api.w.org\/{rel}","templated":true}]}}