{"id":30993,"date":"2025-09-26T23:04:36","date_gmt":"2025-09-26T23:04:36","guid":{"rendered":"https:\/\/as-schwabe.de\/produkt\/kabel-h07bq-f-5g25-w-krazku-400-v-16-a-pom-50-m-59631\/"},"modified":"2025-10-23T00:15:53","modified_gmt":"2025-10-23T00:15:53","slug":"kabel-h07bq-f-5g25-w-krazku-400-v-16-a-pom-50-m-59631","status":"publish","type":"product","link":"https:\/\/as-schwabe.de\/pl\/produkt\/kabel-h07bq-f-5g25-w-krazku-400-v-16-a-pom-50-m-59631\/","title":{"rendered":"Kabel 50 m H07BQ-F 5G2,5 w kr\u0105\u017cku 450\/750 V POM | 59631"},"content":{"rendered":"<p>Kabel H07BQ-F 5G2,5 w kr\u0105\u017cku 400 V, 16 A o d\u0142ugo\u015bci 50 m to wysokiej jako\u015bci przew\u00f3d elastyczny, idealny do zastosowa\u0144 na zewn\u0105trz oraz w trudnych warunkach budowlanych. Jego pomara\u0144czowa izolacja zapewnia doskona\u0142\u0105 widoczno\u015b\u0107 i bezpiecze\u0144stwo podczas pracy. Kabel charakteryzuje si\u0119 wysok\u0105 odporno\u015bci\u0105 na dzia\u0142anie czynnik\u00f3w atmosferycznych oraz mechanicznych, co czyni go niezawodnym rozwi\u0105zaniem w warunkach intensywnego u\u017cytkowania. Dzi\u0119ki pi\u0119ciu \u017cy\u0142om o przekroju 2,5 mm\u00b2, przew\u00f3d gwarantuje stabilne zasilanie urz\u0105dze\u0144 elektrycznych o maksymalnym pr\u0105dzie 16 A. Wybieraj\u0105c ten kabel, u\u017cytkownik zyskuje nie tylko wydajno\u015b\u0107, ale tak\u017ce bezpiecze\u0144stwo i trwa\u0142o\u015b\u0107 na lata.<\/p>","protected":false},"excerpt":{"rendered":"<div class=\"icons\" style=\"display: flex; flex-wrap: wrap; gap: 5px; align-items: center; margin-top: 10px;\"><img decoding=\"async\" src=\"https:\/\/as-schwabe.de\/wp-content\/uploads\/ikony\/znak_CE.png\" alt=\"\" width=\"50\" height=\"50\" \/><img decoding=\"async\" src=\"https:\/\/as-schwabe.de\/wp-content\/uploads\/ikony\/znak_PB.png\" alt=\"\" width=\"50\" height=\"50\" \/><img decoding=\"async\" src=\"https:\/\/as-schwabe.de\/wp-content\/uploads\/ikony\/znak_Z.png\" alt=\"\" width=\"50\" height=\"50\" \/><img loading=\"lazy\" decoding=\"async\" src=\"https:\/\/as-schwabe.de\/wp-content\/uploads\/ikony\/znak_D.png\" alt=\"\" width=\"50\" height=\"50\" \/><\/div>\n<ul>\n<li>kabel w kr\u0105\u017cku H07BQ-F <\/li>\n<li>przewody przeznaczone do najwy\u017cszych obci\u0105\u017ce\u0144 mechanicznych, idealne do zastosowa\u0144 przemys\u0142owych, takich jak pod\u0142\u0105czanie maszyn i silnik\u00f3w <\/li>\n<li>produkty wykonane w Europie, spe\u0142niaj\u0105ce rygorystyczne standardy jako\u015bci<\/li>\n<li> przewody posiadaj\u0105 dodatkow\u0105 izolacj\u0119 z gumy, poliuretanu lub PCV, a tak\u017ce pow\u0142ok\u0119 neoprenow\u0105, co zwi\u0119ksza ich odporno\u015b\u0107 na uszkodzenia mechaniczne <\/li>\n<\/ul>","protected":false},"featured_media":30470,"template":"","meta":{"inline_featured_image":false},"genre":[509],"product_cat":[507,508],"product_tag":[],"class_list":{"0":"post-30993","1":"product","2":"type-product","3":"status-publish","4":"has-post-thumbnail","6":"product_brand-as-schwabe-pl","7":"product_cat-przewody-przylaczeniowe-2-pl","8":"product_cat-kable-w-krazkach-sprzedawane-na-metry-pl","10":"first","11":"instock","12":"shipping-taxable","13":"product-type-simple"},"aioseo_notices":[],"_links":{"self":[{"href":"https:\/\/as-schwabe.de\/pl\/wp-json\/wp\/v2\/product\/30993","targetHints":{"allow":["GET"]}}],"collection":[{"href":"https:\/\/as-schwabe.de\/pl\/wp-json\/wp\/v2\/product"}],"about":[{"href":"https:\/\/as-schwabe.de\/pl\/wp-json\/wp\/v2\/types\/product"}],"version-history":[{"count":0,"href":"https:\/\/as-schwabe.de\/pl\/wp-json\/wp\/v2\/product\/30993\/revisions"}],"wp:featuredmedia":[{"embeddable":true,"href":"https:\/\/as-schwabe.de\/pl\/wp-json\/wp\/v2\/media\/30470"}],"wp:attachment":[{"href":"https:\/\/as-schwabe.de\/pl\/wp-json\/wp\/v2\/media?parent=30993"}],"wp:term":[{"taxonomy":"product_brand","embeddable":true,"href":"https:\/\/as-schwabe.de\/pl\/wp-json\/wp\/v2\/genre?post=30993"},{"taxonomy":"product_cat","embeddable":true,"href":"https:\/\/as-schwabe.de\/pl\/wp-json\/wp\/v2\/product_cat?post=30993"},{"taxonomy":"product_tag","embeddable":true,"href":"https:\/\/as-schwabe.de\/pl\/wp-json\/wp\/v2\/product_tag?post=30993"}],"curies":[{"name":"wp","href":"https:\/\/api.w.org\/{rel}","templated":true}]}}