{"id":30990,"date":"2025-09-26T23:04:33","date_gmt":"2025-09-26T23:04:33","guid":{"rendered":"https:\/\/as-schwabe.de\/produkt\/przedluzacz-cee-400-v-32-a-h07bq-f-5g4-25-m-59627\/"},"modified":"2025-10-23T00:15:51","modified_gmt":"2025-10-23T00:15:51","slug":"przedluzacz-cee-400-v-32-a-h07bq-f-5g4-25-m-59627","status":"publish","type":"product","link":"https:\/\/as-schwabe.de\/pl\/produkt\/przedluzacz-cee-400-v-32-a-h07bq-f-5g4-25-m-59627\/","title":{"rendered":"Przed\u0142u\u017cacz CEE 400 V, 32 A, 5P 25 m H07BQ-F 5G4 | 59627"},"content":{"rendered":"<p>Przed\u0142u\u017cacz CEE 400 V, 32 A, 5P o d\u0142ugo\u015bci 25 m to niezwykle funkcjonalne rozwi\u0105zanie, idealne do zastosowania na placach budowy oraz w warunkach zewn\u0119trznych. Wyposa\u017cony w wtyczk\u0119 i gniazdo CEE 400 V o parametrach 32 A, 5P, zapewnia nieprzerwan\u0105 dostaw\u0119 energii elektrycznej o maksymalnej mocy 22 kW. Kabel H07BQ-F 5G4 w kolorze pomara\u0144czowym charakteryzuje si\u0119 wysok\u0105 odporno\u015bci\u0105 na uszkodzenia mechaniczne i dzia\u0142anie warunk\u00f3w atmosferycznych. O wysokim poziomie ochrony przed wod\u0105 i py\u0142em \u015bwiadczy certyfikat IP44, co czyni go bezpiecznym i niezawodnym narz\u0119dziem w trudnych warunkach pracy. Dzi\u0119ki swojej d\u0142ugo\u015bci, przed\u0142u\u017cacz umo\u017cliwia elastyczne pod\u0142\u0105czenie sprz\u0119tu elektrycznego w r\u00f3\u017cnych lokalizacjach, zwi\u0119kszaj\u0105c komfort i wydajno\u015b\u0107 realizowanych zada\u0144.<\/p>","protected":false},"excerpt":{"rendered":"<div class=\"icons\" style=\"display: flex; flex-wrap: wrap; gap: 5px; align-items: center; margin-top: 10px;\"><img decoding=\"async\" src=\"https:\/\/as-schwabe.de\/wp-content\/uploads\/ikony\/znak_CE.png\" alt=\"\" width=\"50\" height=\"50\" \/><img decoding=\"async\" src=\"https:\/\/as-schwabe.de\/wp-content\/uploads\/ikony\/znak_IP44.png\" alt=\"\" width=\"50\" height=\"50\" \/><img decoding=\"async\" src=\"https:\/\/as-schwabe.de\/wp-content\/uploads\/ikony\/znak_PB.png\" alt=\"\" width=\"50\" height=\"50\" \/><img loading=\"lazy\" decoding=\"async\" src=\"https:\/\/as-schwabe.de\/wp-content\/uploads\/ikony\/znak_Z.png\" alt=\"\" width=\"50\" height=\"50\" \/><img loading=\"lazy\" decoding=\"async\" src=\"https:\/\/as-schwabe.de\/wp-content\/uploads\/ikony\/znak_D.png\" alt=\"\" width=\"50\" height=\"50\" \/><img loading=\"lazy\" decoding=\"async\" src=\"https:\/\/as-schwabe.de\/wp-content\/uploads\/ikony\/znak_DE.png\" alt=\"\" width=\"50\" height=\"40\" \/><\/div>\n<ul>\n<li>Przed\u0142u\u017cacze wysokopr\u0105dowe na plac budowy 25 m H07BQ-F 5G4 <\/li>\n<li>wtyczka CEE i gniazdo CEE z uchyln\u0105 klapk\u0105 <\/li>\n<li>wtyczki i gniazda najnowszej generacji \u201eMade in Germany\u201d <\/li>\n<li>400 V, 5P, 6h <\/li>\n<li>IP44: chroniony przed cia\u0142ami obcymi i bryzgami wody<\/li>\n<\/ul>","protected":false},"featured_media":30464,"template":"","meta":{"inline_featured_image":false},"genre":[509],"product_cat":[518,569],"product_tag":[],"class_list":{"0":"post-30990","1":"product","2":"type-product","3":"status-publish","4":"has-post-thumbnail","6":"product_brand-as-schwabe-pl","7":"product_cat-asortyment-produktow-cee-400-v-pl","8":"product_cat-przedluzacze-cee-i-wtyczki-testujace-cee-pl","10":"first","11":"instock","12":"shipping-taxable","13":"product-type-simple"},"aioseo_notices":[],"_links":{"self":[{"href":"https:\/\/as-schwabe.de\/pl\/wp-json\/wp\/v2\/product\/30990","targetHints":{"allow":["GET"]}}],"collection":[{"href":"https:\/\/as-schwabe.de\/pl\/wp-json\/wp\/v2\/product"}],"about":[{"href":"https:\/\/as-schwabe.de\/pl\/wp-json\/wp\/v2\/types\/product"}],"version-history":[{"count":0,"href":"https:\/\/as-schwabe.de\/pl\/wp-json\/wp\/v2\/product\/30990\/revisions"}],"wp:featuredmedia":[{"embeddable":true,"href":"https:\/\/as-schwabe.de\/pl\/wp-json\/wp\/v2\/media\/30464"}],"wp:attachment":[{"href":"https:\/\/as-schwabe.de\/pl\/wp-json\/wp\/v2\/media?parent=30990"}],"wp:term":[{"taxonomy":"product_brand","embeddable":true,"href":"https:\/\/as-schwabe.de\/pl\/wp-json\/wp\/v2\/genre?post=30990"},{"taxonomy":"product_cat","embeddable":true,"href":"https:\/\/as-schwabe.de\/pl\/wp-json\/wp\/v2\/product_cat?post=30990"},{"taxonomy":"product_tag","embeddable":true,"href":"https:\/\/as-schwabe.de\/pl\/wp-json\/wp\/v2\/product_tag?post=30990"}],"curies":[{"name":"wp","href":"https:\/\/api.w.org\/{rel}","templated":true}]}}