{"id":30988,"date":"2025-09-26T23:04:32","date_gmt":"2025-09-26T23:04:32","guid":{"rendered":"https:\/\/as-schwabe.de\/produkt\/przedluzacz-cee-400-v-16-a-h07bq-f-5g25-25-m-59625\/"},"modified":"2025-10-23T00:15:50","modified_gmt":"2025-10-23T00:15:50","slug":"przedluzacz-cee-400-v-16-a-h07bq-f-5g25-25-m-59625","status":"publish","type":"product","link":"https:\/\/as-schwabe.de\/pl\/produkt\/przedluzacz-cee-400-v-16-a-h07bq-f-5g25-25-m-59625\/","title":{"rendered":"Przed\u0142u\u017cacz CEE 400 V, 16 A, 5P 25 m H07BQ-F 5G2,5 | 59625"},"content":{"rendered":"<p>Przed\u0142u\u017cacz CEE 400 V o nat\u0119\u017ceniu 16 A i d\u0142ugo\u015bci 25 m to niezawodne rozwi\u0105zanie do zasilania urz\u0105dze\u0144 elektrycznych zar\u00f3wno na budowie, jak i w wymagaj\u0105cych warunkach zewn\u0119trznych. Wyposa\u017cony w wtyczk\u0119 oraz gniazdo CEE 400 V, 16 A, 5P, zapewnia maksymalne obci\u0105\u017cenie do 11 kW, co pozwala na efektywne zasilanie profesjonalnych sprz\u0119t\u00f3w. Sznur H07BQ-F 5G2,5 w kolorze pomara\u0144czowym gwarantuje wysok\u0105 odporno\u015b\u0107 na uszkodzenia oraz czynniki atmosferyczne, co czyni go idealnym do zastosowa\u0144 na \u015bwie\u017cym powietrzu. Klasa ochrony IP44 zapewnia skuteczn\u0105 ochron\u0119 przed wilgoci\u0105 oraz cia\u0142ami sta\u0142ymi, co dodatkowo zwi\u0119ksza bezpiecze\u0144stwo u\u017cytkowania. Wybieraj\u0105c nasz przed\u0142u\u017cacz, zyskujesz solidne wsparcie dla swoich elektrycznych potrzeb w ka\u017cdych warunkach.<\/p>","protected":false},"excerpt":{"rendered":"<div class=\"icons\" style=\"display: flex; flex-wrap: wrap; gap: 5px; align-items: center; margin-top: 10px;\"><img decoding=\"async\" src=\"https:\/\/as-schwabe.de\/wp-content\/uploads\/ikony\/znak_CE.png\" alt=\"\" width=\"50\" height=\"50\" \/><img decoding=\"async\" src=\"https:\/\/as-schwabe.de\/wp-content\/uploads\/ikony\/znak_IP44.png\" alt=\"\" width=\"50\" height=\"50\" \/><img decoding=\"async\" src=\"https:\/\/as-schwabe.de\/wp-content\/uploads\/ikony\/znak_PB.png\" alt=\"\" width=\"50\" height=\"50\" \/><img loading=\"lazy\" decoding=\"async\" src=\"https:\/\/as-schwabe.de\/wp-content\/uploads\/ikony\/znak_Z.png\" alt=\"\" width=\"50\" height=\"50\" \/><img loading=\"lazy\" decoding=\"async\" src=\"https:\/\/as-schwabe.de\/wp-content\/uploads\/ikony\/znak_D.png\" alt=\"\" width=\"50\" height=\"50\" \/><img loading=\"lazy\" decoding=\"async\" src=\"https:\/\/as-schwabe.de\/wp-content\/uploads\/ikony\/znak_DE.png\" alt=\"\" width=\"50\" height=\"40\" \/><\/div>\n<ul>\n<li>Przed\u0142u\u017cacze wysokopr\u0105dowe na plac budowy 25 m H07BQ-F 5G2,5 <\/li>\n<li>wtyczka CEE i gniazdo CEE z uchyln\u0105 klapk\u0105 <\/li>\n<li>wtyczki i gniazda najnowszej generacji \u201eMade in Germany\u201d <\/li>\n<li>400 V, 5P, 6h <\/li>\n<li>IP44: chroniony przed cia\u0142ami obcymi i bryzgami wody<\/li>\n<\/ul>","protected":false},"featured_media":30461,"template":"","meta":{"inline_featured_image":false},"genre":[509],"product_cat":[518,569],"product_tag":[],"class_list":{"0":"post-30988","1":"product","2":"type-product","3":"status-publish","4":"has-post-thumbnail","6":"product_brand-as-schwabe-pl","7":"product_cat-asortyment-produktow-cee-400-v-pl","8":"product_cat-przedluzacze-cee-i-wtyczki-testujace-cee-pl","10":"first","11":"instock","12":"shipping-taxable","13":"product-type-simple"},"aioseo_notices":[],"_links":{"self":[{"href":"https:\/\/as-schwabe.de\/pl\/wp-json\/wp\/v2\/product\/30988","targetHints":{"allow":["GET"]}}],"collection":[{"href":"https:\/\/as-schwabe.de\/pl\/wp-json\/wp\/v2\/product"}],"about":[{"href":"https:\/\/as-schwabe.de\/pl\/wp-json\/wp\/v2\/types\/product"}],"version-history":[{"count":0,"href":"https:\/\/as-schwabe.de\/pl\/wp-json\/wp\/v2\/product\/30988\/revisions"}],"wp:featuredmedia":[{"embeddable":true,"href":"https:\/\/as-schwabe.de\/pl\/wp-json\/wp\/v2\/media\/30461"}],"wp:attachment":[{"href":"https:\/\/as-schwabe.de\/pl\/wp-json\/wp\/v2\/media?parent=30988"}],"wp:term":[{"taxonomy":"product_brand","embeddable":true,"href":"https:\/\/as-schwabe.de\/pl\/wp-json\/wp\/v2\/genre?post=30988"},{"taxonomy":"product_cat","embeddable":true,"href":"https:\/\/as-schwabe.de\/pl\/wp-json\/wp\/v2\/product_cat?post=30988"},{"taxonomy":"product_tag","embeddable":true,"href":"https:\/\/as-schwabe.de\/pl\/wp-json\/wp\/v2\/product_tag?post=30988"}],"curies":[{"name":"wp","href":"https:\/\/api.w.org\/{rel}","templated":true}]}}