{"id":30982,"date":"2025-09-26T23:04:29","date_gmt":"2025-09-26T23:04:29","guid":{"rendered":"https:\/\/as-schwabe.de\/produkt\/kabel-n07v3v3-f-5g6-na-metry-400-v-32-a-zol-1-m-59450\/"},"modified":"2025-10-23T00:15:47","modified_gmt":"2025-10-23T00:15:47","slug":"kabel-n07v3v3-f-5g6-na-metry-400-v-32-a-zol-1-m-59450","status":"publish","type":"product","link":"https:\/\/as-schwabe.de\/pl\/produkt\/kabel-n07v3v3-f-5g6-na-metry-400-v-32-a-zol-1-m-59450\/","title":{"rendered":"Kabel 1 m AT-N07V3V3-F 5G6 na metry 450\/750 V \u017b\u00d3\u0141 | 59450"},"content":{"rendered":"<p>Kabel AT-N07V3V3-F 5G6 na metry o napi\u0119ciu 400 V i pr\u0105dzie 32 A to wysokiej jako\u015bci produkt, zaprojektowany z my\u015bl\u0105 o profesjonalnych aplikacjach elektrotechnicznych. Jego pi\u0119cio\u017cy\u0142owa konstrukcja zapewnia doskona\u0142\u0105 elastyczno\u015b\u0107 oraz odporno\u015b\u0107 na uszkodzenia mechaniczne, co czyni go idealnym rozwi\u0105zaniem do instalacji przemys\u0142owych oraz w budownictwie. \u017b\u00f3\u0142ta izolacja wyr\u00f3\u017cnia si\u0119 nie tylko estetyk\u0105, ale r\u00f3wnie\u017c wysok\u0105 widoczno\u015bci\u0105, co zwi\u0119ksza bezpiecze\u0144stwo podczas pracy. Kabel ten jest przeznaczony do pracy w trudnych warunkach, co sprawia, \u017ce jest niezawodnym wyborem dla wymagaj\u0105cych u\u017cytkownik\u00f3w. Dost\u0119pny w d\u0142ugo\u015bci 1 m, umo\u017cliwia \u0142atwe dostosowanie do indywidualnych potrzeb instalacyjnych.<\/p>","protected":false},"excerpt":{"rendered":"<div class=\"icons\" style=\"display: flex; flex-wrap: wrap; gap: 5px; align-items: center; margin-top: 10px;\"><img decoding=\"async\" src=\"https:\/\/as-schwabe.de\/wp-content\/uploads\/ikony\/znak_CE.png\" alt=\"\" width=\"50\" height=\"50\" \/><img decoding=\"async\" src=\"https:\/\/as-schwabe.de\/wp-content\/uploads\/ikony\/znak_PB.png\" alt=\"\" width=\"50\" height=\"50\" \/><img decoding=\"async\" src=\"https:\/\/as-schwabe.de\/wp-content\/uploads\/ikony\/znak_Z.png\" alt=\"\" width=\"50\" height=\"50\" \/><img loading=\"lazy\" decoding=\"async\" src=\"https:\/\/as-schwabe.de\/wp-content\/uploads\/ikony\/znak_D.png\" alt=\"\" width=\"50\" height=\"50\" \/><\/div>\n<ul>\n<li>kabel na metry AT-N07V3V3-F <\/li>\n<li>przewody przeznaczone do najwy\u017cszych obci\u0105\u017ce\u0144 mechanicznych, idealne do zastosowa\u0144 przemys\u0142owych, takich jak pod\u0142\u0105czanie maszyn i silnik\u00f3w <\/li>\n<li>produkty wykonane w Europie, spe\u0142niaj\u0105ce rygorystyczne standardy jako\u015bci<\/li>\n<li> przewody posiadaj\u0105 dodatkow\u0105 izolacj\u0119 z gumy, poliuretanu lub PCV, a tak\u017ce pow\u0142ok\u0119 neoprenow\u0105, co zwi\u0119ksza ich odporno\u015b\u0107 na uszkodzenia mechaniczne <\/li>\n<\/ul>","protected":false},"featured_media":30454,"template":"","meta":{"inline_featured_image":false},"genre":[509],"product_cat":[507,508],"product_tag":[],"class_list":{"0":"post-30982","1":"product","2":"type-product","3":"status-publish","4":"has-post-thumbnail","6":"product_brand-as-schwabe-pl","7":"product_cat-przewody-przylaczeniowe-2-pl","8":"product_cat-kable-w-krazkach-sprzedawane-na-metry-pl","10":"first","11":"instock","12":"shipping-taxable","13":"product-type-simple"},"aioseo_notices":[],"_links":{"self":[{"href":"https:\/\/as-schwabe.de\/pl\/wp-json\/wp\/v2\/product\/30982","targetHints":{"allow":["GET"]}}],"collection":[{"href":"https:\/\/as-schwabe.de\/pl\/wp-json\/wp\/v2\/product"}],"about":[{"href":"https:\/\/as-schwabe.de\/pl\/wp-json\/wp\/v2\/types\/product"}],"version-history":[{"count":0,"href":"https:\/\/as-schwabe.de\/pl\/wp-json\/wp\/v2\/product\/30982\/revisions"}],"wp:featuredmedia":[{"embeddable":true,"href":"https:\/\/as-schwabe.de\/pl\/wp-json\/wp\/v2\/media\/30454"}],"wp:attachment":[{"href":"https:\/\/as-schwabe.de\/pl\/wp-json\/wp\/v2\/media?parent=30982"}],"wp:term":[{"taxonomy":"product_brand","embeddable":true,"href":"https:\/\/as-schwabe.de\/pl\/wp-json\/wp\/v2\/genre?post=30982"},{"taxonomy":"product_cat","embeddable":true,"href":"https:\/\/as-schwabe.de\/pl\/wp-json\/wp\/v2\/product_cat?post=30982"},{"taxonomy":"product_tag","embeddable":true,"href":"https:\/\/as-schwabe.de\/pl\/wp-json\/wp\/v2\/product_tag?post=30982"}],"curies":[{"name":"wp","href":"https:\/\/api.w.org\/{rel}","templated":true}]}}