{"id":30981,"date":"2025-09-26T23:04:28","date_gmt":"2025-09-26T23:04:28","guid":{"rendered":"https:\/\/as-schwabe.de\/produkt\/kabel-h07bq-f-5g6-w-krazku-400-v-32-a-pom-50-m-59447\/"},"modified":"2025-10-23T00:15:46","modified_gmt":"2025-10-23T00:15:46","slug":"kabel-h07bq-f-5g6-w-krazku-400-v-32-a-pom-50-m-59447","status":"publish","type":"product","link":"https:\/\/as-schwabe.de\/pl\/produkt\/kabel-h07bq-f-5g6-w-krazku-400-v-32-a-pom-50-m-59447\/","title":{"rendered":"Kabel 50 m H07BQ-F 5G6 w kr\u0105\u017cku 450\/750 V POM | 59447"},"content":{"rendered":"<p>Kabel H07BQ-F 5G6 o d\u0142ugo\u015bci 50 m, w kolorze pomara\u0144czowym, to wysokiej jako\u015bci przew\u00f3d elektryczny przeznaczony do zastosowa\u0144 zewn\u0119trznych oraz w budownictwie. Oferuje on maksymalne napi\u0119cie 400 V i pr\u0105d nominalny 32 A, co czyni go idealnym rozwi\u0105zaniem dla wymagaj\u0105cych instalacji i sprz\u0119tu budowlanego. Wytrzyma\u0142a konstrukcja kabelka H07BQ-F zabezpiecza go przed dzia\u0142aniem warunk\u00f3w atmosferycznych oraz uszkodzeniami mechanicznymi, co zwi\u0119ksza jego \u017cywotno\u015b\u0107 i niezawodno\u015b\u0107 podczas intensywnego u\u017cytkowania. Dzi\u0119ki zastosowaniu tego przewodu, u\u017cytkownik zyskuje pewno\u015b\u0107, \u017ce jego instalacje elektryczne s\u0105 bezpieczne, a prace budowlane prowadzone sprawnie i wydajnie.<\/p>","protected":false},"excerpt":{"rendered":"<div class=\"icons\" style=\"display: flex; flex-wrap: wrap; gap: 5px; align-items: center; margin-top: 10px;\"><img decoding=\"async\" src=\"https:\/\/as-schwabe.de\/wp-content\/uploads\/ikony\/znak_CE.png\" alt=\"\" width=\"50\" height=\"50\" \/><img decoding=\"async\" src=\"https:\/\/as-schwabe.de\/wp-content\/uploads\/ikony\/znak_PB.png\" alt=\"\" width=\"50\" height=\"50\" \/><img decoding=\"async\" src=\"https:\/\/as-schwabe.de\/wp-content\/uploads\/ikony\/znak_Z.png\" alt=\"\" width=\"50\" height=\"50\" \/><img loading=\"lazy\" decoding=\"async\" src=\"https:\/\/as-schwabe.de\/wp-content\/uploads\/ikony\/znak_D.png\" alt=\"\" width=\"50\" height=\"50\" \/><\/div>\n<ul>\n<li>kabel w kr\u0105\u017cku H07BQ-F <\/li>\n<li>przewody przeznaczone do najwy\u017cszych obci\u0105\u017ce\u0144 mechanicznych, idealne do zastosowa\u0144 przemys\u0142owych, takich jak pod\u0142\u0105czanie maszyn i silnik\u00f3w <\/li>\n<li>produkty wykonane w Europie, spe\u0142niaj\u0105ce rygorystyczne standardy jako\u015bci<\/li>\n<li> przewody posiadaj\u0105 dodatkow\u0105 izolacj\u0119 z gumy, poliuretanu lub PCV, a tak\u017ce pow\u0142ok\u0119 neoprenow\u0105, co zwi\u0119ksza ich odporno\u015b\u0107 na uszkodzenia mechaniczne <\/li>\n<\/ul>","protected":false},"featured_media":30453,"template":"","meta":{"inline_featured_image":false},"genre":[509],"product_cat":[507,508],"product_tag":[],"class_list":{"0":"post-30981","1":"product","2":"type-product","3":"status-publish","4":"has-post-thumbnail","6":"product_brand-as-schwabe-pl","7":"product_cat-przewody-przylaczeniowe-2-pl","8":"product_cat-kable-w-krazkach-sprzedawane-na-metry-pl","10":"first","11":"instock","12":"shipping-taxable","13":"product-type-simple"},"aioseo_notices":[],"_links":{"self":[{"href":"https:\/\/as-schwabe.de\/pl\/wp-json\/wp\/v2\/product\/30981","targetHints":{"allow":["GET"]}}],"collection":[{"href":"https:\/\/as-schwabe.de\/pl\/wp-json\/wp\/v2\/product"}],"about":[{"href":"https:\/\/as-schwabe.de\/pl\/wp-json\/wp\/v2\/types\/product"}],"version-history":[{"count":0,"href":"https:\/\/as-schwabe.de\/pl\/wp-json\/wp\/v2\/product\/30981\/revisions"}],"wp:featuredmedia":[{"embeddable":true,"href":"https:\/\/as-schwabe.de\/pl\/wp-json\/wp\/v2\/media\/30453"}],"wp:attachment":[{"href":"https:\/\/as-schwabe.de\/pl\/wp-json\/wp\/v2\/media?parent=30981"}],"wp:term":[{"taxonomy":"product_brand","embeddable":true,"href":"https:\/\/as-schwabe.de\/pl\/wp-json\/wp\/v2\/genre?post=30981"},{"taxonomy":"product_cat","embeddable":true,"href":"https:\/\/as-schwabe.de\/pl\/wp-json\/wp\/v2\/product_cat?post=30981"},{"taxonomy":"product_tag","embeddable":true,"href":"https:\/\/as-schwabe.de\/pl\/wp-json\/wp\/v2\/product_tag?post=30981"}],"curies":[{"name":"wp","href":"https:\/\/api.w.org\/{rel}","templated":true}]}}