{"id":30980,"date":"2025-09-26T23:04:28","date_gmt":"2025-09-26T23:04:28","guid":{"rendered":"https:\/\/as-schwabe.de\/produkt\/kabel-h07bq-f-5g6-na-metry-400-v-32-a-pom-1-m-59446\/"},"modified":"2025-10-23T00:15:46","modified_gmt":"2025-10-23T00:15:46","slug":"kabel-h07bq-f-5g6-na-metry-400-v-32-a-pom-1-m-59446","status":"publish","type":"product","link":"https:\/\/as-schwabe.de\/pl\/produkt\/kabel-h07bq-f-5g6-na-metry-400-v-32-a-pom-1-m-59446\/","title":{"rendered":"Kabel 1 m H07BQ-F 5G6 na metry 450\/750 V POM | 59446"},"content":{"rendered":"<p>Kabel H07BQ-F 5G6 to elastyczny przew\u00f3d o napi\u0119ciu znamionowym 400 V i pr\u0105dzie maksymalnym 32 A, przeznaczony do u\u017cytku w trudnych warunkach atmosferycznych oraz na placach budowy. Jego konstrukcja oparta na pi\u0119ciu \u017cy\u0142ach o przekroju 6 mm\u00b2 zapewnia doskona\u0142\u0105 przewodno\u015b\u0107 elektryczn\u0105 oraz odporno\u015b\u0107 na uszkodzenia mechaniczne. Dzi\u0119ki zastosowaniu wysokiej jako\u015bci materia\u0142\u00f3w, kabel charakteryzuje si\u0119 zwi\u0119kszon\u0105 odporno\u015bci\u0105 na dzia\u0142anie wilgoci oraz promieni UV, co czyni go idealnym rozwi\u0105zaniem do zastosowa\u0144 zewn\u0119trznych. Pomara\u0144czowy kolor izolacji zwi\u0119ksza widoczno\u015b\u0107, co przek\u0142ada si\u0119 na dodatkowe bezpiecze\u0144stwo podczas pracy. Kabel dostarczany jest na metry, co umo\u017cliwia dostosowanie d\u0142ugo\u015bci do indywidualnych potrzeb u\u017cytkownika.<\/p>","protected":false},"excerpt":{"rendered":"<div class=\"icons\" style=\"display: flex; flex-wrap: wrap; gap: 5px; align-items: center; margin-top: 10px;\"><img decoding=\"async\" src=\"https:\/\/as-schwabe.de\/wp-content\/uploads\/ikony\/znak_CE.png\" alt=\"\" width=\"50\" height=\"50\" \/><img decoding=\"async\" src=\"https:\/\/as-schwabe.de\/wp-content\/uploads\/ikony\/znak_PB.png\" alt=\"\" width=\"50\" height=\"50\" \/><img decoding=\"async\" src=\"https:\/\/as-schwabe.de\/wp-content\/uploads\/ikony\/znak_Z.png\" alt=\"\" width=\"50\" height=\"50\" \/><img loading=\"lazy\" decoding=\"async\" src=\"https:\/\/as-schwabe.de\/wp-content\/uploads\/ikony\/znak_D.png\" alt=\"\" width=\"50\" height=\"50\" \/><\/div>\n<ul>\n<li>kabel na metry H07BQ-F <\/li>\n<li>przewody przeznaczone do najwy\u017cszych obci\u0105\u017ce\u0144 mechanicznych, idealne do zastosowa\u0144 przemys\u0142owych, takich jak pod\u0142\u0105czanie maszyn i silnik\u00f3w <\/li>\n<li>produkty wykonane w Europie, spe\u0142niaj\u0105ce rygorystyczne standardy jako\u015bci<\/li>\n<li> przewody posiadaj\u0105 dodatkow\u0105 izolacj\u0119 z gumy, poliuretanu lub PCV, a tak\u017ce pow\u0142ok\u0119 neoprenow\u0105, co zwi\u0119ksza ich odporno\u015b\u0107 na uszkodzenia mechaniczne <\/li>\n<\/ul>","protected":false},"featured_media":30452,"template":"","meta":{"inline_featured_image":false},"genre":[509],"product_cat":[507,508],"product_tag":[],"class_list":{"0":"post-30980","1":"product","2":"type-product","3":"status-publish","4":"has-post-thumbnail","6":"product_brand-as-schwabe-pl","7":"product_cat-przewody-przylaczeniowe-2-pl","8":"product_cat-kable-w-krazkach-sprzedawane-na-metry-pl","10":"first","11":"instock","12":"shipping-taxable","13":"product-type-simple"},"aioseo_notices":[],"_links":{"self":[{"href":"https:\/\/as-schwabe.de\/pl\/wp-json\/wp\/v2\/product\/30980","targetHints":{"allow":["GET"]}}],"collection":[{"href":"https:\/\/as-schwabe.de\/pl\/wp-json\/wp\/v2\/product"}],"about":[{"href":"https:\/\/as-schwabe.de\/pl\/wp-json\/wp\/v2\/types\/product"}],"version-history":[{"count":0,"href":"https:\/\/as-schwabe.de\/pl\/wp-json\/wp\/v2\/product\/30980\/revisions"}],"wp:featuredmedia":[{"embeddable":true,"href":"https:\/\/as-schwabe.de\/pl\/wp-json\/wp\/v2\/media\/30452"}],"wp:attachment":[{"href":"https:\/\/as-schwabe.de\/pl\/wp-json\/wp\/v2\/media?parent=30980"}],"wp:term":[{"taxonomy":"product_brand","embeddable":true,"href":"https:\/\/as-schwabe.de\/pl\/wp-json\/wp\/v2\/genre?post=30980"},{"taxonomy":"product_cat","embeddable":true,"href":"https:\/\/as-schwabe.de\/pl\/wp-json\/wp\/v2\/product_cat?post=30980"},{"taxonomy":"product_tag","embeddable":true,"href":"https:\/\/as-schwabe.de\/pl\/wp-json\/wp\/v2\/product_tag?post=30980"}],"curies":[{"name":"wp","href":"https:\/\/api.w.org\/{rel}","templated":true}]}}