{"id":30979,"date":"2025-09-26T23:04:27","date_gmt":"2025-09-26T23:04:27","guid":{"rendered":"https:\/\/as-schwabe.de\/produkt\/kabel-h07bq-f-5g4-w-krazku-400-v-32-a-pom-50-m-59445\/"},"modified":"2025-10-23T00:15:46","modified_gmt":"2025-10-23T00:15:46","slug":"kabel-h07bq-f-5g4-w-krazku-400-v-32-a-pom-50-m-59445","status":"publish","type":"product","link":"https:\/\/as-schwabe.de\/pl\/produkt\/kabel-h07bq-f-5g4-w-krazku-400-v-32-a-pom-50-m-59445\/","title":{"rendered":"Kabel 50 m H07BQ-F 5G4 w kr\u0105\u017cku 450\/750 V POM | 59445"},"content":{"rendered":"<p>Kabel H07BQ-F 5G4 to wysokiej jako\u015bci kabel elektryczny przeznaczony do zastosowa\u0144 zar\u00f3wno na zewn\u0105trz, jak i na budowie. Oferuj\u0105cy napi\u0119cie robocze do 400 V oraz pr\u0105d nominalny 32 A, ten pi\u0119cio\u017cy\u0142owy kabel zapewnia niezawodne po\u0142\u0105czenia elektryczne w wymagaj\u0105cych warunkach. Jego pomara\u0144czowa izolacja chroni przed wp\u0142ywem warunk\u00f3w atmosferycznych, a elastyczna konstrukcja umo\u017cliwia \u0142atwe manewrowanie w trudnych przestrzeniach. Dodatkowo, d\u0142ugo\u015b\u0107 50 m sprawia, \u017ce jest to idealne rozwi\u0105zanie do zasilania narz\u0119dzi i maszyn na placu budowy. Wybieraj\u0105c kabel H07BQ-F 5G4, zyskujesz nie tylko trwa\u0142o\u015b\u0107 i bezpiecze\u0144stwo, ale tak\u017ce komfort pracy w ka\u017cdych warunkach.<\/p>","protected":false},"excerpt":{"rendered":"<div class=\"icons\" style=\"display: flex; flex-wrap: wrap; gap: 5px; align-items: center; margin-top: 10px;\"><img decoding=\"async\" src=\"https:\/\/as-schwabe.de\/wp-content\/uploads\/ikony\/znak_CE.png\" alt=\"\" width=\"50\" height=\"50\" \/><img decoding=\"async\" src=\"https:\/\/as-schwabe.de\/wp-content\/uploads\/ikony\/znak_PB.png\" alt=\"\" width=\"50\" height=\"50\" \/><img decoding=\"async\" src=\"https:\/\/as-schwabe.de\/wp-content\/uploads\/ikony\/znak_Z.png\" alt=\"\" width=\"50\" height=\"50\" \/><img loading=\"lazy\" decoding=\"async\" src=\"https:\/\/as-schwabe.de\/wp-content\/uploads\/ikony\/znak_D.png\" alt=\"\" width=\"50\" height=\"50\" \/><\/div>\n<ul>\n<li>kabel w kr\u0105\u017cku H07BQ-F <\/li>\n<li>przewody przeznaczone do najwy\u017cszych obci\u0105\u017ce\u0144 mechanicznych, idealne do zastosowa\u0144 przemys\u0142owych, takich jak pod\u0142\u0105czanie maszyn i silnik\u00f3w <\/li>\n<li>produkty wykonane w Europie, spe\u0142niaj\u0105ce rygorystyczne standardy jako\u015bci<\/li>\n<li> przewody posiadaj\u0105 dodatkow\u0105 izolacj\u0119 z gumy, poliuretanu lub PCV, a tak\u017ce pow\u0142ok\u0119 neoprenow\u0105, co zwi\u0119ksza ich odporno\u015b\u0107 na uszkodzenia mechaniczne <\/li>\n<\/ul>","protected":false},"featured_media":30451,"template":"","meta":{"inline_featured_image":false},"genre":[509],"product_cat":[507,508],"product_tag":[],"class_list":{"0":"post-30979","1":"product","2":"type-product","3":"status-publish","4":"has-post-thumbnail","6":"product_brand-as-schwabe-pl","7":"product_cat-przewody-przylaczeniowe-2-pl","8":"product_cat-kable-w-krazkach-sprzedawane-na-metry-pl","10":"first","11":"instock","12":"shipping-taxable","13":"product-type-simple"},"aioseo_notices":[],"_links":{"self":[{"href":"https:\/\/as-schwabe.de\/pl\/wp-json\/wp\/v2\/product\/30979","targetHints":{"allow":["GET"]}}],"collection":[{"href":"https:\/\/as-schwabe.de\/pl\/wp-json\/wp\/v2\/product"}],"about":[{"href":"https:\/\/as-schwabe.de\/pl\/wp-json\/wp\/v2\/types\/product"}],"version-history":[{"count":0,"href":"https:\/\/as-schwabe.de\/pl\/wp-json\/wp\/v2\/product\/30979\/revisions"}],"wp:featuredmedia":[{"embeddable":true,"href":"https:\/\/as-schwabe.de\/pl\/wp-json\/wp\/v2\/media\/30451"}],"wp:attachment":[{"href":"https:\/\/as-schwabe.de\/pl\/wp-json\/wp\/v2\/media?parent=30979"}],"wp:term":[{"taxonomy":"product_brand","embeddable":true,"href":"https:\/\/as-schwabe.de\/pl\/wp-json\/wp\/v2\/genre?post=30979"},{"taxonomy":"product_cat","embeddable":true,"href":"https:\/\/as-schwabe.de\/pl\/wp-json\/wp\/v2\/product_cat?post=30979"},{"taxonomy":"product_tag","embeddable":true,"href":"https:\/\/as-schwabe.de\/pl\/wp-json\/wp\/v2\/product_tag?post=30979"}],"curies":[{"name":"wp","href":"https:\/\/api.w.org\/{rel}","templated":true}]}}