{"id":30978,"date":"2025-09-26T23:04:27","date_gmt":"2025-09-26T23:04:27","guid":{"rendered":"https:\/\/as-schwabe.de\/produkt\/kabel-h07bq-f-5g4-na-metry-400-v-32-a-pom-1-m-59444\/"},"modified":"2025-10-23T00:15:45","modified_gmt":"2025-10-23T00:15:45","slug":"kabel-h07bq-f-5g4-na-metry-400-v-32-a-pom-1-m-59444","status":"publish","type":"product","link":"https:\/\/as-schwabe.de\/pl\/produkt\/kabel-h07bq-f-5g4-na-metry-400-v-32-a-pom-1-m-59444\/","title":{"rendered":"Kabel 1 m H07BQ-F 5G4 na metry 450\/750 V POM | 59444"},"content":{"rendered":"<p>Kabel H07BQ-F 5G4 o napi\u0119ciu znamionowym 400 V i maksymalnym pr\u0105dzie 32 A to doskona\u0142y wyb\u00f3r do zastosowa\u0144 zewn\u0119trznych oraz na budowie. Jego elastyczna budowa oraz odporno\u015b\u0107 na dzia\u0142anie niekorzystnych warunk\u00f3w atmosferycznych sprawiaj\u0105, \u017ce idealnie sprawdzi si\u0119 w trudnych warunkach pracy. Pomara\u0144czowy kolor kabla u\u0142atwia jego identyfikacj\u0119, co zwi\u0119ksza bezpiecze\u0144stwo na placu budowy. Dzi\u0119ki zastosowaniu wysokiej jako\u015bci materia\u0142\u00f3w, kabel charakteryzuje si\u0119 d\u0142ug\u0105 \u017cywotno\u015bci\u0105 oraz odporno\u015bci\u0105 na uszkodzenia mechaniczne. D\u0142ugo\u015b\u0107 jednego metra pozwala na dostosowanie go do indywidualnych potrzeb u\u017cytkownika.<\/p>","protected":false},"excerpt":{"rendered":"<div class=\"icons\" style=\"display: flex; flex-wrap: wrap; gap: 5px; align-items: center; margin-top: 10px;\"><img decoding=\"async\" src=\"https:\/\/as-schwabe.de\/wp-content\/uploads\/ikony\/znak_CE.png\" alt=\"\" width=\"50\" height=\"50\" \/><img decoding=\"async\" src=\"https:\/\/as-schwabe.de\/wp-content\/uploads\/ikony\/znak_PB.png\" alt=\"\" width=\"50\" height=\"50\" \/><img decoding=\"async\" src=\"https:\/\/as-schwabe.de\/wp-content\/uploads\/ikony\/znak_Z.png\" alt=\"\" width=\"50\" height=\"50\" \/><img loading=\"lazy\" decoding=\"async\" src=\"https:\/\/as-schwabe.de\/wp-content\/uploads\/ikony\/znak_D.png\" alt=\"\" width=\"50\" height=\"50\" \/><\/div>\n<ul>\n<li>kabel na metry H07BQ-F <\/li>\n<li>przewody przeznaczone do najwy\u017cszych obci\u0105\u017ce\u0144 mechanicznych, idealne do zastosowa\u0144 przemys\u0142owych, takich jak pod\u0142\u0105czanie maszyn i silnik\u00f3w <\/li>\n<li>produkty wykonane w Europie, spe\u0142niaj\u0105ce rygorystyczne standardy jako\u015bci<\/li>\n<li> przewody posiadaj\u0105 dodatkow\u0105 izolacj\u0119 z gumy, poliuretanu lub PCV, a tak\u017ce pow\u0142ok\u0119 neoprenow\u0105, co zwi\u0119ksza ich odporno\u015b\u0107 na uszkodzenia mechaniczne <\/li>\n<\/ul>","protected":false},"featured_media":30448,"template":"","meta":{"inline_featured_image":false},"genre":[509],"product_cat":[507,508],"product_tag":[],"class_list":{"0":"post-30978","1":"product","2":"type-product","3":"status-publish","4":"has-post-thumbnail","6":"product_brand-as-schwabe-pl","7":"product_cat-przewody-przylaczeniowe-2-pl","8":"product_cat-kable-w-krazkach-sprzedawane-na-metry-pl","10":"first","11":"instock","12":"shipping-taxable","13":"product-type-simple"},"aioseo_notices":[],"_links":{"self":[{"href":"https:\/\/as-schwabe.de\/pl\/wp-json\/wp\/v2\/product\/30978","targetHints":{"allow":["GET"]}}],"collection":[{"href":"https:\/\/as-schwabe.de\/pl\/wp-json\/wp\/v2\/product"}],"about":[{"href":"https:\/\/as-schwabe.de\/pl\/wp-json\/wp\/v2\/types\/product"}],"version-history":[{"count":0,"href":"https:\/\/as-schwabe.de\/pl\/wp-json\/wp\/v2\/product\/30978\/revisions"}],"wp:featuredmedia":[{"embeddable":true,"href":"https:\/\/as-schwabe.de\/pl\/wp-json\/wp\/v2\/media\/30448"}],"wp:attachment":[{"href":"https:\/\/as-schwabe.de\/pl\/wp-json\/wp\/v2\/media?parent=30978"}],"wp:term":[{"taxonomy":"product_brand","embeddable":true,"href":"https:\/\/as-schwabe.de\/pl\/wp-json\/wp\/v2\/genre?post=30978"},{"taxonomy":"product_cat","embeddable":true,"href":"https:\/\/as-schwabe.de\/pl\/wp-json\/wp\/v2\/product_cat?post=30978"},{"taxonomy":"product_tag","embeddable":true,"href":"https:\/\/as-schwabe.de\/pl\/wp-json\/wp\/v2\/product_tag?post=30978"}],"curies":[{"name":"wp","href":"https:\/\/api.w.org\/{rel}","templated":true}]}}