{"id":30972,"date":"2025-09-26T23:04:23","date_gmt":"2025-09-26T23:04:23","guid":{"rendered":"https:\/\/as-schwabe.de\/produkt\/przedluzacz-1-gniazdowy-h07bq-f-3g25-pom-50-m-59250\/"},"modified":"2025-10-23T00:15:42","modified_gmt":"2025-10-23T00:15:42","slug":"przedluzacz-1-gniazdowy-h07bq-f-3g25-pom-50-m-59250","status":"publish","type":"product","link":"https:\/\/as-schwabe.de\/pl\/produkt\/przedluzacz-1-gniazdowy-h07bq-f-3g25-pom-50-m-59250\/","title":{"rendered":"Przed\u0142u\u017cacz 1-gniazdowy 50 m H07BQ-F 3G2,5 POM IP44 | 59250"},"content":{"rendered":"<p>Przed\u0142u\u017cacz 1-gniazdowy H07BQ-F 3G2,5 w pomara\u0144czowym kolorze o d\u0142ugo\u015bci 50 m to idealne rozwi\u0105zanie dla profesjonalist\u00f3w oraz amator\u00f3w, kt\u00f3rzy potrzebuj\u0105 niezawodnego zasilania w trudnych warunkach. Wyposa\u017cony w wtyczk\u0119 IP44 oraz gniazdo IP44, mo\u017ce by\u0107 stosowany zar\u00f3wno na zewn\u0105trz, jak i na budowie, zapewniaj\u0105c maksymalne napi\u0119cie 230 V, pr\u0105d 16 A oraz moc 3500 W. Dzi\u0119ki solidnej konstrukcji i wysokim standardom ochrony, ten przed\u0142u\u017cacz zaspokaja potrzeby os\u00f3b korzystaj\u0105cych z elektronarz\u0119dzi i innych urz\u0105dze\u0144 wymagaj\u0105cych stabilnego \u017ar\u00f3d\u0142a energii. Niezale\u017cnie od warunk\u00f3w atmosferycznych, jego funkcjonalno\u015b\u0107 i bezpiecze\u0144stwo sprawiaj\u0105, \u017ce jest to niezast\u0105piony produkt w ka\u017cdym miejscu pracy.<\/p>","protected":false},"excerpt":{"rendered":"<div class=\"icons\" style=\"display: flex; flex-wrap: wrap; gap: 5px; align-items: center; margin-top: 10px;\"><img decoding=\"async\" src=\"https:\/\/as-schwabe.de\/wp-content\/uploads\/ikony\/znak_CE.png\" alt=\"\" width=\"50\" height=\"50\" \/><img decoding=\"async\" src=\"https:\/\/as-schwabe.de\/wp-content\/uploads\/ikony\/znak_IP44.png\" alt=\"\" width=\"50\" height=\"50\" \/><img decoding=\"async\" src=\"https:\/\/as-schwabe.de\/wp-content\/uploads\/ikony\/znak_PB.png\" alt=\"\" width=\"50\" height=\"50\" \/><img loading=\"lazy\" decoding=\"async\" src=\"https:\/\/as-schwabe.de\/wp-content\/uploads\/ikony\/znak_Z.png\" alt=\"\" width=\"50\" height=\"50\" \/><img loading=\"lazy\" decoding=\"async\" src=\"https:\/\/as-schwabe.de\/wp-content\/uploads\/ikony\/znak_D.png\" alt=\"\" width=\"50\" height=\"50\" \/><img loading=\"lazy\" decoding=\"async\" src=\"https:\/\/as-schwabe.de\/wp-content\/uploads\/ikony\/znak_DG.png\" alt=\"\" width=\"50\" height=\"50\" \/><img loading=\"lazy\" decoding=\"async\" src=\"https:\/\/as-schwabe.de\/wp-content\/uploads\/ikony\/znak_DE.png\" alt=\"\" width=\"50\" height=\"40\" \/><\/div>\n<ul>\n<li>dopuszczone do stosowania na budowach i w rolnictwie <\/li>\n<li>IP44: chroniony przed cia\u0142ami obcymi i bryzgami wody <\/li>\n<li>z kablem BQ-F z wtyczk\u0105 z uziemieniem i gniazdem z klapk\u0105 ochronn\u0105 IP44 <\/li>\n<li>230 V, 16 A<\/li>\n<\/ul>","protected":false},"featured_media":30441,"template":"","meta":{"inline_featured_image":false},"genre":[509],"product_cat":[544,545],"product_tag":[],"class_list":{"0":"post-30972","1":"product","2":"type-product","3":"status-publish","4":"has-post-thumbnail","6":"product_brand-as-schwabe-pl","7":"product_cat-przedluzacze-2-pl","8":"product_cat-do-stosowania-na-budowach-pl","10":"first","11":"instock","12":"shipping-taxable","13":"product-type-simple"},"aioseo_notices":[],"_links":{"self":[{"href":"https:\/\/as-schwabe.de\/pl\/wp-json\/wp\/v2\/product\/30972","targetHints":{"allow":["GET"]}}],"collection":[{"href":"https:\/\/as-schwabe.de\/pl\/wp-json\/wp\/v2\/product"}],"about":[{"href":"https:\/\/as-schwabe.de\/pl\/wp-json\/wp\/v2\/types\/product"}],"version-history":[{"count":0,"href":"https:\/\/as-schwabe.de\/pl\/wp-json\/wp\/v2\/product\/30972\/revisions"}],"wp:featuredmedia":[{"embeddable":true,"href":"https:\/\/as-schwabe.de\/pl\/wp-json\/wp\/v2\/media\/30441"}],"wp:attachment":[{"href":"https:\/\/as-schwabe.de\/pl\/wp-json\/wp\/v2\/media?parent=30972"}],"wp:term":[{"taxonomy":"product_brand","embeddable":true,"href":"https:\/\/as-schwabe.de\/pl\/wp-json\/wp\/v2\/genre?post=30972"},{"taxonomy":"product_cat","embeddable":true,"href":"https:\/\/as-schwabe.de\/pl\/wp-json\/wp\/v2\/product_cat?post=30972"},{"taxonomy":"product_tag","embeddable":true,"href":"https:\/\/as-schwabe.de\/pl\/wp-json\/wp\/v2\/product_tag?post=30972"}],"curies":[{"name":"wp","href":"https:\/\/api.w.org\/{rel}","templated":true}]}}