{"id":30963,"date":"2025-09-26T23:04:18","date_gmt":"2025-09-26T23:04:18","guid":{"rendered":"https:\/\/as-schwabe.de\/produkt\/przedluzacz-1-gniazdowy-z-wtyczka-ultra-h05vv-f-3g15-10-m-51022\/"},"modified":"2025-10-23T00:15:36","modified_gmt":"2025-10-23T00:15:36","slug":"przedluzacz-1-gniazdowy-z-wtyczka-ultra-h05vv-f-3g15-10-m-51022","status":"publish","type":"product","link":"https:\/\/as-schwabe.de\/pl\/produkt\/przedluzacz-1-gniazdowy-z-wtyczka-ultra-h05vv-f-3g15-10-m-51022\/","title":{"rendered":"Przed\u0142u\u017cacz 1-gniazdowy z Ultra p\u0142ask\u0105 wtyczk\u0105 k\u0105tow\u0105 10 m H05VV-F 3G1,5 CZA IP20 | 51022"},"content":{"rendered":"<p>Przed\u0142u\u017cacz 1-gniazdowy z ultra p\u0142ask\u0105 wtyczk\u0105 k\u0105tow\u0105 to idealne rozwi\u0105zanie dla os\u00f3b ceni\u0105cych sobie wygod\u0119 i funkcjonalno\u015b\u0107. Jego d\u0142ugo\u015b\u0107 wynosz\u0105ca 10 metr\u00f3w pozwala na swobodne pod\u0142\u0105czenie urz\u0105dze\u0144 w r\u00f3\u017cnych miejscach, a wtyczka k\u0105towa H05VV-F 3G1,5 czarna minimalizuje ryzyko uszkodzenia gniazdka, umo\u017cliwiaj\u0105c \u0142atwe dotarcie do trudno dost\u0119pnych miejsc. Wyposa\u017cony w jedno gniazdo IP20 o maksymalnej mocy 3500 W, zapewnia bezpieczne u\u017cytkowanie w pomieszczeniach, obs\u0142uguj\u0105c napi\u0119cie do 230 V i pr\u0105d 16 A. Dzi\u0119ki swoim parametrom, produkt doskonale sprawdzi si\u0119 zar\u00f3wno w domowych, jak i biurowych warunkach, oferuj\u0105c niezawodno\u015b\u0107 i komfort w codziennym u\u017cytkowaniu.<\/p>","protected":false},"excerpt":{"rendered":"<div class=\"icons\" style=\"display: flex; flex-wrap: wrap; gap: 5px; align-items: center; margin-top: 10px;\"><img decoding=\"async\" src=\"https:\/\/as-schwabe.de\/wp-content\/uploads\/ikony\/znak_CE.png\" alt=\"\" width=\"50\" height=\"50\" \/><img decoding=\"async\" src=\"https:\/\/as-schwabe.de\/wp-content\/uploads\/ikony\/znak_IP20.png\" alt=\"\" width=\"50\" height=\"50\" \/><img decoding=\"async\" src=\"https:\/\/as-schwabe.de\/wp-content\/uploads\/ikony\/znak_D.png\" alt=\"\" width=\"50\" height=\"50\" \/><\/div>\n<ul>\n<li>IP20: do u\u017cytku wewn\u0105trz pomieszcze\u0144 <\/li>\n<li>nadaj\u0105 si\u0119 do u\u017cytku w pomieszczeniach zamkni\u0119tych <\/li>\n<li>z p\u0142ask\u0105 wtyczk\u0105 z uziemieniem <\/li>\n<li>z gniazdem z uziemieniem <\/li>\n<li>z rozk\u0142adanym uchwytem, u\u0142atwiaj\u0105cym wyjmowanie wtyczki z gniazda <\/li>\n<li>wyj\u0105tkowo p\u0142aska wtyczka, wystaje z gniazda jedynie na 7 mm <\/li>\n<li>230 V, 16 A, maks. 3500 W<\/li>\n<\/ul>","protected":false},"featured_media":30432,"template":"","meta":{"inline_featured_image":false},"genre":[509],"product_cat":[544,567],"product_tag":[],"class_list":{"0":"post-30963","1":"product","2":"type-product","3":"status-publish","4":"has-post-thumbnail","6":"product_brand-as-schwabe-pl","7":"product_cat-przedluzacze-2-pl","8":"product_cat-do-uzytku-wewnatrz-pomieszczen-2-pl","10":"first","11":"instock","12":"shipping-taxable","13":"product-type-simple"},"aioseo_notices":[],"_links":{"self":[{"href":"https:\/\/as-schwabe.de\/pl\/wp-json\/wp\/v2\/product\/30963","targetHints":{"allow":["GET"]}}],"collection":[{"href":"https:\/\/as-schwabe.de\/pl\/wp-json\/wp\/v2\/product"}],"about":[{"href":"https:\/\/as-schwabe.de\/pl\/wp-json\/wp\/v2\/types\/product"}],"version-history":[{"count":0,"href":"https:\/\/as-schwabe.de\/pl\/wp-json\/wp\/v2\/product\/30963\/revisions"}],"wp:featuredmedia":[{"embeddable":true,"href":"https:\/\/as-schwabe.de\/pl\/wp-json\/wp\/v2\/media\/30432"}],"wp:attachment":[{"href":"https:\/\/as-schwabe.de\/pl\/wp-json\/wp\/v2\/media?parent=30963"}],"wp:term":[{"taxonomy":"product_brand","embeddable":true,"href":"https:\/\/as-schwabe.de\/pl\/wp-json\/wp\/v2\/genre?post=30963"},{"taxonomy":"product_cat","embeddable":true,"href":"https:\/\/as-schwabe.de\/pl\/wp-json\/wp\/v2\/product_cat?post=30963"},{"taxonomy":"product_tag","embeddable":true,"href":"https:\/\/as-schwabe.de\/pl\/wp-json\/wp\/v2\/product_tag?post=30963"}],"curies":[{"name":"wp","href":"https:\/\/api.w.org\/{rel}","templated":true}]}}