{"id":30958,"date":"2025-09-26T23:04:15","date_gmt":"2025-09-26T23:04:15","guid":{"rendered":"https:\/\/as-schwabe.de\/produkt\/przedluzacz-1-gniazdowy-z-wtyczka-ultra-h05vv-f-3g15-5-m-50522\/"},"modified":"2025-10-23T00:15:35","modified_gmt":"2025-10-23T00:15:35","slug":"przedluzacz-1-gniazdowy-z-wtyczka-ultra-h05vv-f-3g15-5-m-50522","status":"publish","type":"product","link":"https:\/\/as-schwabe.de\/pl\/produkt\/przedluzacz-1-gniazdowy-z-wtyczka-ultra-h05vv-f-3g15-5-m-50522\/","title":{"rendered":"Przed\u0142u\u017cacz 1-gniazdowy z Ultra p\u0142ask\u0105 wtyczk\u0105 k\u0105tow\u0105 5 m H05VV-F 3G1,5 CZA IP20 | 50522"},"content":{"rendered":"<p>Przed\u0142u\u017cacz 1-gniazdowy z Ultra p\u0142ask\u0105 wtyczk\u0105 k\u0105tow\u0105 H05VV-F 3G1,5 w kolorze czarnym o d\u0142ugo\u015bci 5 metr\u00f3w to idealne rozwi\u0105zanie dla u\u017cytkownik\u00f3w poszukuj\u0105cych funkcjonalno\u015bci oraz estetyki. Wyposa\u017cony w ultra p\u0142ask\u0105 wtyczk\u0119 k\u0105tow\u0105, umo\u017cliwia wygodne pod\u0142\u0105czenie urz\u0105dze\u0144 w miejscach o ograniczonej przestrzeni, eliminuj\u0105c problem wystaj\u0105cych wtyczek. Gniazdo o klasyfikacji IP20, z maksymalnym obci\u0105\u017ceniem 230 V, 16 A oraz 3500 W, gwarantuje bezpieczne i stabilne dzia\u0142anie w warunkach wewn\u0119trznych. Przed\u0142u\u017cacz jest szczeg\u00f3lnie polecany do u\u017cytku biurowego oraz domowego, gdzie niezawodno\u015b\u0107 i komfort s\u0105 kluczowe dla codziennej pracy. Dzi\u0119ki solidnej konstrukcji oraz starannie dobranym materia\u0142om, produkt zapewnia d\u0142ugotrwa\u0142e u\u017cytkowanie i wysok\u0105 jako\u015b\u0107.<\/p>","protected":false},"excerpt":{"rendered":"<div class=\"icons\" style=\"display: flex; flex-wrap: wrap; gap: 5px; align-items: center; margin-top: 10px;\"><img decoding=\"async\" src=\"https:\/\/as-schwabe.de\/wp-content\/uploads\/ikony\/znak_CE.png\" alt=\"\" width=\"50\" height=\"50\" \/><img decoding=\"async\" src=\"https:\/\/as-schwabe.de\/wp-content\/uploads\/ikony\/znak_IP20.png\" alt=\"\" width=\"50\" height=\"50\" \/><img decoding=\"async\" src=\"https:\/\/as-schwabe.de\/wp-content\/uploads\/ikony\/znak_D.png\" alt=\"\" width=\"50\" height=\"50\" \/><\/div>\n<ul>\n<li>IP20: do u\u017cytku wewn\u0105trz pomieszcze\u0144 <\/li>\n<li>nadaj\u0105 si\u0119 do u\u017cytku w pomieszczeniach zamkni\u0119tych <\/li>\n<li>z p\u0142ask\u0105 wtyczk\u0105 z uziemieniem <\/li>\n<li>z gniazdem z uziemieniem <\/li>\n<li>z rozk\u0142adanym uchwytem, u\u0142atwiaj\u0105cym wyjmowanie wtyczki z gniazda <\/li>\n<li>wyj\u0105tkowo p\u0142aska wtyczka, wystaje z gniazda jedynie na 7 mm <\/li>\n<li>230 V, 16 A, maks. 3500 W<\/li>\n<\/ul>","protected":false},"featured_media":30426,"template":"","meta":{"inline_featured_image":false},"genre":[509],"product_cat":[544,567],"product_tag":[],"class_list":{"0":"post-30958","1":"product","2":"type-product","3":"status-publish","4":"has-post-thumbnail","6":"product_brand-as-schwabe-pl","7":"product_cat-przedluzacze-2-pl","8":"product_cat-do-uzytku-wewnatrz-pomieszczen-2-pl","10":"first","11":"instock","12":"shipping-taxable","13":"product-type-simple"},"aioseo_notices":[],"_links":{"self":[{"href":"https:\/\/as-schwabe.de\/pl\/wp-json\/wp\/v2\/product\/30958","targetHints":{"allow":["GET"]}}],"collection":[{"href":"https:\/\/as-schwabe.de\/pl\/wp-json\/wp\/v2\/product"}],"about":[{"href":"https:\/\/as-schwabe.de\/pl\/wp-json\/wp\/v2\/types\/product"}],"version-history":[{"count":0,"href":"https:\/\/as-schwabe.de\/pl\/wp-json\/wp\/v2\/product\/30958\/revisions"}],"wp:featuredmedia":[{"embeddable":true,"href":"https:\/\/as-schwabe.de\/pl\/wp-json\/wp\/v2\/media\/30426"}],"wp:attachment":[{"href":"https:\/\/as-schwabe.de\/pl\/wp-json\/wp\/v2\/media?parent=30958"}],"wp:term":[{"taxonomy":"product_brand","embeddable":true,"href":"https:\/\/as-schwabe.de\/pl\/wp-json\/wp\/v2\/genre?post=30958"},{"taxonomy":"product_cat","embeddable":true,"href":"https:\/\/as-schwabe.de\/pl\/wp-json\/wp\/v2\/product_cat?post=30958"},{"taxonomy":"product_tag","embeddable":true,"href":"https:\/\/as-schwabe.de\/pl\/wp-json\/wp\/v2\/product_tag?post=30958"}],"curies":[{"name":"wp","href":"https:\/\/api.w.org\/{rel}","templated":true}]}}