{"id":30955,"date":"2025-09-26T23:04:13","date_gmt":"2025-09-26T23:04:13","guid":{"rendered":"https:\/\/as-schwabe.de\/produkt\/przedluzacz-1-gniazdowy-z-wtyczka-kat-h05vv-f-bia-3g15-5-m-50511\/"},"modified":"2025-10-23T00:15:33","modified_gmt":"2025-10-23T00:15:33","slug":"przedluzacz-1-gniazdowy-z-wtyczka-kat-h05vv-f-bia-3g15-5-m-50511","status":"publish","type":"product","link":"https:\/\/as-schwabe.de\/pl\/produkt\/przedluzacz-1-gniazdowy-z-wtyczka-kat-h05vv-f-bia-3g15-5-m-50511\/","title":{"rendered":"Przed\u0142u\u017cacz 1-gniazdowy z wtykiem k\u0105towym 5 m H05VV-F 3G1,5 BIA IP20 | 50511"},"content":{"rendered":"<p>Przed\u0142u\u017cacz 1-gniazdowy z wtykiem k\u0105towym H05VV-F 3G1,5 w kolorze bia\u0142ym o d\u0142ugo\u015bci 5 metr\u00f3w to niezawodne rozwi\u0105zanie do zasilania urz\u0105dze\u0144 elektrycznych w pomieszczeniach zamkni\u0119tych. Wyposa\u017cony w wtyczk\u0119 k\u0105tow\u0105 IP20, posiada maksymalne parametry 230 V i 16 A, co zapewnia bezpieczne i stabilne po\u0142\u0105czenie o mocy do 3500 W. Jedno gniazdo IP20 umo\u017cliwia wygodne pod\u0142\u0105czenie sprz\u0119tu, a k\u0105towy kszta\u0142t wtyczki u\u0142atwia dost\u0119p w ciasnych przestrzeniach. Dzi\u0119ki solidnej konstrukcji i wysokiej jako\u015bci materia\u0142om, przed\u0142u\u017cacz gwarantuje trwa\u0142o\u015b\u0107 i efektywno\u015b\u0107 w codziennym u\u017cytkowaniu. Idealny do biur, mieszka\u0144 oraz wsz\u0119dzie tam, gdzie potrzebne jest dodatkowe \u017ar\u00f3d\u0142o zasilania.<\/p>","protected":false},"excerpt":{"rendered":"<div class=\"icons\" style=\"display: flex; flex-wrap: wrap; gap: 5px; align-items: center; margin-top: 10px;\"><img decoding=\"async\" src=\"https:\/\/as-schwabe.de\/wp-content\/uploads\/ikony\/znak_CE.png\" alt=\"\" width=\"50\" height=\"50\" \/><img decoding=\"async\" src=\"https:\/\/as-schwabe.de\/wp-content\/uploads\/ikony\/znak_IP20.png\" alt=\"\" width=\"50\" height=\"50\" \/><img decoding=\"async\" src=\"https:\/\/as-schwabe.de\/wp-content\/uploads\/ikony\/znak_D.png\" alt=\"\" width=\"50\" height=\"50\" \/><\/div>\n<ul>\n<li>IP20: do u\u017cytku wewn\u0105trz pomieszcze\u0144 <\/li>\n<li>nadaj\u0105 si\u0119 do u\u017cytku w pomieszczeniach zamkni\u0119tych <\/li>\n<li>z wtyczk\u0105 k\u0105tow\u0105 i gniazdem z uziemieniem <\/li>\n<li>230 V, 16 A<\/li>\n<\/ul>","protected":false},"featured_media":30421,"template":"","meta":{"inline_featured_image":false},"genre":[509],"product_cat":[544,567],"product_tag":[],"class_list":{"0":"post-30955","1":"product","2":"type-product","3":"status-publish","4":"has-post-thumbnail","6":"product_brand-as-schwabe-pl","7":"product_cat-przedluzacze-2-pl","8":"product_cat-do-uzytku-wewnatrz-pomieszczen-2-pl","10":"first","11":"instock","12":"shipping-taxable","13":"product-type-simple"},"aioseo_notices":[],"_links":{"self":[{"href":"https:\/\/as-schwabe.de\/pl\/wp-json\/wp\/v2\/product\/30955","targetHints":{"allow":["GET"]}}],"collection":[{"href":"https:\/\/as-schwabe.de\/pl\/wp-json\/wp\/v2\/product"}],"about":[{"href":"https:\/\/as-schwabe.de\/pl\/wp-json\/wp\/v2\/types\/product"}],"version-history":[{"count":0,"href":"https:\/\/as-schwabe.de\/pl\/wp-json\/wp\/v2\/product\/30955\/revisions"}],"wp:featuredmedia":[{"embeddable":true,"href":"https:\/\/as-schwabe.de\/pl\/wp-json\/wp\/v2\/media\/30421"}],"wp:attachment":[{"href":"https:\/\/as-schwabe.de\/pl\/wp-json\/wp\/v2\/media?parent=30955"}],"wp:term":[{"taxonomy":"product_brand","embeddable":true,"href":"https:\/\/as-schwabe.de\/pl\/wp-json\/wp\/v2\/genre?post=30955"},{"taxonomy":"product_cat","embeddable":true,"href":"https:\/\/as-schwabe.de\/pl\/wp-json\/wp\/v2\/product_cat?post=30955"},{"taxonomy":"product_tag","embeddable":true,"href":"https:\/\/as-schwabe.de\/pl\/wp-json\/wp\/v2\/product_tag?post=30955"}],"curies":[{"name":"wp","href":"https:\/\/api.w.org\/{rel}","templated":true}]}}