{"id":30954,"date":"2025-09-26T23:04:13","date_gmt":"2025-09-26T23:04:13","guid":{"rendered":"https:\/\/as-schwabe.de\/produkt\/przedluzacz-1-gniazdowy-z-wtyczka-kat-h05vv-f-cza-3g15-3-m-50312\/"},"modified":"2025-10-23T00:15:33","modified_gmt":"2025-10-23T00:15:33","slug":"przedluzacz-1-gniazdowy-z-wtyczka-kat-h05vv-f-cza-3g15-3-m-50312","status":"publish","type":"product","link":"https:\/\/as-schwabe.de\/pl\/produkt\/przedluzacz-1-gniazdowy-z-wtyczka-kat-h05vv-f-cza-3g15-3-m-50312\/","title":{"rendered":"Przed\u0142u\u017cacz 1-gniazdowy z wtykiem k\u0105towym 3 m H05VV-F 3G1,5 CZA IP20 | 50312"},"content":{"rendered":"<p>Przed\u0142u\u017cacz 1-gniazdowy z wtykiem k\u0105towym H05VV-F 3G1,5 w kolorze czarnym o d\u0142ugo\u015bci 3 metr\u00f3w to doskona\u0142e rozwi\u0105zanie do zasilania urz\u0105dze\u0144 elektrycznych w domowych warunkach. Wyposa\u017cony w wtyczk\u0119 k\u0105tow\u0105 o stopniu ochrony IP20, umo\u017cliwia bezpieczne pod\u0142\u0105czenie do gniazdka o napi\u0119ciu 230 V i nat\u0119\u017ceniu do 16 A. G\u0142\u00f3wne wyj\u015bcie z przed\u0142u\u017cacza to 1 gniazdo IP20, co sprawia, \u017ce idealnie sprawdzi si\u0119 w pomieszczeniach, gdzie jest ryzyko ograniczonego dost\u0119pu do gniazd. Przy maksymalnej mocy 3500 W, produkt ten zapewnia stabilne i wydajne zasilanie, co czyni go niezast\u0105pionym akcesorium w ka\u017cdym gospodarstwie domowym lub biurze. Dzi\u0119ki kompaktowej konstrukcji i k\u0105towej wtyczce, wspomaga oszcz\u0119dno\u015b\u0107 miejsca oraz minimalizuje ryzyko uszkodze\u0144.<\/p>","protected":false},"excerpt":{"rendered":"<div class=\"icons\" style=\"display: flex; flex-wrap: wrap; gap: 5px; align-items: center; margin-top: 10px;\"><img decoding=\"async\" src=\"https:\/\/as-schwabe.de\/wp-content\/uploads\/ikony\/znak_CE.png\" alt=\"\" width=\"50\" height=\"50\" \/><img decoding=\"async\" src=\"https:\/\/as-schwabe.de\/wp-content\/uploads\/ikony\/znak_IP20.png\" alt=\"\" width=\"50\" height=\"50\" \/><img decoding=\"async\" src=\"https:\/\/as-schwabe.de\/wp-content\/uploads\/ikony\/znak_D.png\" alt=\"\" width=\"50\" height=\"50\" \/><\/div>\n<ul>\n<li>IP20: do u\u017cytku wewn\u0105trz pomieszcze\u0144 <\/li>\n<li>nadaj\u0105 si\u0119 do u\u017cytku w pomieszczeniach zamkni\u0119tych <\/li>\n<li>z wtyczk\u0105 k\u0105tow\u0105 i gniazdem z uziemieniem <\/li>\n<li>230 V, 16 A<\/li>\n<\/ul>","protected":false},"featured_media":30418,"template":"","meta":{"inline_featured_image":false},"genre":[509],"product_cat":[544,567],"product_tag":[],"class_list":{"0":"post-30954","1":"product","2":"type-product","3":"status-publish","4":"has-post-thumbnail","6":"product_brand-as-schwabe-pl","7":"product_cat-przedluzacze-2-pl","8":"product_cat-do-uzytku-wewnatrz-pomieszczen-2-pl","10":"first","11":"instock","12":"shipping-taxable","13":"product-type-simple"},"aioseo_notices":[],"_links":{"self":[{"href":"https:\/\/as-schwabe.de\/pl\/wp-json\/wp\/v2\/product\/30954","targetHints":{"allow":["GET"]}}],"collection":[{"href":"https:\/\/as-schwabe.de\/pl\/wp-json\/wp\/v2\/product"}],"about":[{"href":"https:\/\/as-schwabe.de\/pl\/wp-json\/wp\/v2\/types\/product"}],"version-history":[{"count":0,"href":"https:\/\/as-schwabe.de\/pl\/wp-json\/wp\/v2\/product\/30954\/revisions"}],"wp:featuredmedia":[{"embeddable":true,"href":"https:\/\/as-schwabe.de\/pl\/wp-json\/wp\/v2\/media\/30418"}],"wp:attachment":[{"href":"https:\/\/as-schwabe.de\/pl\/wp-json\/wp\/v2\/media?parent=30954"}],"wp:term":[{"taxonomy":"product_brand","embeddable":true,"href":"https:\/\/as-schwabe.de\/pl\/wp-json\/wp\/v2\/genre?post=30954"},{"taxonomy":"product_cat","embeddable":true,"href":"https:\/\/as-schwabe.de\/pl\/wp-json\/wp\/v2\/product_cat?post=30954"},{"taxonomy":"product_tag","embeddable":true,"href":"https:\/\/as-schwabe.de\/pl\/wp-json\/wp\/v2\/product_tag?post=30954"}],"curies":[{"name":"wp","href":"https:\/\/api.w.org\/{rel}","templated":true}]}}