{"id":30953,"date":"2025-09-26T23:04:12","date_gmt":"2025-09-26T23:04:12","guid":{"rendered":"https:\/\/as-schwabe.de\/produkt\/przedluzacz-1-gniazdowy-z-wtyczka-kat-h05vv-f-bia-3g15-3-m-50311\/"},"modified":"2025-10-23T00:15:33","modified_gmt":"2025-10-23T00:15:33","slug":"przedluzacz-1-gniazdowy-z-wtyczka-kat-h05vv-f-bia-3g15-3-m-50311","status":"publish","type":"product","link":"https:\/\/as-schwabe.de\/pl\/produkt\/przedluzacz-1-gniazdowy-z-wtyczka-kat-h05vv-f-bia-3g15-3-m-50311\/","title":{"rendered":"Przed\u0142u\u017cacz 1-gniazdowy z wtykiem k\u0105towym 3 m H05VV-F 3G1,5 BIA IP20 | 50311"},"content":{"rendered":"<p>Przed\u0142u\u017cacz 1-gniazdowy z wtykiem k\u0105towym H05VV-F 3G1,5 o d\u0142ugo\u015bci 3 m to idealne rozwi\u0105zanie dla os\u00f3b poszukuj\u0105cych praktycznego i niezawodnego \u017ar\u00f3d\u0142a zasilania w pomieszczeniach. Wyposa\u017cony w wtyczk\u0119 k\u0105tow\u0105 IP20, obs\u0142uguje napi\u0119cie do 230 V i pr\u0105d 16 A, co zapewnia moc max. 3500 W. Dzi\u0119ki jednemu gniazdowi IP20, umo\u017cliwia komfortowe pod\u0142\u0105czenie r\u00f3\u017cnych urz\u0105dze\u0144 elektrycznych. Jego kompaktowa konstrukcja u\u0142atwia umiejscowienie w ciasnych przestrzeniach, jednocze\u015bnie chroni\u0105c przed niepotrzebnym uszkodzeniem wtyczki. Produkt zosta\u0142 zaprojektowany z my\u015bl\u0105 o u\u017cytkowaniu wewn\u0105trz pomieszcze\u0144, co czyni go wszechstronnym dodatkiem do ka\u017cdego biura czy domu.<\/p>","protected":false},"excerpt":{"rendered":"<div class=\"icons\" style=\"display: flex; flex-wrap: wrap; gap: 5px; align-items: center; margin-top: 10px;\"><img decoding=\"async\" src=\"https:\/\/as-schwabe.de\/wp-content\/uploads\/ikony\/znak_CE.png\" alt=\"\" width=\"50\" height=\"50\" \/><img decoding=\"async\" src=\"https:\/\/as-schwabe.de\/wp-content\/uploads\/ikony\/znak_IP20.png\" alt=\"\" width=\"50\" height=\"50\" \/><img decoding=\"async\" src=\"https:\/\/as-schwabe.de\/wp-content\/uploads\/ikony\/znak_D.png\" alt=\"\" width=\"50\" height=\"50\" \/><\/div>\n<ul>\n<li>IP20: do u\u017cytku wewn\u0105trz pomieszcze\u0144 <\/li>\n<li>nadaj\u0105 si\u0119 do u\u017cytku w pomieszczeniach zamkni\u0119tych <\/li>\n<li>z wtyczk\u0105 k\u0105tow\u0105 i gniazdem z uziemieniem <\/li>\n<li>230 V, 16 A<\/li>\n<\/ul>","protected":false},"featured_media":30417,"template":"","meta":{"inline_featured_image":false},"genre":[509],"product_cat":[544,567],"product_tag":[],"class_list":{"0":"post-30953","1":"product","2":"type-product","3":"status-publish","4":"has-post-thumbnail","6":"product_brand-as-schwabe-pl","7":"product_cat-przedluzacze-2-pl","8":"product_cat-do-uzytku-wewnatrz-pomieszczen-2-pl","10":"first","11":"instock","12":"shipping-taxable","13":"product-type-simple"},"aioseo_notices":[],"_links":{"self":[{"href":"https:\/\/as-schwabe.de\/pl\/wp-json\/wp\/v2\/product\/30953","targetHints":{"allow":["GET"]}}],"collection":[{"href":"https:\/\/as-schwabe.de\/pl\/wp-json\/wp\/v2\/product"}],"about":[{"href":"https:\/\/as-schwabe.de\/pl\/wp-json\/wp\/v2\/types\/product"}],"version-history":[{"count":0,"href":"https:\/\/as-schwabe.de\/pl\/wp-json\/wp\/v2\/product\/30953\/revisions"}],"wp:featuredmedia":[{"embeddable":true,"href":"https:\/\/as-schwabe.de\/pl\/wp-json\/wp\/v2\/media\/30417"}],"wp:attachment":[{"href":"https:\/\/as-schwabe.de\/pl\/wp-json\/wp\/v2\/media?parent=30953"}],"wp:term":[{"taxonomy":"product_brand","embeddable":true,"href":"https:\/\/as-schwabe.de\/pl\/wp-json\/wp\/v2\/genre?post=30953"},{"taxonomy":"product_cat","embeddable":true,"href":"https:\/\/as-schwabe.de\/pl\/wp-json\/wp\/v2\/product_cat?post=30953"},{"taxonomy":"product_tag","embeddable":true,"href":"https:\/\/as-schwabe.de\/pl\/wp-json\/wp\/v2\/product_tag?post=30953"}],"curies":[{"name":"wp","href":"https:\/\/api.w.org\/{rel}","templated":true}]}}