{"id":30950,"date":"2025-09-26T23:04:11","date_gmt":"2025-09-26T23:04:11","guid":{"rendered":"https:\/\/as-schwabe.de\/produkt\/przedluzacz-1-gniazdowy-z-wtyczka-kat-h05vv-f-cza-3g15-2-m-50202\/"},"modified":"2025-10-23T00:15:31","modified_gmt":"2025-10-23T00:15:31","slug":"przedluzacz-1-gniazdowy-z-wtyczka-kat-h05vv-f-cza-3g15-2-m-50202","status":"publish","type":"product","link":"https:\/\/as-schwabe.de\/pl\/produkt\/przedluzacz-1-gniazdowy-z-wtyczka-kat-h05vv-f-cza-3g15-2-m-50202\/","title":{"rendered":"Przed\u0142u\u017cacz 1-gniazdowy z wtykiem k\u0105towym 2 m H05VV-F 3G1,5 CZA IP20 | 50202"},"content":{"rendered":"<p>Przed\u0142u\u017cacz 1-gniazdowy z wtykiem k\u0105towym H05VV-F 3G1,5 to idealne rozwi\u0105zanie do skutecznego zasilania urz\u0105dze\u0144 wewn\u0119trznych. Z wtyczk\u0105 k\u0105tow\u0105 o stopniu ochrony IP20, oferuje maksymalne napi\u0119cie 230 V oraz pr\u0105d 16 A, co pozwala na \u0142atwe i bezpieczne pod\u0142\u0105czenie sprz\u0119tu elektrycznego o maksymalnej mocy 3500 W. D\u0142ugo\u015b\u0107 kabla wynosz\u0105ca 2 metry zapewnia du\u017c\u0105 elastyczno\u015b\u0107 w aran\u017cacji przestrzeni, a jedno gniazdo IP20 umo\u017cliwia wygodne pod\u0142\u0105czenie wybranego urz\u0105dzenia. Dzi\u0119ki solidnej konstrukcji oraz wysokiej jako\u015bci materia\u0142om, przed\u0142u\u017cacz ten gwarantuje niezawodno\u015b\u0107 i bezpiecze\u0144stwo u\u017cytkowania w r\u00f3\u017cnych warunkach domowych.<\/p>","protected":false},"excerpt":{"rendered":"<div class=\"icons\" style=\"display: flex; flex-wrap: wrap; gap: 5px; align-items: center; margin-top: 10px;\"><img decoding=\"async\" src=\"https:\/\/as-schwabe.de\/wp-content\/uploads\/ikony\/znak_CE.png\" alt=\"\" width=\"50\" height=\"50\" \/><img decoding=\"async\" src=\"https:\/\/as-schwabe.de\/wp-content\/uploads\/ikony\/znak_IP20.png\" alt=\"\" width=\"50\" height=\"50\" \/><img decoding=\"async\" src=\"https:\/\/as-schwabe.de\/wp-content\/uploads\/ikony\/znak_D.png\" alt=\"\" width=\"50\" height=\"50\" \/><\/div>\n<ul>\n<li>IP20: do u\u017cytku wewn\u0105trz pomieszcze\u0144 <\/li>\n<li>nadaj\u0105 si\u0119 do u\u017cytku w pomieszczeniach zamkni\u0119tych <\/li>\n<li>z wtyczk\u0105 k\u0105tow\u0105 i gniazdem z uziemieniem <\/li>\n<li>230 V, 16 A<\/li>\n<\/ul>","protected":false},"featured_media":30413,"template":"","meta":{"inline_featured_image":false},"genre":[509],"product_cat":[544,567],"product_tag":[],"class_list":{"0":"post-30950","1":"product","2":"type-product","3":"status-publish","4":"has-post-thumbnail","6":"product_brand-as-schwabe-pl","7":"product_cat-przedluzacze-2-pl","8":"product_cat-do-uzytku-wewnatrz-pomieszczen-2-pl","10":"first","11":"instock","12":"shipping-taxable","13":"product-type-simple"},"aioseo_notices":[],"_links":{"self":[{"href":"https:\/\/as-schwabe.de\/pl\/wp-json\/wp\/v2\/product\/30950","targetHints":{"allow":["GET"]}}],"collection":[{"href":"https:\/\/as-schwabe.de\/pl\/wp-json\/wp\/v2\/product"}],"about":[{"href":"https:\/\/as-schwabe.de\/pl\/wp-json\/wp\/v2\/types\/product"}],"version-history":[{"count":0,"href":"https:\/\/as-schwabe.de\/pl\/wp-json\/wp\/v2\/product\/30950\/revisions"}],"wp:featuredmedia":[{"embeddable":true,"href":"https:\/\/as-schwabe.de\/pl\/wp-json\/wp\/v2\/media\/30413"}],"wp:attachment":[{"href":"https:\/\/as-schwabe.de\/pl\/wp-json\/wp\/v2\/media?parent=30950"}],"wp:term":[{"taxonomy":"product_brand","embeddable":true,"href":"https:\/\/as-schwabe.de\/pl\/wp-json\/wp\/v2\/genre?post=30950"},{"taxonomy":"product_cat","embeddable":true,"href":"https:\/\/as-schwabe.de\/pl\/wp-json\/wp\/v2\/product_cat?post=30950"},{"taxonomy":"product_tag","embeddable":true,"href":"https:\/\/as-schwabe.de\/pl\/wp-json\/wp\/v2\/product_tag?post=30950"}],"curies":[{"name":"wp","href":"https:\/\/api.w.org\/{rel}","templated":true}]}}