{"id":30949,"date":"2025-09-26T23:04:10","date_gmt":"2025-09-26T23:04:10","guid":{"rendered":"https:\/\/as-schwabe.de\/produkt\/przedluzacz-1-gniazdowy-z-wtyczka-kat-h05vv-f-bia-3g15-2-m-50201\/"},"modified":"2025-10-23T00:15:31","modified_gmt":"2025-10-23T00:15:31","slug":"przedluzacz-1-gniazdowy-z-wtyczka-kat-h05vv-f-bia-3g15-2-m-50201","status":"publish","type":"product","link":"https:\/\/as-schwabe.de\/pl\/produkt\/przedluzacz-1-gniazdowy-z-wtyczka-kat-h05vv-f-bia-3g15-2-m-50201\/","title":{"rendered":"Przed\u0142u\u017cacz 1-gniazdowy z wtykiem k\u0105towym 2 m H05VV-F 3G1,5 BIA IP20 | 50201"},"content":{"rendered":"<p>Przed\u0142u\u017cacz 1-gniazdowy z wtykiem k\u0105towym H05VV-F 3G1,5 to doskona\u0142e rozwi\u0105zanie dla os\u00f3b poszukuj\u0105cych niezawodnego sposobu na zasilanie urz\u0105dze\u0144 elektrycznych w warunkach domowych. Wyposa\u017cony w wtyczk\u0119 k\u0105tow\u0105 IP20 oraz gniazdo o parametrach 230 V i 16 A, przed\u0142u\u017cacz zapewnia maksymaln\u0105 moc 3500 W, co sprawia, \u017ce idealnie nadaje si\u0119 do pod\u0142\u0105czania sprz\u0119tu o r\u00f3\u017cnorodnych wymaganiach energetycznych. Dzi\u0119ki d\u0142ugo\u015bci 2 metr\u00f3w jest bardzo funkcjonalny i daje mo\u017cliwo\u015b\u0107 swobodnego ustawienia urz\u0105dze\u0144 w pomieszczeniu. Klasa ochrony IP20 oznacza, \u017ce produkt jest przeznaczony do u\u017cytku wewn\u0119trznego, co czyni go odpowiednim wyborem do biur, mieszka\u0144 i innych wn\u0119trz. Niezawodno\u015b\u0107, wygoda u\u017cytkowania oraz przemy\u015blana konstrukcja to tylko niekt\u00f3re z atut\u00f3w tego przed\u0142u\u017cacza, kt\u00f3ry z pewno\u015bci\u0105 sprosta oczekiwaniom nawet najbardziej wymagaj\u0105cych u\u017cytkownik\u00f3w.<\/p>","protected":false},"excerpt":{"rendered":"<div class=\"icons\" style=\"display: flex; flex-wrap: wrap; gap: 5px; align-items: center; margin-top: 10px;\"><img decoding=\"async\" src=\"https:\/\/as-schwabe.de\/wp-content\/uploads\/ikony\/znak_CE.png\" alt=\"\" width=\"50\" height=\"50\" \/><img decoding=\"async\" src=\"https:\/\/as-schwabe.de\/wp-content\/uploads\/ikony\/znak_IP20.png\" alt=\"\" width=\"50\" height=\"50\" \/><img decoding=\"async\" src=\"https:\/\/as-schwabe.de\/wp-content\/uploads\/ikony\/znak_D.png\" alt=\"\" width=\"50\" height=\"50\" \/><\/div>\n<ul>\n<li>IP20: do u\u017cytku wewn\u0105trz pomieszcze\u0144 <\/li>\n<li>nadaj\u0105 si\u0119 do u\u017cytku w pomieszczeniach zamkni\u0119tych <\/li>\n<li>z wtyczk\u0105 k\u0105tow\u0105 i gniazdem z uziemieniem <\/li>\n<li>230 V, 16 A<\/li>\n<\/ul>","protected":false},"featured_media":30410,"template":"","meta":{"inline_featured_image":false},"genre":[509],"product_cat":[544,567],"product_tag":[],"class_list":{"0":"post-30949","1":"product","2":"type-product","3":"status-publish","4":"has-post-thumbnail","6":"product_brand-as-schwabe-pl","7":"product_cat-przedluzacze-2-pl","8":"product_cat-do-uzytku-wewnatrz-pomieszczen-2-pl","10":"first","11":"instock","12":"shipping-taxable","13":"product-type-simple"},"aioseo_notices":[],"_links":{"self":[{"href":"https:\/\/as-schwabe.de\/pl\/wp-json\/wp\/v2\/product\/30949","targetHints":{"allow":["GET"]}}],"collection":[{"href":"https:\/\/as-schwabe.de\/pl\/wp-json\/wp\/v2\/product"}],"about":[{"href":"https:\/\/as-schwabe.de\/pl\/wp-json\/wp\/v2\/types\/product"}],"version-history":[{"count":0,"href":"https:\/\/as-schwabe.de\/pl\/wp-json\/wp\/v2\/product\/30949\/revisions"}],"wp:featuredmedia":[{"embeddable":true,"href":"https:\/\/as-schwabe.de\/pl\/wp-json\/wp\/v2\/media\/30410"}],"wp:attachment":[{"href":"https:\/\/as-schwabe.de\/pl\/wp-json\/wp\/v2\/media?parent=30949"}],"wp:term":[{"taxonomy":"product_brand","embeddable":true,"href":"https:\/\/as-schwabe.de\/pl\/wp-json\/wp\/v2\/genre?post=30949"},{"taxonomy":"product_cat","embeddable":true,"href":"https:\/\/as-schwabe.de\/pl\/wp-json\/wp\/v2\/product_cat?post=30949"},{"taxonomy":"product_tag","embeddable":true,"href":"https:\/\/as-schwabe.de\/pl\/wp-json\/wp\/v2\/product_tag?post=30949"}],"curies":[{"name":"wp","href":"https:\/\/api.w.org\/{rel}","templated":true}]}}