{"id":30942,"date":"2025-09-26T23:04:05","date_gmt":"2025-09-26T23:04:05","guid":{"rendered":"https:\/\/as-schwabe.de\/produkt\/rozgaleznik-wtyczkowy-3-gniazdowy-cza-49112\/"},"modified":"2025-10-23T00:15:28","modified_gmt":"2025-10-23T00:15:28","slug":"rozgaleznik-wtyczkowy-3-gniazdowy-cza-49112","status":"publish","type":"product","link":"https:\/\/as-schwabe.de\/pl\/produkt\/rozgaleznik-wtyczkowy-3-gniazdowy-cza-49112\/","title":{"rendered":"Rozga\u0142\u0119\u017anik wtyczkowy 3-gniazdowy 2+1 CZA | 49112"},"content":{"rendered":"<p>Rozga\u0142\u0119\u017anik wtyczkowy 3-gniazdowy czarny to funkcjonalne rozwi\u0105zanie, kt\u00f3re pozwala na jednoczesne zasilanie kilku urz\u0105dze\u0144 elektrycznych. Wyposa\u017cony w dwa gniazda p\u0142askie Euro 2P oraz jedno gniazdo z uziemieniem 2P+Z, zapewnia bezpiecze\u0144stwo u\u017cytkowania przy maksymalnym obci\u0105\u017ceniu 16 A oraz napi\u0119ciu do 230 V. Produkt przeznaczony jest do u\u017cytku wewn\u0119trznego, co sprawia, \u017ce idealnie sprawdzi si\u0119 w biurze, w domu czy w warsztacie. Klasa szczelno\u015bci IP20 gwarantuje ochron\u0119 przed cia\u0142ami sta\u0142ymi o \u015brednicy powy\u017cej 12,5 mm, co stanowi dodatkowy atut dla os\u00f3b poszukuj\u0105cych niezawodnych rozwi\u0105za\u0144 w codziennym u\u017cytkowaniu. Wybieraj\u0105c nasz rozga\u0142\u0119\u017anik, zyskujesz wygod\u0119 i bezpiecze\u0144stwo w dost\u0119pie do energii elektrycznej tam, gdzie jest to potrzebne.<\/p>","protected":false},"excerpt":{"rendered":"<div class=\"icons\" style=\"display: flex; flex-wrap: wrap; gap: 5px; align-items: center; margin-top: 10px;\"><img decoding=\"async\" src=\"https:\/\/as-schwabe.de\/wp-content\/uploads\/ikony\/znak_SCH.png\" alt=\"\" width=\"45\" height=\"50\" \/><img decoding=\"async\" src=\"https:\/\/as-schwabe.de\/wp-content\/uploads\/ikony\/znak_IP20.png\" alt=\"\" width=\"50\" height=\"50\" \/><img decoding=\"async\" src=\"https:\/\/as-schwabe.de\/wp-content\/uploads\/ikony\/znak_D.png\" alt=\"\" width=\"50\" height=\"50\" \/><\/div>\n<ul>\n<li>por\u0119czny i oszcz\u0119dzaj\u0105cy miejsce <\/li>\n<li>do pod\u0142\u0105czenia 2 wtyczek Euro i wtyczki z uziemieniem do gniazda z uziemieniem <\/li>\n<li>z przes\u0142onami tor\u00f3w pr\u0105dowych <\/li>\n<li>230 V, 16 A, maks. 3500 W<\/li>\n<\/ul>","protected":false},"featured_media":30392,"template":"","meta":{"inline_featured_image":false},"genre":[509],"product_cat":[525,526],"product_tag":[],"class_list":{"0":"post-30942","1":"product","2":"type-product","3":"status-publish","4":"has-post-thumbnail","6":"product_brand-as-schwabe-pl","7":"product_cat-dom-i-ogrod-2-pl","8":"product_cat-przedluzacze-listwowe-i-rozgalezniki-pl","10":"first","11":"instock","12":"shipping-taxable","13":"product-type-simple"},"aioseo_notices":[],"_links":{"self":[{"href":"https:\/\/as-schwabe.de\/pl\/wp-json\/wp\/v2\/product\/30942","targetHints":{"allow":["GET"]}}],"collection":[{"href":"https:\/\/as-schwabe.de\/pl\/wp-json\/wp\/v2\/product"}],"about":[{"href":"https:\/\/as-schwabe.de\/pl\/wp-json\/wp\/v2\/types\/product"}],"version-history":[{"count":0,"href":"https:\/\/as-schwabe.de\/pl\/wp-json\/wp\/v2\/product\/30942\/revisions"}],"wp:featuredmedia":[{"embeddable":true,"href":"https:\/\/as-schwabe.de\/pl\/wp-json\/wp\/v2\/media\/30392"}],"wp:attachment":[{"href":"https:\/\/as-schwabe.de\/pl\/wp-json\/wp\/v2\/media?parent=30942"}],"wp:term":[{"taxonomy":"product_brand","embeddable":true,"href":"https:\/\/as-schwabe.de\/pl\/wp-json\/wp\/v2\/genre?post=30942"},{"taxonomy":"product_cat","embeddable":true,"href":"https:\/\/as-schwabe.de\/pl\/wp-json\/wp\/v2\/product_cat?post=30942"},{"taxonomy":"product_tag","embeddable":true,"href":"https:\/\/as-schwabe.de\/pl\/wp-json\/wp\/v2\/product_tag?post=30942"}],"curies":[{"name":"wp","href":"https:\/\/api.w.org\/{rel}","templated":true}]}}