{"id":30941,"date":"2025-09-26T23:04:05","date_gmt":"2025-09-26T23:04:05","guid":{"rendered":"https:\/\/as-schwabe.de\/produkt\/rozgaleznik-wtyczkowy-3-gniazdowy-bia-49111\/"},"modified":"2025-10-23T00:15:28","modified_gmt":"2025-10-23T00:15:28","slug":"rozgaleznik-wtyczkowy-3-gniazdowy-bia-49111","status":"publish","type":"product","link":"https:\/\/as-schwabe.de\/pl\/produkt\/rozgaleznik-wtyczkowy-3-gniazdowy-bia-49111\/","title":{"rendered":"Rozga\u0142\u0119\u017anik wtyczkowy 3-gniazdowy 2+1 BIA | 49111"},"content":{"rendered":"<p>Rozga\u0142\u0119\u017anik wtyczkowy 3-gniazdowy w kolorze bia\u0142ym to idealne rozwi\u0105zanie dla os\u00f3b szukaj\u0105cych praktycznego sposobu na zasilenie kilku urz\u0105dze\u0144 jednocze\u015bnie. Wyposa\u017cony w dwa gniazda p\u0142askie Euro 2P oraz jedno gniazdo z uziemieniem 2P+Z, umo\u017cliwia pod\u0142\u0105czenie r\u00f3\u017cnorodnych sprz\u0119t\u00f3w elektrycznych, gwarantuj\u0105c jednocze\u015bnie bezpiecze\u0144stwo u\u017cytkowania. Maksymalne obci\u0105\u017cenie wynosz\u0105ce 230 V i 16 A sprawia, \u017ce rozga\u0142\u0119\u017anik sprawdzi si\u0119 w wielu zastosowaniach w domach i biurach. Oznaczenie IP20 wskazuje, \u017ce produkt przeznaczony jest do u\u017cytku wewn\u0119trznego, co zapewnia jego trwa\u0142o\u015b\u0107 i niezawodno\u015b\u0107 w ka\u017cdych warunkach. Wybieraj\u0105c nasz rozga\u0142\u0119\u017anik, zyskujesz funkcjonalne wsparcie w codziennym korzystaniu z energii elektrycznej.<\/p>","protected":false},"excerpt":{"rendered":"<div class=\"icons\" style=\"display: flex; flex-wrap: wrap; gap: 5px; align-items: center; margin-top: 10px;\"><img decoding=\"async\" src=\"https:\/\/as-schwabe.de\/wp-content\/uploads\/ikony\/znak_SCH.png\" alt=\"\" width=\"45\" height=\"50\" \/><img decoding=\"async\" src=\"https:\/\/as-schwabe.de\/wp-content\/uploads\/ikony\/znak_IP20.png\" alt=\"\" width=\"50\" height=\"50\" \/><img decoding=\"async\" src=\"https:\/\/as-schwabe.de\/wp-content\/uploads\/ikony\/znak_D.png\" alt=\"\" width=\"50\" height=\"50\" \/><\/div>\n<ul>\n<li>por\u0119czny i oszcz\u0119dzaj\u0105cy miejsce <\/li>\n<li>do pod\u0142\u0105czenia 2 wtyczek Euro i wtyczki z uziemieniem do gniazda z uziemieniem <\/li>\n<li>z przes\u0142onami tor\u00f3w pr\u0105dowych <\/li>\n<li>230 V, 16 A, maks. 3500 W<\/li>\n<\/ul>","protected":false},"featured_media":30386,"template":"","meta":{"inline_featured_image":false},"genre":[509],"product_cat":[525,526],"product_tag":[],"class_list":{"0":"post-30941","1":"product","2":"type-product","3":"status-publish","4":"has-post-thumbnail","6":"product_brand-as-schwabe-pl","7":"product_cat-dom-i-ogrod-2-pl","8":"product_cat-przedluzacze-listwowe-i-rozgalezniki-pl","10":"first","11":"instock","12":"shipping-taxable","13":"product-type-simple"},"aioseo_notices":[],"_links":{"self":[{"href":"https:\/\/as-schwabe.de\/pl\/wp-json\/wp\/v2\/product\/30941","targetHints":{"allow":["GET"]}}],"collection":[{"href":"https:\/\/as-schwabe.de\/pl\/wp-json\/wp\/v2\/product"}],"about":[{"href":"https:\/\/as-schwabe.de\/pl\/wp-json\/wp\/v2\/types\/product"}],"version-history":[{"count":0,"href":"https:\/\/as-schwabe.de\/pl\/wp-json\/wp\/v2\/product\/30941\/revisions"}],"wp:featuredmedia":[{"embeddable":true,"href":"https:\/\/as-schwabe.de\/pl\/wp-json\/wp\/v2\/media\/30386"}],"wp:attachment":[{"href":"https:\/\/as-schwabe.de\/pl\/wp-json\/wp\/v2\/media?parent=30941"}],"wp:term":[{"taxonomy":"product_brand","embeddable":true,"href":"https:\/\/as-schwabe.de\/pl\/wp-json\/wp\/v2\/genre?post=30941"},{"taxonomy":"product_cat","embeddable":true,"href":"https:\/\/as-schwabe.de\/pl\/wp-json\/wp\/v2\/product_cat?post=30941"},{"taxonomy":"product_tag","embeddable":true,"href":"https:\/\/as-schwabe.de\/pl\/wp-json\/wp\/v2\/product_tag?post=30941"}],"curies":[{"name":"wp","href":"https:\/\/api.w.org\/{rel}","templated":true}]}}