{"id":30940,"date":"2025-09-26T23:04:04","date_gmt":"2025-09-26T23:04:04","guid":{"rendered":"https:\/\/as-schwabe.de\/produkt\/nawijak-kablowy-do-przedluzaczy-48709\/"},"modified":"2025-10-23T00:15:26","modified_gmt":"2025-10-23T00:15:26","slug":"nawijak-kablowy-do-przedluzaczy-48709","status":"publish","type":"product","link":"https:\/\/as-schwabe.de\/pl\/produkt\/nawijak-kablowy-do-przedluzaczy-48709\/","title":{"rendered":"Nawijak kablowy do przed\u0142u\u017caczy | 48709"},"content":{"rendered":"<p>Nawijak kablowy do przed\u0142u\u017caczy w kolorze niebieskim to idealne rozwi\u0105zanie dla os\u00f3b ceni\u0105cych porz\u0105dek i funkcjonalno\u015b\u0107 w swoim otoczeniu. Przeznaczony do przechowywania przed\u0142u\u017caczy o maksymalnej d\u0142ugo\u015bci 15 m i przekroju 3G2,5, zapewnia wygodne nawijanie i demontowanie kabli, co znacz\u0105co u\u0142atwia ich u\u017cytkowanie. Wyposa\u017cony w wieszak oraz miejsce z uchwytem, umo\u017cliwia przechowywanie r\u00f3\u017cnych typ\u00f3w wtyczek, co sprawia, \u017ce jest niezwykle wszechstronny. Ten nawijak to nie tylko praktyczne rozwi\u0105zanie, ale tak\u017ce spos\u00f3b na zminimalizowanie ryzyka pl\u0105tania si\u0119 kabli, co przyczynia si\u0119 do zwi\u0119kszenia bezpiecze\u0144stwa w miejscu pracy lub w domu. Doskona\u0142y dla profesjonalist\u00f3w oraz majsterkowicz\u00f3w, kt\u00f3rzy poszukuj\u0105 efektywnego systemu organizacji kabli.<\/p>","protected":false},"excerpt":{"rendered":"<div class=\"icons\" style=\"display: flex; flex-wrap: wrap; gap: 5px; align-items: center; margin-top: 10px;\"><img decoding=\"async\" src=\"https:\/\/as-schwabe.de\/wp-content\/uploads\/ikony\/znak_CE.png\" alt=\"\" width=\"50\" height=\"50\" \/><img decoding=\"async\" src=\"https:\/\/as-schwabe.de\/wp-content\/uploads\/ikony\/znak_Z.png\" alt=\"\" width=\"50\" height=\"50\" \/><img decoding=\"async\" src=\"https:\/\/as-schwabe.de\/wp-content\/uploads\/ikony\/znak_D.png\" alt=\"\" width=\"50\" height=\"50\" \/><\/div>\n<ul>\n<li>por\u0119czny pomocnik do r\u0119cznie zwijanych przed\u0142u\u017caczy i adapter\u00f3w kablowych <\/li>\n<li>do przewodu neoprenowego o d\u0142ugo\u015bci maks. 15 m H07RN-F 3G2,5 lub pomara\u0144czowego przewodu poliuretanowego H07BQ-F 3G2,5 <\/li>\n<li>z dwoma praktycznymi oczkami do zawieszenia np. na \u015bcianie <\/li>\n<li>zawiera miejsce, uchwyt dla najcz\u0119\u015bciej u\u017cywanych wtyczek, np. wtyczki z uziemieniem i wtyczki CEE 230 V<\/li>\n<\/ul>","protected":false},"featured_media":30380,"template":"","meta":{"inline_featured_image":false},"genre":[509],"product_cat":[515,566],"product_tag":[],"class_list":{"0":"post-30940","1":"product","2":"type-product","3":"status-publish","4":"has-post-thumbnail","6":"product_brand-as-schwabe-pl","7":"product_cat-kemping-i-caravaning-pl","8":"product_cat-akcesoria-kempingowe-2-pl","10":"first","11":"instock","12":"shipping-taxable","13":"product-type-simple"},"aioseo_notices":[],"_links":{"self":[{"href":"https:\/\/as-schwabe.de\/pl\/wp-json\/wp\/v2\/product\/30940","targetHints":{"allow":["GET"]}}],"collection":[{"href":"https:\/\/as-schwabe.de\/pl\/wp-json\/wp\/v2\/product"}],"about":[{"href":"https:\/\/as-schwabe.de\/pl\/wp-json\/wp\/v2\/types\/product"}],"version-history":[{"count":0,"href":"https:\/\/as-schwabe.de\/pl\/wp-json\/wp\/v2\/product\/30940\/revisions"}],"wp:featuredmedia":[{"embeddable":true,"href":"https:\/\/as-schwabe.de\/pl\/wp-json\/wp\/v2\/media\/30380"}],"wp:attachment":[{"href":"https:\/\/as-schwabe.de\/pl\/wp-json\/wp\/v2\/media?parent=30940"}],"wp:term":[{"taxonomy":"product_brand","embeddable":true,"href":"https:\/\/as-schwabe.de\/pl\/wp-json\/wp\/v2\/genre?post=30940"},{"taxonomy":"product_cat","embeddable":true,"href":"https:\/\/as-schwabe.de\/pl\/wp-json\/wp\/v2\/product_cat?post=30940"},{"taxonomy":"product_tag","embeddable":true,"href":"https:\/\/as-schwabe.de\/pl\/wp-json\/wp\/v2\/product_tag?post=30940"}],"curies":[{"name":"wp","href":"https:\/\/api.w.org\/{rel}","templated":true}]}}