{"id":30938,"date":"2025-09-26T23:04:02","date_gmt":"2025-09-26T23:04:02","guid":{"rendered":"https:\/\/as-schwabe.de\/produkt\/kabel-box-cze-48707\/"},"modified":"2025-10-23T00:15:25","modified_gmt":"2025-10-23T00:15:25","slug":"skrzynka-kablowa-cze-48707","status":"publish","type":"product","link":"https:\/\/as-schwabe.de\/pl\/produkt\/skrzynka-kablowa-cze-48707\/","title":{"rendered":"Cable BOX CZE | 48707"},"content":{"rendered":"<p>Kabel BOX czerwony to innowacyjne rozwi\u0105zanie zabezpieczaj\u0105ce po\u0142\u0105czenia wtyk\u00f3w i gniazd 230 V o nat\u0119\u017ceniu 16 A, 2P+Z. Jego wytrzyma\u0142a obudowa wykonana z tworzywa sztucznego zapewnia wysok\u0105 odporno\u015b\u0107 na warunki atmosferyczne oraz uszkodzenia mechaniczne, co czyni go idealnym do u\u017cytku na zewn\u0105trz i w trudnych warunkach budowlanych. Dzi\u0119ki klasie ochrony IP44, kabel skutecznie chroni przed kurzem oraz wod\u0105, zapewniaj\u0105c d\u0142ugotrwa\u0142\u0105 i bezpieczn\u0105 eksploatacj\u0119. W zestawie znajduje si\u0119 tak\u017ce praktyczny hak do zawieszania, co u\u0142atwia organizacj\u0119 przestrzeni roboczej. Kabel BOX to niezawodne rozwi\u0105zanie dla profesjonalist\u00f3w, kt\u00f3rzy ceni\u0105 sobie zar\u00f3wno jako\u015b\u0107, jak i funkcjonalno\u015b\u0107.<\/p>","protected":false},"excerpt":{"rendered":"<div class=\"icons\" style=\"display: flex; flex-wrap: wrap; gap: 5px; align-items: center; margin-top: 10px;\"><img decoding=\"async\" src=\"https:\/\/as-schwabe.de\/wp-content\/uploads\/ikony\/znak_CE.png\" alt=\"\" width=\"50\" height=\"50\" \/><img decoding=\"async\" src=\"https:\/\/as-schwabe.de\/wp-content\/uploads\/ikony\/znak_IP44.png\" alt=\"\" width=\"50\" height=\"50\" \/><img decoding=\"async\" src=\"https:\/\/as-schwabe.de\/wp-content\/uploads\/ikony\/znak_Z.png\" alt=\"\" width=\"50\" height=\"50\" \/><img loading=\"lazy\" decoding=\"async\" src=\"https:\/\/as-schwabe.de\/wp-content\/uploads\/ikony\/znak_D.png\" alt=\"\" width=\"50\" height=\"50\" \/><\/div>\n<ul>\n<li>niezawodna ochrona przed uderzeniami oraz zalaniem wtyczek i gniazd <\/li>\n<li>nadaje si\u0119 do kabli o maksymalnej \u015brednicy 9 mm <\/li>\n<li>idealny do zastosowa\u0144 zewn\u0119trznych <\/li>\n<li>uniemo\u017cliwia przypadkowe roz\u0142\u0105czenie wtyczki i gniazda<\/li>\n<li> bryzgoszczelna obudowa zapobiega zwarciom <\/li>\n<li>wytrzyma\u0142y i odporny na uderzenia materia\u0142 zapewnia d\u0142ug\u0105 \u017cywotno\u015b\u0107, nawet przy intensywnym u\u017cytkowaniu <\/li>\n<li>idealny do stosowania w ogrodzie <\/li>\n<li>z praktycznym haczykiem do zawieszania, kt\u00f3ry u\u0142atwia przechowywanie <\/li>\n<li>dzi\u0119ki wewn\u0119trznej blokadzie zapadkowej mo\u017cna dostosowa\u0107 obudow\u0119 do wielko\u015bci wtyczki i gniazda <\/li>\n<li>IPX4: bryzgoszczelny<\/li>\n<\/ul>","protected":false},"featured_media":30379,"template":"","meta":{"inline_featured_image":false},"genre":[509],"product_cat":[544,565],"product_tag":[],"class_list":{"0":"post-30938","1":"product","2":"type-product","3":"status-publish","4":"has-post-thumbnail","6":"product_brand-as-schwabe-pl","7":"product_cat-przedluzacze-2-pl","8":"product_cat-kabel-box-pl","10":"first","11":"instock","12":"shipping-taxable","13":"product-type-simple"},"aioseo_notices":[],"_links":{"self":[{"href":"https:\/\/as-schwabe.de\/pl\/wp-json\/wp\/v2\/product\/30938","targetHints":{"allow":["GET"]}}],"collection":[{"href":"https:\/\/as-schwabe.de\/pl\/wp-json\/wp\/v2\/product"}],"about":[{"href":"https:\/\/as-schwabe.de\/pl\/wp-json\/wp\/v2\/types\/product"}],"version-history":[{"count":0,"href":"https:\/\/as-schwabe.de\/pl\/wp-json\/wp\/v2\/product\/30938\/revisions"}],"wp:featuredmedia":[{"embeddable":true,"href":"https:\/\/as-schwabe.de\/pl\/wp-json\/wp\/v2\/media\/30379"}],"wp:attachment":[{"href":"https:\/\/as-schwabe.de\/pl\/wp-json\/wp\/v2\/media?parent=30938"}],"wp:term":[{"taxonomy":"product_brand","embeddable":true,"href":"https:\/\/as-schwabe.de\/pl\/wp-json\/wp\/v2\/genre?post=30938"},{"taxonomy":"product_cat","embeddable":true,"href":"https:\/\/as-schwabe.de\/pl\/wp-json\/wp\/v2\/product_cat?post=30938"},{"taxonomy":"product_tag","embeddable":true,"href":"https:\/\/as-schwabe.de\/pl\/wp-json\/wp\/v2\/product_tag?post=30938"}],"curies":[{"name":"wp","href":"https:\/\/api.w.org\/{rel}","templated":true}]}}