{"id":30937,"date":"2025-09-26T23:04:02","date_gmt":"2025-09-26T23:04:02","guid":{"rendered":"https:\/\/as-schwabe.de\/produkt\/rozgaleznik-wtyczkowy-4-gniazdowy-cza-48412\/"},"modified":"2025-10-23T00:15:25","modified_gmt":"2025-10-23T00:15:25","slug":"rozgaleznik-wtyczkowy-4-gniazdowy-cza-48412","status":"publish","type":"product","link":"https:\/\/as-schwabe.de\/pl\/produkt\/rozgaleznik-wtyczkowy-4-gniazdowy-cza-48412\/","title":{"rendered":"Rozga\u0142\u0119\u017anik wtyczkowy 4-gniazdowy CZA | 48412"},"content":{"rendered":"<p>Rozga\u0142\u0119\u017anik wtyczkowy 4-gniazdowy w kolorze czarnym to doskona\u0142e rozwi\u0105zanie dla os\u00f3b potrzebuj\u0105cych wygodnego dost\u0119pu do zasilania w r\u00f3\u017cnych pomieszczeniach. Wyposa\u017cony w cztery gniazda p\u0142askie Euro 2P, umo\u017cliwia pod\u0142\u0105czenie wielu urz\u0105dze\u0144 jednocze\u015bnie, zapewniaj\u0105c maksymalne napi\u0119cie 230 V i pr\u0105d do 16 A. Dzi\u0119ki stopniowi ochrony IP20, produkt jest przeznaczony do u\u017cytku wewn\u0119trznego, co czyni go idealnym wyborem do biur, mieszka\u0144 czy warsztat\u00f3w. Jego kompaktowa budowa oraz nowoczesny design sprawiaj\u0105, \u017ce doskonale wpasuje si\u0119 w ka\u017cd\u0105 aran\u017cacj\u0119 wn\u0119trza, a wysoka jako\u015b\u0107 wykonania zapewnia niezawodno\u015b\u0107 i trwa\u0142o\u015b\u0107 u\u017cytkowania.<\/p>","protected":false},"excerpt":{"rendered":"<div class=\"icons\" style=\"display: flex; flex-wrap: wrap; gap: 5px; align-items: center; margin-top: 10px;\"><img decoding=\"async\" src=\"https:\/\/as-schwabe.de\/wp-content\/uploads\/ikony\/znak_IP20.png\" alt=\"\" width=\"50\" height=\"50\" \/><img decoding=\"async\" src=\"https:\/\/as-schwabe.de\/wp-content\/uploads\/ikony\/znak_D.png\" alt=\"\" width=\"50\" height=\"50\" \/><\/div>\n<ul>\n<li>por\u0119czny i oszcz\u0119dzaj\u0105cy miejsce <\/li>\n<li>do pod\u0142\u0105czenia 4 wtyczek Euro do gniazda z uziemieniem <\/li>\n<li>z przes\u0142onami tor\u00f3w pr\u0105dowych <\/li>\n<li>230 V, 16 A<\/li>\n<\/ul>","protected":false},"featured_media":30370,"template":"","meta":{"inline_featured_image":false},"genre":[509],"product_cat":[525,526],"product_tag":[],"class_list":{"0":"post-30937","1":"product","2":"type-product","3":"status-publish","4":"has-post-thumbnail","6":"product_brand-as-schwabe-pl","7":"product_cat-dom-i-ogrod-2-pl","8":"product_cat-przedluzacze-listwowe-i-rozgalezniki-pl","10":"first","11":"instock","12":"shipping-taxable","13":"product-type-simple"},"aioseo_notices":[],"_links":{"self":[{"href":"https:\/\/as-schwabe.de\/pl\/wp-json\/wp\/v2\/product\/30937","targetHints":{"allow":["GET"]}}],"collection":[{"href":"https:\/\/as-schwabe.de\/pl\/wp-json\/wp\/v2\/product"}],"about":[{"href":"https:\/\/as-schwabe.de\/pl\/wp-json\/wp\/v2\/types\/product"}],"version-history":[{"count":0,"href":"https:\/\/as-schwabe.de\/pl\/wp-json\/wp\/v2\/product\/30937\/revisions"}],"wp:featuredmedia":[{"embeddable":true,"href":"https:\/\/as-schwabe.de\/pl\/wp-json\/wp\/v2\/media\/30370"}],"wp:attachment":[{"href":"https:\/\/as-schwabe.de\/pl\/wp-json\/wp\/v2\/media?parent=30937"}],"wp:term":[{"taxonomy":"product_brand","embeddable":true,"href":"https:\/\/as-schwabe.de\/pl\/wp-json\/wp\/v2\/genre?post=30937"},{"taxonomy":"product_cat","embeddable":true,"href":"https:\/\/as-schwabe.de\/pl\/wp-json\/wp\/v2\/product_cat?post=30937"},{"taxonomy":"product_tag","embeddable":true,"href":"https:\/\/as-schwabe.de\/pl\/wp-json\/wp\/v2\/product_tag?post=30937"}],"curies":[{"name":"wp","href":"https:\/\/api.w.org\/{rel}","templated":true}]}}