{"id":30934,"date":"2025-09-26T23:04:00","date_gmt":"2025-09-26T23:04:00","guid":{"rendered":"https:\/\/as-schwabe.de\/produkt\/rozgaleznik-wtyczkowy-2-gniazdowy-bia-48211\/"},"modified":"2025-10-23T00:15:24","modified_gmt":"2025-10-23T00:15:24","slug":"rozgaleznik-wtyczkowy-2-gniazdowy-bia-48211","status":"publish","type":"product","link":"https:\/\/as-schwabe.de\/pl\/produkt\/rozgaleznik-wtyczkowy-2-gniazdowy-bia-48211\/","title":{"rendered":"Rozga\u0142\u0119\u017anik wtyczkowy 2-gniazdowy BIA | 48211"},"content":{"rendered":"<p>Rozga\u0142\u0119\u017anik wtyczkowy 2-gniazdowy w kolorze bia\u0142ym to doskona\u0142e rozwi\u0105zanie do zasilania kilku urz\u0105dze\u0144 elektrycznych jednocze\u015bnie. Posiada dwa gniazda p\u0142askie Euro 2P, co zapewnia wygod\u0119 w u\u017cytkowaniu i wysok\u0105 kompatybilno\u015b\u0107 z szerok\u0105 gam\u0105 wtyczek. Oferuje maksymalne napi\u0119cie 230 V i nat\u0119\u017cenie 16 A, co sprawia, \u017ce jest idealny do zastosowa\u0144 wewn\u0119trznych. Dzi\u0119ki klasie ochrony IP20, rozga\u0142\u0119\u017anik przeznaczony jest do u\u017cycia w pomieszczeniach, co zapewnia bezpiecze\u0144stwo u\u017cytkowania w ka\u017cdym wn\u0119trzu. Jego kompaktowy design oraz funkcjonalno\u015b\u0107 czyni\u0105 go niezb\u0119dnym akcesorium w ka\u017cdym biurze i domu.<\/p>","protected":false},"excerpt":{"rendered":"<div class=\"icons\" style=\"display: flex; flex-wrap: wrap; gap: 5px; align-items: center; margin-top: 10px;\"><img decoding=\"async\" src=\"https:\/\/as-schwabe.de\/wp-content\/uploads\/ikony\/znak_IP20.png\" alt=\"\" width=\"50\" height=\"50\" \/><img decoding=\"async\" src=\"https:\/\/as-schwabe.de\/wp-content\/uploads\/ikony\/znak_D.png\" alt=\"\" width=\"50\" height=\"50\" \/><\/div>\n<ul>\n<li>por\u0119czny i oszcz\u0119dzaj\u0105cy miejsce <\/li>\n<li>do pod\u0142\u0105czenia 2 wtyczek Euro do gniazda z uziemieniem <\/li>\n<li>z przes\u0142onami tor\u00f3w pr\u0105dowych <\/li>\n<li>230 V, 16 A<\/li>\n<\/ul>","protected":false},"featured_media":30359,"template":"","meta":{"inline_featured_image":false},"genre":[509],"product_cat":[525,526],"product_tag":[],"class_list":{"0":"post-30934","1":"product","2":"type-product","3":"status-publish","4":"has-post-thumbnail","6":"product_brand-as-schwabe-pl","7":"product_cat-dom-i-ogrod-2-pl","8":"product_cat-przedluzacze-listwowe-i-rozgalezniki-pl","10":"first","11":"instock","12":"shipping-taxable","13":"product-type-simple"},"aioseo_notices":[],"_links":{"self":[{"href":"https:\/\/as-schwabe.de\/pl\/wp-json\/wp\/v2\/product\/30934","targetHints":{"allow":["GET"]}}],"collection":[{"href":"https:\/\/as-schwabe.de\/pl\/wp-json\/wp\/v2\/product"}],"about":[{"href":"https:\/\/as-schwabe.de\/pl\/wp-json\/wp\/v2\/types\/product"}],"version-history":[{"count":0,"href":"https:\/\/as-schwabe.de\/pl\/wp-json\/wp\/v2\/product\/30934\/revisions"}],"wp:featuredmedia":[{"embeddable":true,"href":"https:\/\/as-schwabe.de\/pl\/wp-json\/wp\/v2\/media\/30359"}],"wp:attachment":[{"href":"https:\/\/as-schwabe.de\/pl\/wp-json\/wp\/v2\/media?parent=30934"}],"wp:term":[{"taxonomy":"product_brand","embeddable":true,"href":"https:\/\/as-schwabe.de\/pl\/wp-json\/wp\/v2\/genre?post=30934"},{"taxonomy":"product_cat","embeddable":true,"href":"https:\/\/as-schwabe.de\/pl\/wp-json\/wp\/v2\/product_cat?post=30934"},{"taxonomy":"product_tag","embeddable":true,"href":"https:\/\/as-schwabe.de\/pl\/wp-json\/wp\/v2\/product_tag?post=30934"}],"curies":[{"name":"wp","href":"https:\/\/api.w.org\/{rel}","templated":true}]}}