{"id":30933,"date":"2025-09-26T23:03:59","date_gmt":"2025-09-26T23:03:59","guid":{"rendered":"https:\/\/as-schwabe.de\/produkt\/lampa-robocza-reczna-47250\/"},"modified":"2025-10-23T00:15:23","modified_gmt":"2025-10-23T00:15:23","slug":"lampa-robocza-reczna-47250","status":"publish","type":"product","link":"https:\/\/as-schwabe.de\/pl\/produkt\/lampa-robocza-reczna-47250\/","title":{"rendered":"Lampa robocza r\u0119czna | 47250"},"content":{"rendered":"<p>Lampa robocza r\u0119czna to doskona\u0142e rozwi\u0105zanie dla profesjonalist\u00f3w i majsterkowicz\u00f3w, kt\u00f3rzy potrzebuj\u0105 niezawodnego \u017ar\u00f3d\u0142a \u015bwiat\u0142a w trudnych warunkach. Wyposa\u017cona w przew\u00f3d zasilaj\u0105cy z wtyczk\u0105 IP44 oraz gumowy uchwyt, zapewnia wygod\u0119 u\u017cytkowania i odporno\u015b\u0107 na dzia\u0142anie wilgoci. Ocynkowany kosz ochronny oraz pier\u015bcie\u0144 amortyzuj\u0105cy chroni\u0105 lamp\u0119 przed uszkodzeniem, co zwi\u0119ksza jej trwa\u0142o\u015b\u0107. Gniazdo E27 umo\u017cliwia zastosowanie \u017car\u00f3wek o mocy do 100 W oraz d\u0142ugo\u015bci do 130 mm i szeroko\u015bci do 50 mm, co daje u\u017cytkownikowi mo\u017cliwo\u015b\u0107 dostosowania o\u015bwietlenia do indywidualnych potrzeb. Idealna do prac w warsztatach, na budowach oraz w trudnych warunkach zewn\u0119trznych, lampa ta \u0142\u0105czy funkcjonalno\u015b\u0107 z bezpiecze\u0144stwem.<\/p>","protected":false},"excerpt":{"rendered":"<div class=\"icons\" style=\"display: flex; flex-wrap: wrap; gap: 5px; align-items: center; margin-top: 10px;\"><img decoding=\"async\" src=\"https:\/\/as-schwabe.de\/wp-content\/uploads\/ikony\/znak_CE.png\" alt=\"\" width=\"50\" height=\"50\" \/><img decoding=\"async\" src=\"https:\/\/as-schwabe.de\/wp-content\/uploads\/ikony\/znak_IP54.png\" alt=\"\" width=\"50\" height=\"50\" \/><img decoding=\"async\" src=\"https:\/\/as-schwabe.de\/wp-content\/uploads\/ikony\/znak_D.png\" alt=\"\" width=\"50\" height=\"50\" \/><\/div>\n<ul>\n<li>230 V, 16 A <\/li>\n<li>IP20: do u\u017cytku w pomieszczeniach <\/li>\n<li>z gumowym uchwytem, ocynkowanym koszem ochronnym i kloszem ochronnym <\/li>\n<li>z pier\u015bcieniem amortyzuj\u0105cym <\/li>\n<li>bez \u017car\u00f3wki <\/li>\n<li>nadaje si\u0119 do \u017car\u00f3wek o d\u0142ugo\u015bci ca\u0142kowitej do 130 mm i maksymalnej szeroko\u015bci 50 mm <\/li>\n<li>gniazdo E27, maks. 100 W <\/li>\n<li>5 m przew\u00f3d neoprenowy H05RN-F 2\u00d71,0<\/li>\n<\/ul>","protected":false},"featured_media":30360,"template":"","meta":{"inline_featured_image":false},"genre":[509],"product_cat":[547],"product_tag":[],"class_list":{"0":"post-30933","1":"product","2":"type-product","3":"status-publish","4":"has-post-thumbnail","6":"product_brand-as-schwabe-pl","7":"product_cat-oswietlenie-2-pl","9":"first","10":"instock","11":"shipping-taxable","12":"product-type-simple"},"aioseo_notices":[],"_links":{"self":[{"href":"https:\/\/as-schwabe.de\/pl\/wp-json\/wp\/v2\/product\/30933","targetHints":{"allow":["GET"]}}],"collection":[{"href":"https:\/\/as-schwabe.de\/pl\/wp-json\/wp\/v2\/product"}],"about":[{"href":"https:\/\/as-schwabe.de\/pl\/wp-json\/wp\/v2\/types\/product"}],"version-history":[{"count":0,"href":"https:\/\/as-schwabe.de\/pl\/wp-json\/wp\/v2\/product\/30933\/revisions"}],"wp:featuredmedia":[{"embeddable":true,"href":"https:\/\/as-schwabe.de\/pl\/wp-json\/wp\/v2\/media\/30360"}],"wp:attachment":[{"href":"https:\/\/as-schwabe.de\/pl\/wp-json\/wp\/v2\/media?parent=30933"}],"wp:term":[{"taxonomy":"product_brand","embeddable":true,"href":"https:\/\/as-schwabe.de\/pl\/wp-json\/wp\/v2\/genre?post=30933"},{"taxonomy":"product_cat","embeddable":true,"href":"https:\/\/as-schwabe.de\/pl\/wp-json\/wp\/v2\/product_cat?post=30933"},{"taxonomy":"product_tag","embeddable":true,"href":"https:\/\/as-schwabe.de\/pl\/wp-json\/wp\/v2\/product_tag?post=30933"}],"curies":[{"name":"wp","href":"https:\/\/api.w.org\/{rel}","templated":true}]}}